{"id":464,"date":"2023-12-06T13:17:02","date_gmt":"2023-12-06T12:17:02","guid":{"rendered":"https:\/\/asmiguinasdocebreiro.com\/?page_id=464"},"modified":"2023-12-06T13:17:42","modified_gmt":"2023-12-06T12:17:42","slug":"declaracion-accesibilidad","status":"publish","type":"page","link":"https:\/\/asmiguinasdocebreiro.com\/fr\/declaracion-accesibilidad\/","title":{"rendered":"Declaraci\u00f3n Accesibilidad"},"content":{"rendered":"<p>[et_pb_section fb_built=\u00bb1&#8243; _builder_version=\u00bb4.16&#8243; global_colors_info=\u00bb{}\u00bb theme_builder_area=\u00bbpost_content\u00bb][et_pb_row _builder_version=\u00bb4.16&#8243; background_size=\u00bbinitial\u00bb background_position=\u00bbtop_left\u00bb background_repeat=\u00bbrepeat\u00bb global_colors_info=\u00bb{}\u00bb theme_builder_area=\u00bbpost_content\u00bb][et_pb_column type=\u00bb4_4&#8243; _builder_version=\u00bb4.16&#8243; custom_padding=\u00bb|||\u00bb global_colors_info=\u00bb{}\u00bb custom_padding__hover=\u00bb|||\u00bb theme_builder_area=\u00bbpost_content\u00bb][et_pb_text _builder_version=\u00bb4.23.1&#8243; text_font_size=\u00bb0.9rem\u00bb header_font_size=\u00bb3rem\u00bb header_line_height=\u00bb1.5em\u00bb header_2_font_size=\u00bb2rem\u00bb header_2_line_height=\u00bb1.5em\u00bb header_3_font_size=\u00bb1.6rem\u00bb header_3_line_height=\u00bb1.5em\u00bb header_4_font_size=\u00bb1.8rem\u00bb header_4_line_height=\u00bb1.5em\u00bb header_5_font_size=\u00bb1.5rem\u00bb header_5_line_height=\u00bb1.5em\u00bb header_6_font_size=\u00bb1.2px\u00bb header_6_line_height=\u00bb1.5em\u00bb background_size=\u00bbinitial\u00bb background_position=\u00bbtop_left\u00bb background_repeat=\u00bbrepeat\u00bb hover_enabled=\u00bb0&#8243; global_colors_info=\u00bb{}\u00bb theme_builder_area=\u00bbpost_content\u00bb sticky_enabled=\u00bb0&#8243;]<\/p>\n<h1 style=\"text-align: center;\">D\u00e9claration d'accessibilit\u00e9<\/h1>\n<p>[\/et_pb_text][et_pb_code _builder_version=\u00bb4.23.1&#8243; _module_preset=\u00bbdefault\u00bb theme_builder_area=\u00bbpost_content\u00bb hover_enabled=\u00bb0&#8243; sticky_enabled=\u00bb0&#8243;]<!-- [et_pb_line_break_holder] --><!DOCTYPE html><!-- [et_pb_line_break_holder] --><html lang=\"es\"><!-- [et_pb_line_break_holder] -->    <head><!-- [et_pb_line_break_holder] -->        <\/p>\n<style><!-- [et_pb_line_break_holder] -->            #contenido-principal *{<!-- [et_pb_line_break_holder] -->                line-height: 1.5<!-- [et_pb_line_break_holder] -->            }<!-- [et_pb_line_break_holder] -->            table.w50 td {<!-- [et_pb_line_break_holder] -->                width: 50%;<!-- [et_pb_line_break_holder] -->            }<!-- [et_pb_line_break_holder] --><!-- [et_pb_line_break_holder] -->            table {<!-- [et_pb_line_break_holder] -->                width: 100%;<!-- [et_pb_line_break_holder] -->                margin-bottom: 36px;<!-- [et_pb_line_break_holder] -->            }<!-- [et_pb_line_break_holder] --><!-- [et_pb_line_break_holder] -->            table caption {<!-- [et_pb_line_break_holder] -->                background: #F1F3F4;<!-- [et_pb_line_break_holder] -->                text-align: left;<!-- [et_pb_line_break_holder] -->                font-weight: bold;<!-- [et_pb_line_break_holder] -->                padding: 4px 8px;<!-- [et_pb_line_break_holder] -->            }<!-- [et_pb_line_break_holder] --><!-- [et_pb_line_break_holder] -->            table thead {<!-- [et_pb_line_break_holder] -->                background: #F1F3F4;<!-- [et_pb_line_break_holder] -->            }<!-- [et_pb_line_break_holder] --><!-- [et_pb_line_break_holder] -->            table thead td {<!-- [et_pb_line_break_holder] -->                font-weight: bold;<!-- [et_pb_line_break_holder] -->                padding: 4px 8px;<!-- [et_pb_line_break_holder] -->            }<!-- [et_pb_line_break_holder] --><!-- [et_pb_line_break_holder] -->            table tbody td {<!-- [et_pb_line_break_holder] -->                border-bottom: 1px solid #F1F3F4;<!-- [et_pb_line_break_holder] -->                line-height: 1.5;<!-- [et_pb_line_break_holder] -->                padding: 4px 8px;<!-- [et_pb_line_break_holder] -->            }<!-- [et_pb_line_break_holder] --><!-- [et_pb_line_break_holder] -->            @media only screen and (max-width: 600px) {<!-- [et_pb_line_break_holder] -->                table {<!-- [et_pb_line_break_holder] -->                    display: block;<!-- [et_pb_line_break_holder] -->                }<!-- [et_pb_line_break_holder] -->                table thead, table tbody, table tr, table th {<!-- [et_pb_line_break_holder] -->                    display: block;<!-- [et_pb_line_break_holder] -->                    width: 100% !important;<!-- [et_pb_line_break_holder] -->                }<!-- [et_pb_line_break_holder] -->                table td {<!-- [et_pb_line_break_holder] -->                    display: block;<!-- [et_pb_line_break_holder] -->                    width: 100% !important;<!-- [et_pb_line_break_holder] -->                    word-break: break-all;<!-- [et_pb_line_break_holder] -->                }<!-- [et_pb_line_break_holder] -->                table td:last-child:not(:first-child) {<!-- [et_pb_line_break_holder] -->                    border-bottom: 5px solid #F1F3F4;<!-- [et_pb_line_break_holder] -->                }<!-- [et_pb_line_break_holder] -->            }<!-- [et_pb_line_break_holder] --><!-- [et_pb_line_break_holder] -->        <\/style>\n<p><!-- [et_pb_line_break_holder] -->    <\/head><!-- [et_pb_line_break_holder] --><!-- [et_pb_line_break_holder] -->    <body><!-- [et_pb_line_break_holder] -->        <\/p>\n<section class=\"bloque-contenedor\" id=\"contenido-principal\"><!-- [et_pb_line_break_holder] -->            <\/p>\n<h2>D\u00e9claration d'accessibilit\u00e9 de As Migui\u00f1as do Cebreiro<\/h2>\n<p><!-- [et_pb_line_break_holder] -->                                                <pee>R\u00e9sultat :  <span class='rojo'>Partiellement conforme <\/span><\/pee><!-- [et_pb_line_break_holder] --><!-- [et_pb_line_break_holder] --><pee>As Migui\u00f1as do Cebreiro s'engage \u00e0 rendre son site web accessible conform\u00e9ment \u00e0 la directive sur l'accessibilit\u00e9. <a href=\"https:\/\/www.boe.es\/boe\/dias\/2018\/09\/19\/pdfs\/BOE-A-2018-12699.pdf\" target=\"_blank\" rel=\"noopener\">Real Decreto 1112\/2018, de 7 de septiembre<\/a>.<\/pee><!-- [et_pb_line_break_holder] --><!-- [et_pb_line_break_holder] --><pee>Au 04\/12\/2023, <a href=\"https:\/\/addaw.org\/es\" target=\"_blank\" rel=\"noopener\">El equipo de ADDAW<\/a> a effectu\u00e9 un audit d'accessibilit\u00e9 du site web <\/pee><!-- [et_pb_line_break_holder] -->  <pee>  Le r\u00e9sultat de l'audit est le suivant <strong>partiellement conforme<\/strong> RD 1112\/2018 et UNE-EN 301549:2022 en raison des exceptions et des non-conformit\u00e9s d\u00e9taill\u00e9es dans le rapport t\u00e9l\u00e9chargeable.<\/pee><!-- [et_pb_line_break_holder] -->                    <\/p>\n<table><!-- [et_pb_line_break_holder] -->    <\/p>\n<thead><!-- [et_pb_line_break_holder] -->        <\/p>\n<tr><!-- [et_pb_line_break_holder] -->            <\/p>\n<td colspan=\"2\"><\/td>\n<p><!-- [et_pb_line_break_holder] -->        <\/tr>\n<p><!-- [et_pb_line_break_holder] -->    <\/thead>\n<p><!-- [et_pb_line_break_holder] -->    <\/p>\n<tbody><!-- [et_pb_line_break_holder] -->        <\/p>\n<tr><!-- [et_pb_line_break_holder] -->            <\/p>\n<td>Date de mise en conformit\u00e9<\/td>\n<p><!-- [et_pb_line_break_holder] -->                        <\/p>\n<td>04\/12\/2023<\/td>\n<p><!-- [et_pb_line_break_holder] -->        <\/tr>\n<p><!-- [et_pb_line_break_holder] -->        <\/p>\n<tr><!-- [et_pb_line_break_holder] -->            <\/p>\n<td>Version<\/td>\n<p><!-- [et_pb_line_break_holder] -->            <\/p>\n<td>UNE-EN 301549:2022<\/td>\n<p><!-- [et_pb_line_break_holder] -->        <\/tr>\n<p><!-- [et_pb_line_break_holder] -->        <\/p>\n<tr><!-- [et_pb_line_break_holder] -->            <\/p>\n<td>Uri<\/td>\n<p><!-- [et_pb_line_break_holder] -->            <\/p>\n<td><a target=\"_blank\" href=\"https:\/\/www.etsi.org\/deliver\/etsi_en\/301500_301599\/301549\/03.02.01_60\/en_301549v030201p.pdf\" rel=\"noopener\">Descargar<\/a><\/td>\n<p><!-- [et_pb_line_break_holder] -->        <\/tr>\n<p><!-- [et_pb_line_break_holder] -->        <\/p>\n<tr><!-- [et_pb_line_break_holder] -->            <\/p>\n<td>Niveau de conformit\u00e9<\/td>\n<p><!-- [et_pb_line_break_holder] -->            <\/p>\n<td>AA<\/td>\n<p><!-- [et_pb_line_break_holder] -->        <\/tr>\n<p><!-- [et_pb_line_break_holder] -->    <\/tbody>\n<p><!-- [et_pb_line_break_holder] --><\/table>\n<p><!-- [et_pb_line_break_holder] --><\/p>\n<table><!-- [et_pb_line_break_holder] -->    <\/p>\n<thead><!-- [et_pb_line_break_holder] -->        <\/p>\n<tr><!-- [et_pb_line_break_holder] -->            <\/p>\n<td>Champ d'application de la d\u00e9claration<\/td>\n<p><!-- [et_pb_line_break_holder] -->        <\/tr>\n<p><!-- [et_pb_line_break_holder] -->    <\/thead>\n<p><!-- [et_pb_line_break_holder] -->    <\/p>\n<tbody><!-- [et_pb_line_break_holder] -->        <\/p>\n<tr><!-- [et_pb_line_break_holder] -->            <\/p>\n<td>Tous les contenus des sites web publics<\/td>\n<p><!-- [et_pb_line_break_holder] -->        <\/tr>\n<p><!-- [et_pb_line_break_holder] -->    <\/tbody>\n<p><!-- [et_pb_line_break_holder] --><\/table>\n<p><!-- [et_pb_line_break_holder] --><\/p>\n<table><!-- [et_pb_line_break_holder] -->    <\/p>\n<thead><!-- [et_pb_line_break_holder] -->        <\/p>\n<tr><!-- [et_pb_line_break_holder] -->            <\/p>\n<td colspan=\"2\">Exemples de pages<\/td>\n<p><!-- [et_pb_line_break_holder] -->        <\/tr>\n<p><!-- [et_pb_line_break_holder] -->        <\/p>\n<tr><!-- [et_pb_line_break_holder] -->            <\/p>\n<td>Titre<\/td>\n<p><!-- [et_pb_line_break_holder] -->            <\/p>\n<td>Uri<\/td>\n<p><!-- [et_pb_line_break_holder] -->        <\/tr>\n<p><!-- [et_pb_line_break_holder] -->    <\/thead>\n<p><!-- [et_pb_line_break_holder] -->    <\/p>\n<tbody><!-- [et_pb_line_break_holder] -->                <\/p>\n<tr><!-- [et_pb_line_break_holder] -->            <\/p>\n<td>ACCUEIL<\/td>\n<p><!-- [et_pb_line_break_holder] -->            <\/p>\n<td>https:\/\/www.asmiguinasdocebreiro.com\/<\/td>\n<p><!-- [et_pb_line_break_holder] -->        <\/tr>\n<p><!-- [et_pb_line_break_holder] -->                <\/p>\n<tr><!-- [et_pb_line_break_holder] -->            <\/p>\n<td>Exemple de salle<\/td>\n<p><!-- [et_pb_line_break_holder] -->            <\/p>\n<td>https:\/\/www.asmiguinasdocebreiro.com\/habitaciones\/numero-2\/<\/td>\n<p><!-- [et_pb_line_break_holder] -->        <\/tr>\n<p><!-- [et_pb_line_break_holder] -->                <\/p>\n<tr><!-- [et_pb_line_break_holder] -->            <\/p>\n<td>Pedrafita do Cebreiro<\/td>\n<p><!-- [et_pb_line_break_holder] -->            <\/p>\n<td>https:\/\/www.asmiguinasdocebreiro.com\/pedrafita-do-cebreiro\/<\/td>\n<p><!-- [et_pb_line_break_holder] -->        <\/tr>\n<p><!-- [et_pb_line_break_holder] -->                <\/p>\n<tr><!-- [et_pb_line_break_holder] -->            <\/p>\n<td>V\u00eda K\u00fcnig<\/td>\n<p><!-- [et_pb_line_break_holder] -->            <\/p>\n<td>https:\/\/www.asmiguinasdocebreiro.com\/via-kunig\/<\/td>\n<p><!-- [et_pb_line_break_holder] -->        <\/tr>\n<p><!-- [et_pb_line_break_holder] -->                <\/p>\n<tr><!-- [et_pb_line_break_holder] -->            <\/p>\n<td>Contact<\/td>\n<p><!-- [et_pb_line_break_holder] -->            <\/p>\n<td>https:\/\/www.asmiguinasdocebreiro.com\/contacto\/<\/td>\n<p><!-- [et_pb_line_break_holder] -->        <\/tr>\n<p><!-- [et_pb_line_break_holder] -->                <\/p>\n<tr><!-- [et_pb_line_break_holder] -->            <\/p>\n<td>Plan du site<\/td>\n<p><!-- [et_pb_line_break_holder] -->            <\/p>\n<td>https:\/\/www.asmiguinasdocebreiro.com\/mapa-de-sitio\/<\/td>\n<p><!-- [et_pb_line_break_holder] -->        <\/tr>\n<p><!-- [et_pb_line_break_holder] -->                <\/p>\n<tr><!-- [et_pb_line_break_holder] -->            <\/p>\n<td>Politique de confidentialit\u00e9<\/td>\n<p><!-- [et_pb_line_break_holder] -->            <\/p>\n<td>https:\/\/www.asmiguinasdocebreiro.com\/politica-de-privacidad\/<\/td>\n<p><!-- [et_pb_line_break_holder] -->        <\/tr>\n<p><!-- [et_pb_line_break_holder] -->                <\/p>\n<tr><!-- [et_pb_line_break_holder] -->            <\/p>\n<td>Declaraci\u00f3n de accesibilidad<\/td>\n<p><!-- [et_pb_line_break_holder] -->            <\/p>\n<td>https:\/\/www.asmiguinasdocebreiro.com\/declaracion-accesibilidad\/<\/td>\n<p><!-- [et_pb_line_break_holder] -->        <\/tr>\n<p><!-- [et_pb_line_break_holder] -->        <!-- [et_pb_line_break_holder] -->    <\/tbody>\n<p><!-- [et_pb_line_break_holder] --><\/table>\n<p><!-- [et_pb_line_break_holder] --><\/p>\n<table><!-- [et_pb_line_break_holder] -->    <\/p>\n<thead><!-- [et_pb_line_break_holder] -->        <\/p>\n<tr><!-- [et_pb_line_break_holder] -->            <\/p>\n<td colspan=\"2\">Technologies pr\u00e9sentes<\/td>\n<p><!-- [et_pb_line_break_holder] -->        <\/tr>\n<p><!-- [et_pb_line_break_holder] -->    <\/thead>\n<p><!-- [et_pb_line_break_holder] -->    <\/p>\n<tbody><!-- [et_pb_line_break_holder] -->                <\/p>\n<tr><!-- [et_pb_line_break_holder] -->            <\/p>\n<td>CSS<\/td>\n<p><!-- [et_pb_line_break_holder] -->            <\/p>\n<td>http:\/\/www.w3.org\/Style\/CSS\/specs\/<\/td>\n<p><!-- [et_pb_line_break_holder] -->        <\/tr>\n<p><!-- [et_pb_line_break_holder] -->                <\/p>\n<tr><!-- [et_pb_line_break_holder] -->            <\/p>\n<td>HTML5<\/td>\n<p><!-- [et_pb_line_break_holder] -->            <\/p>\n<td>http:\/\/www.w3.org\/TR\/html5\/<\/td>\n<p><!-- [et_pb_line_break_holder] -->        <\/tr>\n<p><!-- [et_pb_line_break_holder] -->                <\/p>\n<tr><!-- [et_pb_line_break_holder] -->            <\/p>\n<td>WAI-ARIA<\/td>\n<p><!-- [et_pb_line_break_holder] -->            <\/p>\n<td>https:\/\/www.w3.org\/TR\/wai-aria\/<\/td>\n<p><!-- [et_pb_line_break_holder] -->        <\/tr>\n<p><!-- [et_pb_line_break_holder] -->                <\/p>\n<tr><!-- [et_pb_line_break_holder] -->            <\/p>\n<td>javascript<\/td>\n<p><!-- [et_pb_line_break_holder] -->            <\/p>\n<td>https:\/\/developer.mozilla.org\/es\/docs\/Web\/JavaScript<\/td>\n<p><!-- [et_pb_line_break_holder] -->        <\/tr>\n<p><!-- [et_pb_line_break_holder] -->        <!-- [et_pb_line_break_holder] -->    <\/tbody>\n<p><!-- [et_pb_line_break_holder] --><\/table>\n<p><!-- [et_pb_line_break_holder] --><\/p>\n<table><!-- [et_pb_line_break_holder] -->    <\/p>\n<thead><!-- [et_pb_line_break_holder] -->        <\/p>\n<tr><!-- [et_pb_line_break_holder] -->            <\/p>\n<td>Outils utilis\u00e9s<\/td>\n<p><!-- [et_pb_line_break_holder] -->        <\/tr>\n<p><!-- [et_pb_line_break_holder] -->    <\/thead>\n<p><!-- [et_pb_line_break_holder] -->    <\/p>\n<tbody><!-- [et_pb_line_break_holder] -->                <\/p>\n<tr><!-- [et_pb_line_break_holder] -->            <\/p>\n<td>Browser DevTools\/Inspector<\/td>\n<p><!-- [et_pb_line_break_holder] -->        <\/tr>\n<p><!-- [et_pb_line_break_holder] -->                <\/p>\n<tr><!-- [et_pb_line_break_holder] -->            <\/p>\n<td>Google Lighthouse<\/td>\n<p><!-- [et_pb_line_break_holder] -->        <\/tr>\n<p><!-- [et_pb_line_break_holder] -->                <\/p>\n<tr><!-- [et_pb_line_break_holder] -->            <\/p>\n<td>HTML Validation<\/td>\n<p><!-- [et_pb_line_break_holder] -->        <\/tr>\n<p><!-- [et_pb_line_break_holder] -->                <\/p>\n<tr><!-- [et_pb_line_break_holder] -->            <\/p>\n<td>Keyboard only<\/td>\n<p><!-- [et_pb_line_break_holder] -->        <\/tr>\n<p><!-- [et_pb_line_break_holder] -->                <\/p>\n<tr><!-- [et_pb_line_break_holder] -->            <\/p>\n<td>VoiceOver Screen Reader<\/td>\n<p><!-- [et_pb_line_break_holder] -->        <\/tr>\n<p><!-- [et_pb_line_break_holder] -->                <\/p>\n<tr><!-- [et_pb_line_break_holder] -->            <\/p>\n<td>WAVE Browser Extension<\/td>\n<p><!-- [et_pb_line_break_holder] -->        <\/tr>\n<p><!-- [et_pb_line_break_holder] -->        <!-- [et_pb_line_break_holder] -->    <\/tbody>\n<p><!-- [et_pb_line_break_holder] --><\/table>\n<p><!-- [et_pb_line_break_holder] --><\/p>\n<table><!-- [et_pb_line_break_holder] -->    <\/p>\n<thead><!-- [et_pb_line_break_holder] -->        <\/p>\n<tr><!-- [et_pb_line_break_holder] -->            <\/p>\n<td>Agents utilisateurs utilis\u00e9s<\/td>\n<p><!-- [et_pb_line_break_holder] -->        <\/tr>\n<p><!-- [et_pb_line_break_holder] -->    <\/thead>\n<p><!-- [et_pb_line_break_holder] -->    <\/p>\n<tbody><!-- [et_pb_line_break_holder] -->                <\/p>\n<tr><!-- [et_pb_line_break_holder] -->            <\/p>\n<td>Chrome &#8211; Latest<\/td>\n<p><!-- [et_pb_line_break_holder] -->        <\/tr>\n<p><!-- [et_pb_line_break_holder] -->                <\/p>\n<tr><!-- [et_pb_line_break_holder] -->            <\/p>\n<td>Firefox &#8211; Latest<\/td>\n<p><!-- [et_pb_line_break_holder] -->        <\/tr>\n<p><!-- [et_pb_line_break_holder] -->                <\/p>\n<tr><!-- [et_pb_line_break_holder] -->            <\/p>\n<td>Opera &#8211; Latest<\/td>\n<p><!-- [et_pb_line_break_holder] -->        <\/tr>\n<p><!-- [et_pb_line_break_holder] -->                <\/p>\n<tr><!-- [et_pb_line_break_holder] -->            <\/p>\n<td>Safari &#8211; Latest<\/td>\n<p><!-- [et_pb_line_break_holder] -->        <\/tr>\n<p><!-- [et_pb_line_break_holder] -->                <\/p>\n<tr><!-- [et_pb_line_break_holder] -->            <\/p>\n<td>Android 12<\/td>\n<p><!-- [et_pb_line_break_holder] -->        <\/tr>\n<p><!-- [et_pb_line_break_holder] -->        <!-- [et_pb_line_break_holder] -->    <\/tbody>\n<p><!-- [et_pb_line_break_holder] --><\/table>\n<p><!-- [et_pb_line_break_holder] -->                        <\/p>\n<h2>Contact<\/h2>\n<p><!-- [et_pb_line_break_holder] -->    <pee>Vous pouvez faire des communications sur les exigences d'accessibilit\u00e9 (article 10.2.a) du RD 1112\/2018, par exemple :<\/pee><!-- [et_pb_line_break_holder] -->    <\/p>\n<ul><!-- [et_pb_line_break_holder] -->        <\/p>\n<li>Signaler toute conformit\u00e9 \u00e9ventuelle de ce site web<\/li>\n<p><!-- [et_pb_line_break_holder] -->        <\/p>\n<li>Transmettre d'autres difficult\u00e9s d'acc\u00e8s au contenu<\/li>\n<p><!-- [et_pb_line_break_holder] -->        <\/p>\n<li>Poser toute autre question ou suggestion d'am\u00e9lioration concernant l'accessibilit\u00e9 du site web.<\/li>\n<p><!-- [et_pb_line_break_holder] -->    <\/ul>\n<p><!-- [et_pb_line_break_holder] -->    <pee>Par le biais du compte e-mail <a href=\"mailto:asmiguinasdocebreiro@gmail.com\">asmiguinasdocebreiro@gmail.com<\/a><\/pee><!-- [et_pb_line_break_holder] -->                    <\/p>\n<h2>T\u00e9l\u00e9charger les rapports<\/h2>\n<p><!-- [et_pb_line_break_holder] -->                    <\/p>\n<table><!-- [et_pb_line_break_holder] --><!-- [et_pb_line_break_holder] -->                        <\/p>\n<thead><!-- [et_pb_line_break_holder] -->                            <\/p>\n<tr style=\"text-align: center\"><!-- [et_pb_line_break_holder] -->                                <\/p>\n<th style=\"text-align: center\">Identifiant<\/th>\n<p><!-- [et_pb_line_break_holder] -->                                <\/p>\n<th style=\"text-align: center\">Date<\/th>\n<p><!-- [et_pb_line_break_holder] -->                                <\/p>\n<th style=\"text-align: center\">Auditeur<\/th>\n<p><!-- [et_pb_line_break_holder] -->                                <\/p>\n<th style=\"text-align: center\">\u00c9tat<\/th>\n<p><!-- [et_pb_line_break_holder] -->                                <\/p>\n<th style=\"text-align: center\">Lien<\/th>\n<p><!-- [et_pb_line_break_holder] -->                            <\/tr>\n<p><!-- [et_pb_line_break_holder] -->                        <\/thead>\n<p><!-- [et_pb_line_break_holder] -->                        <\/p>\n<tbody><!-- [et_pb_line_break_holder] -->                                                        <\/p>\n<tr style=\"text-align: center\"><!-- [et_pb_line_break_holder] -->                                <\/p>\n<td>973<\/td>\n<p><!-- [et_pb_line_break_holder] -->                                <\/p>\n<td>03\/12\/23<\/td>\n<p><!-- [et_pb_line_break_holder] -->                                <\/p>\n<td>David Prieto Gonz\u00e1lez<\/td>\n<p><!-- [et_pb_line_break_holder] -->                                <\/p>\n<td>Partiellement conforme<\/td>\n<p><!-- [et_pb_line_break_holder] -->                                <\/p>\n<td><a href=\"https:\/\/addaw.org\/webService\/descargarInformePdf?id=973\" aria-label=\"Ver informe 973\" target=\"_blank\" rel=\"noopener\">Voir le rapport<\/a><\/td>\n<p><!-- [et_pb_line_break_holder] -->                            <\/tr>\n<p><!-- [et_pb_line_break_holder] -->                                                        <\/p>\n<tr style=\"text-align: center\"><!-- [et_pb_line_break_holder] -->                                <\/p>\n<td>983<\/td>\n<p><!-- [et_pb_line_break_holder] -->                                <\/p>\n<td>04\/12\/23<\/td>\n<p><!-- [et_pb_line_break_holder] -->                                <\/p>\n<td>David Prieto Gonz\u00e1lez<\/td>\n<p><!-- [et_pb_line_break_holder] -->                                <\/p>\n<td>Partiellement conforme<\/td>\n<p><!-- [et_pb_line_break_holder] -->                                <\/p>\n<td><a href=\"https:\/\/addaw.org\/webService\/descargarInformePdf?id=983\" aria-label=\"Ver informe 983\" target=\"_blank\" rel=\"noopener\">Voir le rapport<\/a><\/td>\n<p><!-- [et_pb_line_break_holder] -->                            <\/tr>\n<p><!-- [et_pb_line_break_holder] -->                            <!-- [et_pb_line_break_holder] -->                        <\/tbody>\n<p><!-- [et_pb_line_break_holder] -->        <\/table>\n<p><!-- [et_pb_line_break_holder] -->                    <!-- [et_pb_line_break_holder] -->                                    <\/section>\n<p><!-- [et_pb_line_break_holder] -->    <\/body><!-- [et_pb_line_break_holder] --><\/html><!-- [et_pb_line_break_holder] -->[\/et_pb_code][\/et_pb_column][\/et_pb_row][\/et_pb_section]<\/p>","protected":false},"excerpt":{"rendered":"<p>D\u00e9claration d'accessibilit\u00e9<\/p>","protected":false},"author":1,"featured_media":0,"parent":0,"menu_order":0,"comment_status":"closed","ping_status":"closed","template":"","meta":{"_et_pb_use_builder":"on","_et_pb_old_content":"","_et_gb_content_width":"","footnotes":""},"class_list":["post-464","page","type-page","status-publish","hentry"],"_links":{"self":[{"href":"https:\/\/asmiguinasdocebreiro.com\/fr\/wp-json\/wp\/v2\/pages\/464","targetHints":{"allow":["GET"]}}],"collection":[{"href":"https:\/\/asmiguinasdocebreiro.com\/fr\/wp-json\/wp\/v2\/pages"}],"about":[{"href":"https:\/\/asmiguinasdocebreiro.com\/fr\/wp-json\/wp\/v2\/types\/page"}],"author":[{"embeddable":true,"href":"https:\/\/asmiguinasdocebreiro.com\/fr\/wp-json\/wp\/v2\/users\/1"}],"replies":[{"embeddable":true,"href":"https:\/\/asmiguinasdocebreiro.com\/fr\/wp-json\/wp\/v2\/comments?post=464"}],"version-history":[{"count":2,"href":"https:\/\/asmiguinasdocebreiro.com\/fr\/wp-json\/wp\/v2\/pages\/464\/revisions"}],"predecessor-version":[{"id":467,"href":"https:\/\/asmiguinasdocebreiro.com\/fr\/wp-json\/wp\/v2\/pages\/464\/revisions\/467"}],"wp:attachment":[{"href":"https:\/\/asmiguinasdocebreiro.com\/fr\/wp-json\/wp\/v2\/media?parent=464"}],"curies":[{"name":"wp","href":"https:\/\/api.w.org\/{rel}","templated":true}]}}