{"id":399,"date":"2023-11-24T11:48:36","date_gmt":"2023-11-24T10:48:36","guid":{"rendered":"https:\/\/asmiguinasdocebreiro.com\/?page_id=399"},"modified":"2024-04-05T17:57:41","modified_gmt":"2024-04-05T15:57:41","slug":"mapa-de-sitio","status":"publish","type":"page","link":"https:\/\/asmiguinasdocebreiro.com\/fr\/mapa-de-sitio\/","title":{"rendered":"Mapa de sitio"},"content":{"rendered":"<p>[et_pb_section fb_built=\u00bb1&#8243; _builder_version=\u00bb4.16&#8243; global_colors_info=\u00bb{}\u00bb][et_pb_row _builder_version=\u00bb4.16&#8243; background_size=\u00bbinitial\u00bb background_position=\u00bbtop_left\u00bb background_repeat=\u00bbrepeat\u00bb global_colors_info=\u00bb{}\u00bb][et_pb_column type=\u00bb4_4&#8243; _builder_version=\u00bb4.16&#8243; custom_padding=\u00bb|||\u00bb global_colors_info=\u00bb{}\u00bb custom_padding__hover=\u00bb|||\u00bb][et_pb_text _builder_version=\u00bb4.22.2&#8243; text_font_size=\u00bb0.9rem\u00bb header_font_size=\u00bb3rem\u00bb header_line_height=\u00bb1.5em\u00bb header_2_font_size=\u00bb2rem\u00bb header_2_line_height=\u00bb1.5em\u00bb header_3_font_size=\u00bb1.6rem\u00bb header_3_line_height=\u00bb1.5em\u00bb header_4_font_size=\u00bb1.8rem\u00bb header_4_line_height=\u00bb1.5em\u00bb header_5_font_size=\u00bb1.5rem\u00bb header_5_line_height=\u00bb1.5em\u00bb header_6_font_size=\u00bb1.2px\u00bb header_6_line_height=\u00bb1.5em\u00bb background_size=\u00bbinitial\u00bb background_position=\u00bbtop_left\u00bb background_repeat=\u00bbrepeat\u00bb hover_enabled=\u00bb0&#8243; global_colors_info=\u00bb{}\u00bb sticky_enabled=\u00bb0&#8243;]<\/p>\n<h1 style=\"text-align: center;\">Plan du site<\/h1>\n<h2>Pages<\/h2>\n<ul>\n<li><a href=\"https:\/\/asmigui\u00f1asdocebreiro.com\/fr\/\" target=\"_self\" rel=\"noopener\">ACCUEIL<\/a><\/li>\n<li><a href=\"https:\/\/www.asmigui\u00f1asdocebreiro.com\/#asmiguinas\" target=\"_self\" rel=\"noopener\">As Migui\u00f1as<\/a><\/li>\n<li><a href=\"https:\/\/asmigui\u00f1asdocebreiro.com\/habitaciones\/\" target=\"_self\" rel=\"noopener\">Chambres<\/a>\n<ul>\n<li><a role=\"link\" href=\"https:\/\/asmiguinasdocebreiro.com\/fr\/habitaciones\/numero-2\/\" target=\"_self\" rel=\"noopener\">Num\u00e9ro 2<\/a><\/li>\n<li><a href=\"https:\/\/asmigui\u00f1asdocebreiro.com\/fr\/habitaciones\/numero-3-suite\/\" target=\"_self\" rel=\"noopener\">Num\u00e9ro 3 (suite)<\/a><\/li>\n<li><a href=\"https:\/\/asmigui\u00f1asdocebreiro.com\/fr\/habitaciones\/numero-4\/\" target=\"_self\" rel=\"noopener\">Num\u00e9ro 4<\/a><\/li>\n<li><a href=\"https:\/\/asmigui\u00f1asdocebreiro.com\/fr\/habitaciones\/numero-15\/\" target=\"_self\" rel=\"noopener\">Num\u00e9ro 15<\/a><\/li>\n<li><a href=\"https:\/\/asmigui\u00f1asdocebreiro.com\/fr\/habitaciones\/numero-16\/\" target=\"_self\" rel=\"noopener\">Num\u00e9ro 16<\/a><\/li>\n<\/ul>\n<\/li>\n<li><a href=\"https:\/\/asmigui\u00f1asdocebreiro.com\/fr\/pedrafita-do-cebreiro\/\" target=\"_self\" rel=\"noopener\">Pedrafita do Cebreiro<\/a><\/li>\n<li>Environnement\n<ul>\n<li><a href=\"https:\/\/asmigui\u00f1asdocebreiro.com\/fr\/via-kunig\/\" target=\"_self\" rel=\"noopener\">V\u00eda K\u00fcnig<\/a><\/li>\n<li><a href=\"https:\/\/asmigui\u00f1asdocebreiro.com\/fr\/o-cebreiro\/\" target=\"_self\" rel=\"noopener\">O Cebreiro<\/a><\/li>\n<li><a href=\"https:\/\/asmigui\u00f1asdocebreiro.com\/fr\/os-ancares\/\" target=\"_self\" rel=\"noopener\">Os Ancares<\/a><\/li>\n<li><a href=\"https:\/\/asmigui\u00f1asdocebreiro.com\/fr\/sierra-del-caurel\/\" target=\"_self\" rel=\"noopener\">Sierra del Caurel<\/a><\/li>\n<li><a href=\"https:\/\/asmigui\u00f1asdocebreiro.com\/fr\/ponferrada\/\" target=\"_self\" rel=\"noopener\">Ponferrada<\/a><\/li>\n<\/ul>\n<\/li>\n<li><a href=\"https:\/\/asmigui\u00f1asdocebreiro.com\/fr\/contacto\/\" target=\"_self\" rel=\"noopener\">Contact<\/a><\/li>\n<\/ul>\n<h2>Juridique<\/h2>\n<ul>\n<li><a href=\"https:\/\/www.asmigui\u00f1asdocebreiro.com\/fr\/politica-de-privacidad\/\" target=\"_blank\" rel=\"noopener\">Politique de confidentialit\u00e9<\/a><\/li>\n<li><a href=\"https:\/\/asmigui\u00f1asdocebreiro.com\/fr\/aviso-legal\/\" target=\"_blank\" rel=\"noopener\">Avis L\u00e9gal<\/a><\/li>\n<li><a href=\"https:\/\/asmigui\u00f1asdocebreiro.com\/fr\/politica-de-cookies-ue\/\" target=\"_blank\" rel=\"noopener\">Politique en mati\u00e8re de cookies (UE)<\/a><\/li>\n<li><a href=\"https:\/\/asmigui\u00f1asdocebreiro.com\/fr\/mapa-de-sitio\/\" target=\"_blank\" rel=\"noopener\">Plan du site<\/a><\/li>\n<li><a href=\"https:\/\/asmigui\u00f1asdocebreiro.com\/fr\/declaracion-accesibilidad\/\" target=\"_blank\" rel=\"noopener\">Accessibilit\u00e9<\/a><\/li>\n<\/ul>\n<p>[\/et_pb_text][\/et_pb_column][\/et_pb_row][\/et_pb_section]<\/p>","protected":false},"excerpt":{"rendered":"<p>Mapa de Sitio P\u00e1ginas Inicio As Migui\u00f1as Habitaciones N\u00famero 2 N\u00famero 3 (suite) N\u00famero 4 N\u00famero 15 N\u00famero 16 Pedrafita do Cebreiro Entorno V\u00eda K\u00fcnig O Cebreiro Os Ancares Sierra del Caurel Ponferrada Contacto Legal Pol\u00edtica de Privacidad Aviso Legal Pol\u00edtica de Cookies (UE) Mapa del sitio Accesibilidad<\/p>","protected":false},"author":1,"featured_media":0,"parent":0,"menu_order":0,"comment_status":"closed","ping_status":"closed","template":"","meta":{"_et_pb_use_builder":"on","_et_pb_old_content":"","_et_gb_content_width":"","footnotes":""},"class_list":["post-399","page","type-page","status-publish","hentry"],"_links":{"self":[{"href":"https:\/\/asmiguinasdocebreiro.com\/fr\/wp-json\/wp\/v2\/pages\/399","targetHints":{"allow":["GET"]}}],"collection":[{"href":"https:\/\/asmiguinasdocebreiro.com\/fr\/wp-json\/wp\/v2\/pages"}],"about":[{"href":"https:\/\/asmiguinasdocebreiro.com\/fr\/wp-json\/wp\/v2\/types\/page"}],"author":[{"embeddable":true,"href":"https:\/\/asmiguinasdocebreiro.com\/fr\/wp-json\/wp\/v2\/users\/1"}],"replies":[{"embeddable":true,"href":"https:\/\/asmiguinasdocebreiro.com\/fr\/wp-json\/wp\/v2\/comments?post=399"}],"version-history":[{"count":6,"href":"https:\/\/asmiguinasdocebreiro.com\/fr\/wp-json\/wp\/v2\/pages\/399\/revisions"}],"predecessor-version":[{"id":410,"href":"https:\/\/asmiguinasdocebreiro.com\/fr\/wp-json\/wp\/v2\/pages\/399\/revisions\/410"}],"wp:attachment":[{"href":"https:\/\/asmiguinasdocebreiro.com\/fr\/wp-json\/wp\/v2\/media?parent=399"}],"curies":[{"name":"wp","href":"https:\/\/api.w.org\/{rel}","templated":true}]}}