{"id":372,"date":"2023-11-06T20:22:43","date_gmt":"2023-11-06T19:22:43","guid":{"rendered":"https:\/\/asmiguinasdocebreiro.com\/?page_id=372"},"modified":"2024-04-05T17:57:05","modified_gmt":"2024-04-05T15:57:05","slug":"aviso-legal","status":"publish","type":"page","link":"https:\/\/asmiguinasdocebreiro.com\/fr\/aviso-legal\/","title":{"rendered":"Avis L\u00e9gal"},"content":{"rendered":"<p>[et_pb_section fb_built=\u00bb1&#8243; _builder_version=\u00bb4.21.0&#8243; _module_preset=\u00bbdefault\u00bb global_colors_info=\u00bb{}\u00bb][et_pb_row _builder_version=\u00bb4.21.0&#8243; _module_preset=\u00bbdefault\u00bb custom_padding=\u00bb39px|||||\u00bb global_colors_info=\u00bb{}\u00bb][et_pb_column type=\u00bb4_4&#8243; _builder_version=\u00bb4.21.0&#8243; _module_preset=\u00bbdefault\u00bb global_colors_info=\u00bb{}\u00bb][et_pb_text _builder_version=\u00bb4.22.2&#8243; _module_preset=\u00bbdefault\u00bb text_font_size=\u00bb0.9rem\u00bb text_line_height=\u00bb1.5em\u00bb ul_text_color=\u00bb#5C8049&#8243; ul_font_size=\u00bb0.9rem\u00bb ul_line_height=\u00bb1.7em\u00bb header_2_font=\u00bb|700|||||||\u00bb header_2_font_size=\u00bb1.8rem\u00bb header_2_line_height=\u00bb1.5em\u00bb header_3_font_size=\u00bb1.2rem\u00bb header_3_line_height=\u00bb1.5em\u00bb hover_enabled=\u00bb0&#8243; global_colors_info=\u00bb{}\u00bb sticky_enabled=\u00bb0&#8243;]<\/p>\n<h1 style=\"text-align: center;\">AVISO LEGAL<\/h1>\n<p style=\"text-align: center;\">\u00daltima modificaci\u00f3n: 25 de mayo de 2023<\/p>\n<p style=\"text-align: center;\">Versi\u00f3n: 1.0<\/p>\n<h2>Avis L\u00e9gal<\/h2>\n<p>Nous vous remercions de votre visite sur ce site.<\/p>\n<p>&nbsp;<\/p>\n<p>Veuillez lire attentivement les conditions d'utilisation contenues dans le pr\u00e9sent document, car l'utilisation de ce site Web implique l'acceptation expresse et totale de celles-ci, dans la version publi\u00e9e au moment o\u00f9 vous acc\u00e9dez \u00e0 chacune des pages Web situ\u00e9es sous le domaine equusfera.es et leurs sous-domaines et sous-r\u00e9pertoires respectifs. Nous vous recommandons de relire ce document chaque fois que vous acc\u00e9dez au site web pour v\u00e9rifier si des modifications ont \u00e9t\u00e9 apport\u00e9es aux conditions d'utilisation et de le quitter si vous n'\u00eates pas d'accord avec ces modifications. Si nous estimons que certains changements sont importants, nous mettrons \u00e0 jour la date de \"derni\u00e8re modification\" en haut de cette page. Toute personne acc\u00e9dant \u00e0 ce site web assume le r\u00f4le d'utilisateur et s'engage \u00e0 observer et \u00e0 respecter scrupuleusement les dispositions des pr\u00e9sentes conditions d'utilisation, ainsi que toute autre disposition l\u00e9gale applicable.<\/p>\n<p><b>GUADALUPE GOMEZ FERNANDEZ<\/b> se r\u00e9serve le droit de modifier tout type d'information pouvant figurer sur le site web, sans obligation de pr\u00e9avis ni d'information des utilisateurs sur ces obligations, la publication sur son site web \u00e9tant consid\u00e9r\u00e9e comme suffisante.<\/p>\n<p>&nbsp;<\/p>\n<ol>\n<li><strong>IDENTIFICATION<\/strong><\/li>\n<\/ol>\n<p>Conform\u00e9ment \u00e0 l'obligation d'information pr\u00e9vue \u00e0 l'article 10 de la loi 34\/2002, du 11 juillet, sur les services de la soci\u00e9t\u00e9 de l'information et le commerce \u00e9lectronique, et \u00e0 la l\u00e9gislation en vigueur en mati\u00e8re de protection des donn\u00e9es, en particulier la loi organique 3\/2018, du 5 d\u00e9cembre, sur la protection des donn\u00e9es \u00e0 caract\u00e8re personnel et la garantie des droits num\u00e9riques (<a title=\"Ley Org\u00e1nica de Protecci\u00f3n de Datos y Derechos Digitales\" href=\"https:\/\/www.boe.es\/buscar\/act.php?id=BOE-A-2018-16673\" target=\"_blank\" rel=\"noopener\">LOPDGDD<\/a>) mettant pleinement en \u0153uvre le r\u00e8glement (UE) 2016\/679 du Parlement europ\u00e9en et du Conseil du 27 avril 2016 relatif \u00e0 la protection des personnes physiques \u00e0 l'\u00e9gard du traitement des donn\u00e9es \u00e0 caract\u00e8re personnel et \u00e0 la libre circulation de ces donn\u00e9es (GDPR), nous vous informons par la pr\u00e9sente de nos coordonn\u00e9es d'identification et de contact :<\/p>\n<p><strong>Propri\u00e9taire du site web : <b>GUADALUPE GOMEZ FERNANDEZ<\/b><\/strong>\u00a0(ci-apr\u00e8s <strong>LA COMPAGNIE<\/strong>)<\/p>\n<p><strong>Nom commercial : AS MIGUI\u00d1AS DO CEBREIRO<\/strong><\/p>\n<p><strong>CIF: 33325158K<\/strong><\/p>\n<p>&nbsp;<\/p>\n<ol start=\"2\">\n<li><strong>COMMUNICATION<\/strong><\/li>\n<\/ol>\n<p>Pour nous contacter pour toute question relative au contenu du pr\u00e9sent avis juridique, nous mettons \u00e0 votre disposition diff\u00e9rents moyens de contact, qui sont d\u00e9taill\u00e9s ci-dessous :<\/p>\n<p><strong>T\u00e9l\u00e9phone :<\/strong> 626 517 876<\/p>\n<p><strong>E-mail:<\/strong> <a href=\"mailto:asmiguinasdocebreiro@gmail.com\">asmiguinasdocebreiro@gmail.com<\/a><\/p>\n<p><strong>Si\u00e8ge social : <\/strong>Via Romana 16 &#8211; 27670 Pedrafita do Cebreiro, Lugo<\/p>\n<p><strong>Site web :<\/strong> <a href=\"https:\/\/asmiguinasdocebreiro.com\/fr\/\">www.asmiguinasdocebreiro.com<\/a><\/p>\n<p><strong>\u00a0<\/strong><\/p>\n<p>Toutes les notifications et communications pr\u00e9vues dans la pr\u00e9sente section sont consid\u00e9r\u00e9es comme effectives, \u00e0 toutes fins utiles, lorsqu'elles sont effectu\u00e9es par l'un des moyens \u00e9num\u00e9r\u00e9s ci-dessus.<\/p>\n<p>&nbsp;<\/p>\n<p>En acc\u00e9dant, en visualisant ou en utilisant le mat\u00e9riel ou les services accessibles sur ou via ce site web ou le contenu accessible ou d'autres pages web ou applications logicielles, vous signifiez votre compr\u00e9hension et votre acceptation du pr\u00e9sent document comme l'\u00e9quivalent juridique d'un document \u00e9crit sign\u00e9 et contraignant.<\/p>\n<p><strong>\u00a0<\/strong><\/p>\n<ol start=\"3\">\n<li><strong>NAVIGATION<\/strong><\/li>\n<\/ol>\n<p>Notre site web dispose de ressources techniques raisonnables pour assurer une navigation s\u00e9curis\u00e9e et prot\u00e9ger toutes les informations collect\u00e9es. Veuillez toutefois noter que, bien que nous appliquions et mettions en \u0153uvre des mesures pour prot\u00e9ger vos informations, aucun site web, aucune transmission web, aucun syst\u00e8me informatique ou aucune connexion sans fil n'est absolument s\u00fbr. <strong>LA COMPAGNIE<\/strong> ne sera pas responsable en cas d'interruption de service, de dysfonctionnement ou de tout autre inconv\u00e9nient qui pourrait survenir sans que nous en soyons responsables. En outre, nous ne sommes pas responsables des dommages ou pertes r\u00e9sultant de la pr\u00e9sence de virus ou de tout autre type d'incident provenant de ou introduit dans le syst\u00e8me informatique par des hackers ou des tiers qui acc\u00e8dent frauduleusement \u00e0 notre site web de mani\u00e8re ill\u00e9gale.<\/p>\n<p><strong>Liens vers d'autres sites web :<\/strong> Pour votre commodit\u00e9, ce site Internet contient des liens vers d'autres sites Internet qui peuvent avoir des politiques de confidentialit\u00e9 diff\u00e9rentes. Dans ces cas,LA COMPAGNIE agit en tant que prestataire de services interm\u00e9diaire conform\u00e9ment \u00e0 l'article 17 de la loi 34\/2002, du 11 juillet, sur les services de la soci\u00e9t\u00e9 de l'information et le commerce \u00e9lectronique ('LSSI') et ne sera responsable du contenu et des services fournis sur les sites web li\u00e9s que dans la mesure o\u00f9 elle a une connaissance r\u00e9elle de l'ill\u00e9galit\u00e9 et n'a pas d\u00e9sactiv\u00e9 le lien avec une diligence raisonnable. Si l'utilisateur estime qu'il existe un site web li\u00e9 dont le contenu est illicite ou inappropri\u00e9, il peut le notifier \u00e0 l'adresse suivante <strong>LA COMPAGNIE<\/strong>sans que cette notification n'entra\u00eene en aucun cas l'obligation de supprimer le lien correspondant.<\/p>\n<p>En aucun cas l'existence de sites web li\u00e9s ne devrait pr\u00e9supposer l'existence d'accords avec les gestionnaires ou les propri\u00e9taires de ceux-ci, ni la recommandation, la promotion ou l'identification de LA EMPRESA avec les d\u00e9clarations, le contenu ou les services fournis.<\/p>\n<p><strong>LA COMPAGNIE<\/strong> ne conna\u00eet pas le contenu et les services des sites web li\u00e9s et n'est donc pas responsable des dommages caus\u00e9s par l'ill\u00e9galit\u00e9, la qualit\u00e9, l'indisponibilit\u00e9, l'erreur et l'inutilit\u00e9 du contenu et\/ou des services des sites web li\u00e9s ou de tout autre dommage qui n'est pas directement imputable \u00e0 <strong>LA COMPAGNIE<\/strong>De m\u00eame, nous vous recommandons d'examiner leurs termes et conditions juridiques respectifs. <strong>LA COMPAGNIE<\/strong> n'est pas responsable du contenu ou de tout autre aspect li\u00e9 aux sites web appartenant \u00e0 des tiers ou exploit\u00e9s par des tiers. Nous vous informons \u00e9galement que nous ne pouvons exercer aucun contr\u00f4le sur leur maintenance et leur contenu, par cons\u00e9quent, nous ne pouvons garantir que les hyperliens, pointeurs ou autres fonctions de lien fournis sur ces sites sont corrects au moment de l'acc\u00e8s et qu'ils sont exempts de virus ou d'autres \u00e9l\u00e9ments nuisibles qui pourraient causer des dommages ou des alt\u00e9rations \u00e0 votre \u00e9quipement informatique. Toutefois, et conform\u00e9ment aux dispositions des articles 11 et 16 de la<a title=\"Ley de Servicios de Sociedad de la Informaci\u00f3n y de Comercio Electr\u00f3nico\" href=\"https:\/\/www.boe.es\/buscar\/act.php?id=BOE-A-2002-13758\" target=\"_blank\" rel=\"noopener\"> LSSICE<\/a>est \u00e0 la disposition de tous les utilisateurs, les autorit\u00e9s et les forces de s\u00e9curit\u00e9, collaborant activement au retrait ou, le cas \u00e9ch\u00e9ant, au blocage de tous les contenus susceptibles d'affecter ou de contrevenir \u00e0 la l\u00e9gislation nationale ou internationale, aux droits des tiers ou \u00e0 la morale et \u00e0 l'ordre public. Si l'utilisateur consid\u00e8re qu'il existe sur le site un contenu susceptible d'\u00eatre class\u00e9 dans cette cat\u00e9gorie, il est pri\u00e9 d'en informer imm\u00e9diatement l'administrateur du site.<\/p>\n<p>Ce site web a \u00e9t\u00e9 contr\u00f4l\u00e9 et test\u00e9 afin de garantir son bon fonctionnement. En principe, son bon fonctionnement peut \u00eatre garanti 365 jours par an, 24 heures par jour. Toutefois, il est possible d'en garantir le bon fonctionnement en principe 365 jours par an et 24 heures par jour, <strong>LA COMPAGNIE<\/strong> n'exclut pas la possibilit\u00e9 de l'existence de certaines erreurs de programmation, ou la survenance de cas de force majeure, de catastrophes naturelles, de gr\u00e8ves ou de circonstances similaires rendant impossible l'acc\u00e8s au site web.<\/p>\n<p><strong>Obligations de l'utilisateur<\/strong>: L'utilisateur s'engage \u00e0 faire un usage correct du site web conform\u00e9ment \u00e0 la loi et au pr\u00e9sent avis juridique. L'utilisateur est responsable <strong>LA COMPAGNIE<\/strong> ou \u00e0 l'encontre de tiers pour tout dommage pouvant r\u00e9sulter du non-respect de cette obligation.<\/p>\n<p>Il est express\u00e9ment interdit d'utiliser le site web \u00e0 des fins pr\u00e9judiciables \u00e0 la propri\u00e9t\u00e9 ou aux int\u00e9r\u00eats de <strong>LA COMPAGNIE<\/strong> ou des tiers ou, de toute autre mani\u00e8re, surcharger, endommager ou rendre inutilisables les r\u00e9seaux, serveurs et autres \u00e9quipements informatiques (mat\u00e9riel) ou produits et applications informatiques (logiciels) de <strong>LA COMPAGNIE<\/strong> ou des tiers.<\/p>\n<p>&nbsp;<\/p>\n<p><strong>ADRESSES IP<\/strong><\/p>\n<p>Les serveurs du site web pourront d\u00e9tecter automatiquement l'adresse IP et le nom de domaine utilis\u00e9s par l'utilisateur. L'adresse IP est un num\u00e9ro automatiquement attribu\u00e9 \u00e0 un ordinateur lorsqu'il se connecte \u00e0 Internet. Toutes ces informations sont enregistr\u00e9es dans un fichier d'activit\u00e9 du serveur d\u00fbment enregistr\u00e9 qui permet le traitement ult\u00e9rieur des donn\u00e9es afin d'obtenir des mesures purement statistiques permettant de conna\u00eetre le nombre d'impressions de pages, le nombre de visites effectu\u00e9es sur les serveurs web, l'ordre des visites, le point d'acc\u00e8s, etc.<\/p>\n<p>&nbsp;<\/p>\n<ol start=\"4\">\n<li><strong>LES FORMULAIRES DE COLLECTE DE DONN\u00c9ES<\/strong><\/li>\n<\/ol>\n<p>Sans pr\u00e9judice des dispositions de notre Politique de confidentialit\u00e9 accessible depuis notre site web, l'utilisation de certains services ou demandes adress\u00e9s \u00e0 LA COMPAGNIE sont conditionn\u00e9s \u00e0 la r\u00e9alisation pr\u00e9alable de l'enregistrement de l'Utilisateur correspondant.<\/p>\n<p>Toutes les informations fournies par l'utilisateur par le biais des formulaires de notre site Web aux fins susmentionn\u00e9es ou \u00e0 d'autres fins doivent \u00eatre v\u00e9ridiques. \u00c0 ces fins, l'utilisateur garantit l'authenticit\u00e9 de toutes les donn\u00e9es qu'il fournit et conservera les informations fournies \u00e0 <strong>LA COMPAGNIE<\/strong> parfaitement mis \u00e0 jour afin qu'il corresponde, \u00e0 tout moment, \u00e0 la situation r\u00e9elle de l'Utilisateur. En tout \u00e9tat de cause, l'utilisateur est seul responsable des d\u00e9clarations fausses ou inexactes qu'il fait et des dommages qu'il cause \u00e0 <strong>LA COMPAGNIE<\/strong> ou des tiers pour les informations que vous fournissez.<\/p>\n<p>&nbsp;<\/p>\n<ol start=\"5\">\n<li><strong>PROPRI\u00c9T\u00c9 INTELLECTUELLE<\/strong><\/li>\n<\/ol>\n<p>L'ensemble de ce site web (descriptions de produits, textes, images, marques, logos, boutons, fichiers, couleurs, ainsi que la structure, la s\u00e9lection, l'arrangement et la pr\u00e9sentation de son contenu) est la propri\u00e9t\u00e9 de <strong>LA COMPAGNIE<\/strong> ou des tiers qui nous ont accord\u00e9 une licence ou une autorisation pour les utiliser. Tous les logos, marques et dessins figurant sur ce site Web font partie des droits de propri\u00e9t\u00e9 intellectuelle enregistr\u00e9s par nous, et toute forme d'exploitation, c'est-\u00e0-dire la reproduction, la distribution, la communication publique et la transformation sans autorisation expresse est interdite. L'utilisateur s'engage \u00e0 utiliser les contenus de mani\u00e8re diligente, correcte et licite et, en particulier, \u00e0 s'abstenir de supprimer ou de manipuler les droits d'auteur et autres donn\u00e9es identifiant les droits de <strong>LA COMPAGNIE<\/strong> ou leurs propri\u00e9taires incorpor\u00e9s dans les contenus, ainsi que les dispositifs techniques de protection ou tout m\u00e9canisme d'information pouvant \u00eatre inclus dans les contenus. De m\u00eame, l'utilisateur s'abstiendra d'utiliser les contenus et, en particulier, les informations de toute nature obtenues par le biais du site pour envoyer de la publicit\u00e9, des communications \u00e0 des fins commerciales, des messages non sollicit\u00e9s adress\u00e9s \u00e0 plusieurs personnes ind\u00e9pendamment de leur finalit\u00e9, ainsi que de commercialiser ou de divulguer ces informations de quelque mani\u00e8re que ce soit. De m\u00eame,<strong> LA COMPAGNIE<\/strong> peut \u00e9tablir, si elle le juge opportun, sans pr\u00e9judice de la responsabilit\u00e9 unique et exclusive des utilisateurs, les filtres n\u00e9cessaires pour \u00e9viter que des contenus ou des opinions consid\u00e9r\u00e9s comme racistes, x\u00e9nophobes, discriminatoires, pornographiques, diffamatoires ou encourageant de quelque mani\u00e8re que ce soit la violence ou la diffusion de contenus manifestement illicites ou pr\u00e9judiciables ne soient diffus\u00e9s sur le r\u00e9seau par l'interm\u00e9diaire de ses pages web.<\/p>\n<p><strong>LA COMPAGNIE<\/strong> reconna\u00eet les droits de propri\u00e9t\u00e9 intellectuelle et industrielle correspondants en faveur de leurs propri\u00e9taires, et leur simple mention ou apparition sur le site web n'implique l'existence d'aucun droit ou responsabilit\u00e9 de quelque nature que ce soit sur ceux-ci, ni aucune approbation, parrainage ou recommandation de leur part.<\/p>\n<p>Pour formuler des observations sur d'\u00e9ventuelles violations des droits de propri\u00e9t\u00e9 intellectuelle ou industrielle, ainsi que sur tout contenu du site web, vous pouvez envoyer un courrier \u00e9lectronique \u00e0 l'adresse suivante <a href=\"mailto:asmiguinasdocebreiro@gmail.com\">asmiguinasdocebreiro@gmail.com<\/a><\/p>\n<p>&nbsp;<\/p>\n<ol start=\"6\">\n<li><strong>COMMUNICATIONS COMMERCIALES<\/strong><\/li>\n<\/ol>\n<p>Sous r\u00e9serve de votre consentement expr\u00e8s (qui sera obtenu par le biais d'une case exclusive sur nos formulaires), nous pourrons utiliser vos donn\u00e9es personnelles pour vous contacter \u00e0 l'avenir afin de r\u00e9aliser des actions commerciales susceptibles de vous int\u00e9resser, toujours en rapport avec les produits et\/ou services offerts par l'entreprise. Dans tous les cas, vous aurez toujours la possibilit\u00e9 de \"ne plus recevoir\" ces e-mails au bas de ces messages ou de nous en informer en envoyant un e-mail \u00e0 l'adresse suivante : <a href=\"mailto:asmiguinasdocebreiro@gmail.com\">asmiguinasdocebreiro@gmail.com<\/a>. Toutefois, vous pouvez continuer \u00e0 recevoir des notifications et des courriers \u00e9lectroniques tant qu'ils sont n\u00e9cessaires et essentiels au maintien de nos transactions contractuelles. Conform\u00e9ment \u00e0 la loi 34\/2002, du 11 juillet, sur les services de la soci\u00e9t\u00e9 de l'information et le commerce \u00e9lectronique (\"LSSI\"), nous n'utiliserons pas ces informations \u00e0 d'autres fins. <strong>LA COMPAGNIE <\/strong>n'envoie pas de communications publicitaires ou promotionnelles par courrier \u00e9lectronique ou tout autre moyen \u00e9quivalent de communication \u00e9lectronique qui n'ont pas \u00e9t\u00e9 pr\u00e9alablement demand\u00e9es ou express\u00e9ment autoris\u00e9es par les destinataires de ces communications.<\/p>\n<p>Veuillez noter que m\u00eame si vous choisissez de ne pas vous abonner ou de vous d\u00e9sabonner des communications \u00e9lectroniques promotionnelles ou commerciales, <strong>LA COMPAGNIE <\/strong>peut toujours avoir besoin de vous contacter en tant qu'Utilisateur avec des informations transactionnelles importantes concernant votre compte et vos achats de produits, vos r\u00e9servations d'activit\u00e9s ou vos contrats d'autres services.<\/p>\n<p>&nbsp;<\/p>\n<ol start=\"7\">\n<li><strong>COOKIES<\/strong><\/li>\n<\/ol>\n<p>Notre politique concernant l'utilisation des cookies est expos\u00e9e dans le document Politique en mati\u00e8re de cookies.<\/p>\n<p>&nbsp;<\/p>\n<ol start=\"8\">\n<li><strong>PROTECTION DES DONN\u00c9ES PERSONNELLES<\/strong><\/li>\n<\/ol>\n<p>Nuestra pol\u00edtica con relaci\u00f3n al tratamiento que realizamos de sus datos de car\u00e1cter personal se expone en el documento Pol\u00edtica de Privacidad.<\/p>\n<p>&nbsp;<\/p>\n<ol start=\"9\">\n<li><strong>EXCLUSI\u00d3N DE RESPONSABILIDAD<\/strong><\/li>\n<\/ol>\n<p><strong>A partir de l'information :<\/strong> L?acc\u00e8s au site web n?implique aucune obligation de la part de LA COMPAGNIE de v\u00e9rifier la v\u00e9racit\u00e9, l?exactitude, l?ad\u00e9quation, la pertinence, l?exhaustivit\u00e9 et l?actualit\u00e9 des informations fournies par le biais de ce site. Le contenu de cette page est de nature g\u00e9n\u00e9rale et ne constitue en aucun cas la fourniture d'un service de conseil juridique ou fiscal de quelque nature que ce soit, de sorte que ces informations sont insuffisantes pour permettre \u00e0 l'utilisateur de prendre des d\u00e9cisions personnelles ou professionnelles. <strong>LA COMPAGNIE<\/strong> n'est pas responsable des d\u00e9cisions prises sur la base des informations fournies sur le site web ni des dommages caus\u00e9s \u00e0 l'utilisateur ou \u00e0 des tiers \u00e0 la suite d'actions fond\u00e9es uniquement sur les informations obtenues sur le site web.<\/p>\n<p><strong>Qualit\u00e9 du service :<\/strong> L'acc\u00e8s au site web n'implique aucune obligation de la part de <strong>LA COMPAGNIE<\/strong> contr\u00f4ler l'absence de virus, de vers ou de tout autre \u00e9l\u00e9ment informatique nuisible. Il incombe \u00e0 l'utilisateur, en tout \u00e9tat de cause, de s'assurer de la disponibilit\u00e9 d'outils ad\u00e9quats pour la d\u00e9tection et la d\u00e9sinfection des programmes informatiques nuisibles. <strong>LA COMPAGNIE<\/strong> n'est pas responsable des dommages caus\u00e9s aux \u00e9quipements informatiques des utilisateurs ou des tiers lors de la fourniture du service du site web.<\/p>\n<p><strong>La disponibilit\u00e9 du service :<\/strong> L'acc\u00e8s au site Internet n\u00e9cessite des services et des fournitures de la part de tiers, y compris le transport via des r\u00e9seaux de t\u00e9l\u00e9communications, dont la fiabilit\u00e9, la qualit\u00e9, la continuit\u00e9 et le fonctionnement ne rel\u00e8vent pas de la responsabilit\u00e9 de <strong>LA COMPAGNIE<\/strong>. Par cons\u00e9quent, les services fournis par l'interm\u00e9diaire du site web peuvent \u00eatre suspendus, annul\u00e9s ou devenir inaccessibles, avant ou en m\u00eame temps que la fourniture du service du site web. <strong>LA COMPAGNIE<\/strong> n'est pas responsable des dommages de toute nature caus\u00e9s \u00e0 l'utilisateur \u00e0 la suite de d\u00e9faillances ou de d\u00e9connexions des r\u00e9seaux de t\u00e9l\u00e9communications qui entra\u00eenent la suspension, l'annulation ou l'interruption du service du site web pendant la fourniture de ce dernier ou avant.<\/p>\n<ol start=\"10\">\n<li><strong>L\u00c9GISLATION ET JURIDICTION<\/strong><\/li>\n<\/ol>\n<p>Les pr\u00e9sentes conditions g\u00e9n\u00e9rales sont r\u00e9gies par les pr\u00e9sentes conditions et, \u00e0 d\u00e9faut, par les dispositions de la loi espagnole. Pour toute controverse pouvant survenir dans l'interpr\u00e9tation ou l'ex\u00e9cution des pr\u00e9sentes conditions, l'utilisateur et\u00a0<strong>LA COMPAGNIE<\/strong> acceptent express\u00e9ment de se soumettre aux Cours et Tribunaux qui pourraient correspondre conform\u00e9ment \u00e0 la l\u00e9gislation applicable.<\/p>\n<p>[\/et_pb_text][\/et_pb_column][\/et_pb_row][\/et_pb_section]<\/p>","protected":false},"excerpt":{"rendered":"<p>AVISO LEGAL \u00daltima modificaci\u00f3n: 25 de mayo de 2023 Versi\u00f3n: 1.0 Aviso Legal Gracias por visitar este sitio web. &nbsp; Lee detenidamente los T\u00e9rminos y Condiciones que constan en este documento, ya que el uso de este sitio web implica la expresa y plena aceptaci\u00f3n de los mismos, en la versi\u00f3n publicada en el momento [&hellip;]<\/p>","protected":false},"author":1,"featured_media":0,"parent":0,"menu_order":0,"comment_status":"closed","ping_status":"closed","template":"","meta":{"_et_pb_use_builder":"on","_et_pb_old_content":"","_et_gb_content_width":"","footnotes":""},"class_list":["post-372","page","type-page","status-publish","hentry"],"_links":{"self":[{"href":"https:\/\/asmiguinasdocebreiro.com\/fr\/wp-json\/wp\/v2\/pages\/372","targetHints":{"allow":["GET"]}}],"collection":[{"href":"https:\/\/asmiguinasdocebreiro.com\/fr\/wp-json\/wp\/v2\/pages"}],"about":[{"href":"https:\/\/asmiguinasdocebreiro.com\/fr\/wp-json\/wp\/v2\/types\/page"}],"author":[{"embeddable":true,"href":"https:\/\/asmiguinasdocebreiro.com\/fr\/wp-json\/wp\/v2\/users\/1"}],"replies":[{"embeddable":true,"href":"https:\/\/asmiguinasdocebreiro.com\/fr\/wp-json\/wp\/v2\/comments?post=372"}],"version-history":[{"count":4,"href":"https:\/\/asmiguinasdocebreiro.com\/fr\/wp-json\/wp\/v2\/pages\/372\/revisions"}],"predecessor-version":[{"id":380,"href":"https:\/\/asmiguinasdocebreiro.com\/fr\/wp-json\/wp\/v2\/pages\/372\/revisions\/380"}],"wp:attachment":[{"href":"https:\/\/asmiguinasdocebreiro.com\/fr\/wp-json\/wp\/v2\/media?parent=372"}],"curies":[{"name":"wp","href":"https:\/\/api.w.org\/{rel}","templated":true}]}}