{"id":339,"date":"2023-11-03T18:27:45","date_gmt":"2023-11-03T17:27:45","guid":{"rendered":"https:\/\/asmiguinasdocebreiro.com\/?page_id=339"},"modified":"2024-04-06T11:06:46","modified_gmt":"2024-04-06T09:06:46","slug":"via-kunig","status":"publish","type":"page","link":"https:\/\/asmiguinasdocebreiro.com\/fr\/via-kunig\/","title":{"rendered":"V\u00eda K\u00fcnig"},"content":{"rendered":"<p>[et_pb_section fb_built=\u00bb1&#8243; disabled_on=\u00bbon|on|off\u00bb admin_label=\u00bbCall to Action\u00bb module_id=\u00bbhabitaciones\u00bb _builder_version=\u00bb4.22.2&#8243; _module_preset=\u00bbdefault\u00bb background_image=\u00bbhttps:\/\/asmiguinasdocebreiro.com\/wp-content\/uploads\/2023\/11\/hostal-o-cebreiro-66-de-67.jpg\u00bb custom_padding=\u00bb263px||263px||true|false\u00bb collapsed=\u00bbon\u00bb global_colors_info=\u00bb{}\u00bb][\/et_pb_section][et_pb_section fb_built=\u00bb1&#8243; disabled_on=\u00bbon|off|on\u00bb admin_label=\u00bbCall to Action\u00bb module_id=\u00bbhabitaciones\u00bb _builder_version=\u00bb4.22.2&#8243; _module_preset=\u00bbdefault\u00bb background_image=\u00bbhttps:\/\/asmiguinasdocebreiro.com\/wp-content\/uploads\/2023\/11\/hostal-o-cebreiro-66-de-67.jpg\u00bb custom_padding=\u00bb169px||169px||true|false\u00bb collapsed=\u00bbon\u00bb global_colors_info=\u00bb{}\u00bb][\/et_pb_section][et_pb_section fb_built=\u00bb1&#8243; disabled_on=\u00bboff|on|on\u00bb admin_label=\u00bbCall to Action\u00bb module_id=\u00bbhabitaciones\u00bb _builder_version=\u00bb4.22.2&#8243; _module_preset=\u00bbdefault\u00bb background_image=\u00bbhttps:\/\/asmiguinasdocebreiro.com\/wp-content\/uploads\/2023\/11\/hostal-o-cebreiro-66-de-67.jpg\u00bb custom_padding=\u00bb81px||81px||true|false\u00bb collapsed=\u00bbon\u00bb global_colors_info=\u00bb{}\u00bb][\/et_pb_section][et_pb_section fb_built=\u00bb1&#8243; _builder_version=\u00bb4.22.2&#8243; _module_preset=\u00bbdefault\u00bb custom_padding=\u00bb50px||20px|||\u00bb global_colors_info=\u00bb{}\u00bb][et_pb_row _builder_version=\u00bb4.22.2&#8243; _module_preset=\u00bbdefault\u00bb global_colors_info=\u00bb{}\u00bb][et_pb_column type=\u00bb4_4&#8243; _builder_version=\u00bb4.22.2&#8243; _module_preset=\u00bbdefault\u00bb global_colors_info=\u00bb{}\u00bb][et_pb_text _builder_version=\u00bb4.22.2&#8243; _module_preset=\u00bbdefault\u00bb header_font=\u00bbPrata||||||||\u00bb header_text_align=\u00bbcenter\u00bb header_font_size=\u00bb3rem\u00bb header_line_height=\u00bb1.5em\u00bb header_2_font=\u00bbPrata||||||||\u00bb header_2_text_align=\u00bbcenter\u00bb header_2_font_size=\u00bb3rem\u00bb header_2_line_height=\u00bb1.5em\u00bb global_colors_info=\u00bb{}\u00bb]<\/p>\n<h1><b>V\u00eda K\u00fcnig<\/b><\/h1>\n<p>[\/et_pb_text][\/et_pb_column][\/et_pb_row][et_pb_row _builder_version=\u00bb4.22.2&#8243; _module_preset=\u00bbdefault\u00bb custom_padding=\u00bb30px|||||\u00bb global_colors_info=\u00bb{}\u00bb][et_pb_column type=\u00bb4_4&#8243; _builder_version=\u00bb4.22.2&#8243; _module_preset=\u00bbdefault\u00bb global_colors_info=\u00bb{}\u00bb][et_pb_text _builder_version=\u00bb4.22.2&#8243; _module_preset=\u00bbdefault\u00bb text_font=\u00bbPrata||||||||\u00bb text_font_size=\u00bb1.2rem\u00bb text_line_height=\u00bb1.6em\u00bb header_font=\u00bbPetrona||||||||\u00bb header_text_align=\u00bbcenter\u00bb header_font_size=\u00bb3rem\u00bb header_line_height=\u00bb1.5em\u00bb header_2_font=\u00bbPrata||||||||\u00bb header_2_text_align=\u00bbcenter\u00bb header_2_font_size=\u00bb2rem\u00bb header_2_line_height=\u00bb1.5em\u00bb hover_enabled=\u00bb0&#8243; text_font_size_tablet=\u00bb1.3rem\u00bb text_font_size_phone=\u00bb1.3rem\u00bb text_font_size_last_edited=\u00bbon|phone\u00bb global_colors_info=\u00bb{}\u00bb sticky_enabled=\u00bb0&#8243;]<\/p>\n<h2>V\u00eda K\u00fcnig<\/h2>\n<p><strong>Hermann K\u00fcning de Vach<\/strong>,moine du monast\u00e8re du<span>\u00a0<\/span><strong>Ordre Vacha Servite<\/strong><span>\u00a0<\/span>(Allemagne) r\u00e9dig\u00e9 en 1495 a<span>\u00a0<\/span><strong>guide du p\u00e8lerin<\/strong><span>\u00a0<\/span>qui recueille des lieux, des distances, des conseils et des informations utiles pour le p\u00e8lerinage<span>\u00a0<\/span><strong>Santiago de Compostela<\/strong>.<\/p>\n<p>Ce guide, principalement destin\u00e9 aux p\u00e8lerins allemands, publi\u00e9 \u00e0 5 reprises, t\u00e9moigne de l'importance du p\u00e8lerinage pour <strong>Compostela<\/strong><span>\u00a0<\/span>\u00e0 travers cette variante de la<span>\u00a0<\/span><strong>route fran\u00e7aise<\/strong><span>\u00a0<\/span>par Lugo \u00e0 la fin du XVe si\u00e8cle.<\/p>\n<p>\u00c0 travers ses vers, nous d\u00e9couvrons des histoires et des l\u00e9gendes sur le Chemin et sa propre exp\u00e9rience en tant que p\u00e8lerin.<\/p>\n<p>Un voyage qui nous ram\u00e8ne au quotidien du marcheur<span>\u00a0<\/span><strong>h\u00e9bergement<\/strong>,<span>\u00a0<\/span><strong>les bifurcations de la route<\/strong>,<span>\u00a0<\/span><strong>\u00e9change de devises<\/strong>,<span>\u00a0<\/span><strong>voyages<\/strong>,<span>\u00a0<\/span><strong>ponts<\/strong><span>\u00a0<\/span>et<span>\u00a0<\/span><strong>points d'aide<\/strong>.<\/p>\n<p>L'itin\u00e9raire suivi par<span>\u00a0<\/span><strong>Hermann K\u00fcning<\/strong><span>\u00a0<\/span>commence dans la ville allemande de<span>\u00a0<\/span><strong>Vacha<\/strong>et entre dans le<span>\u00a0<\/span><strong>P\u00e9ninsule ib\u00e9rique<\/strong><span>\u00a0<\/span>par<span>\u00a0<\/span><strong>Roncesvalles<\/strong>.\u00c0 l'entr\u00e9e de la<span>\u00a0<\/span><strong>Galicia<\/strong>, \u00e1<span>\u00a0<\/span><strong>Herrer\u00edas de Valc\u00e1rcel<\/strong>, prenez la<span>\u00a0<\/span><strong>Piedrafita, <\/strong>o\u00f9 vous trouverez un h\u00e9bergement dans <strong>\u00abAs Migui\u00f1as do Cebreiro\u00bb,<\/strong><span>\u00a0<\/span>et continuez par<span>\u00a0<\/span><strong>As Nogais<\/strong>,<span>\u00a0<\/span><strong>Becerrea<\/strong>,<span>\u00a0<\/span><strong>Baralla<\/strong><span>\u00a0<\/span>et<span>\u00a0<\/span><strong>O Corgo<\/strong>jusqu'\u00e0 la ville de<span>\u00a0<\/span><strong>Lugo<\/strong>o\u00f9 vous rejoindrez la route du<span>\u00a0<\/span><strong>Chemin Primitif<\/strong><span>\u00a0<\/span>\u00e0<span>\u00a0<\/span><strong>Santiago de Compostela<\/strong>.<\/p>\n<p>Explorez les chemins visibles et invisibles. Voie romaine XIX, Voie royale de Charles III, Voie m\u00e9di\u00e9vale. D\u00e9couvrez-les dans les pas des p\u00e8lerins de la Via K\u00fcnig.<\/p>\n<p>Respirez au c\u0153ur de la nature en parcourant un sentier qui traverse des for\u00eats indig\u00e8nes de ch\u00eanes et de ch\u00e2taigniers centenaires.<\/p>\n<p>Profitez d'un paysage qui vous s\u00e9duira par son authenticit\u00e9 dans un environnement de tranquillit\u00e9 qui attire la paix int\u00e9rieure.<\/p>\n<p>D\u00e9couvrez la magie d'un<span>\u00a0<\/span><strong>Camino de Santiago<\/strong><span>\u00a0<\/span>diff\u00e9rent.<\/p>\n<p>Vous pouvez obtenir plus d'informations en cliquant sur le lien suivant.<\/p>\n<p><a href=\"https:\/\/es-es.facebook.com\/HermannKunig\/\" target=\"_blank\" rel=\"noopener noreferrer\">https:\/\/es-es.facebook.com\/HermannKunig\/<\/a><\/p>\n<p>[\/et_pb_text][\/et_pb_column][\/et_pb_row][\/et_pb_section]<\/p>","protected":false},"excerpt":{"rendered":"<p>V\u00eda K\u00fcnigV\u00eda K\u00fcnig Hermann K\u00fcning de Vach. monje del monasterio de la\u00a0orden servita de Vacha\u00a0(Alemania) redact\u00f3 en 1495 una\u00a0gu\u00eda de peregrinos\u00a0que recoge lugares, distancias, consejos e informaci\u00f3n \u00fatil para peregrinar\u00a0Santiago de Compostela. Esta gu\u00eda, dirigida sobretodo a peregrinos alemanes, editada en 5 ocasiones, es testigo de la importancia de la peregrinaci\u00f3n a Compostela\u00a0a trav\u00e9s de [&hellip;]<\/p>","protected":false},"author":1,"featured_media":92,"parent":0,"menu_order":0,"comment_status":"closed","ping_status":"closed","template":"","meta":{"_et_pb_use_builder":"on","_et_pb_old_content":"","_et_gb_content_width":"","footnotes":""},"class_list":["post-339","page","type-page","status-publish","has-post-thumbnail","hentry"],"_links":{"self":[{"href":"https:\/\/asmiguinasdocebreiro.com\/fr\/wp-json\/wp\/v2\/pages\/339","targetHints":{"allow":["GET"]}}],"collection":[{"href":"https:\/\/asmiguinasdocebreiro.com\/fr\/wp-json\/wp\/v2\/pages"}],"about":[{"href":"https:\/\/asmiguinasdocebreiro.com\/fr\/wp-json\/wp\/v2\/types\/page"}],"author":[{"embeddable":true,"href":"https:\/\/asmiguinasdocebreiro.com\/fr\/wp-json\/wp\/v2\/users\/1"}],"replies":[{"embeddable":true,"href":"https:\/\/asmiguinasdocebreiro.com\/fr\/wp-json\/wp\/v2\/comments?post=339"}],"version-history":[{"count":7,"href":"https:\/\/asmiguinasdocebreiro.com\/fr\/wp-json\/wp\/v2\/pages\/339\/revisions"}],"predecessor-version":[{"id":515,"href":"https:\/\/asmiguinasdocebreiro.com\/fr\/wp-json\/wp\/v2\/pages\/339\/revisions\/515"}],"wp:featuredmedia":[{"embeddable":true,"href":"https:\/\/asmiguinasdocebreiro.com\/fr\/wp-json\/wp\/v2\/media\/92"}],"wp:attachment":[{"href":"https:\/\/asmiguinasdocebreiro.com\/fr\/wp-json\/wp\/v2\/media?parent=339"}],"curies":[{"name":"wp","href":"https:\/\/api.w.org\/{rel}","templated":true}]}}