{"id":329,"date":"2023-10-28T20:46:44","date_gmt":"2023-10-28T18:46:44","guid":{"rendered":"https:\/\/asmiguinasdocebreiro.com\/?page_id=329"},"modified":"2024-04-05T22:55:26","modified_gmt":"2024-04-05T20:55:26","slug":"ponferrada","status":"publish","type":"page","link":"https:\/\/asmiguinasdocebreiro.com\/fr\/ponferrada\/","title":{"rendered":"Ponferrada"},"content":{"rendered":"<p>[et_pb_section fb_built=\u00bb1&#8243; disabled_on=\u00bbon|on|off\u00bb admin_label=\u00bbCall to Action\u00bb module_id=\u00bbhabitaciones\u00bb _builder_version=\u00bb4.22.2&#8243; _module_preset=\u00bbdefault\u00bb background_image=\u00bbhttps:\/\/asmiguinasdocebreiro.com\/wp-content\/uploads\/2023\/10\/ponferrada.webp\u00bb custom_padding=\u00bb262px||262px||true|false\u00bb collapsed=\u00bbon\u00bb global_colors_info=\u00bb{}\u00bb][\/et_pb_section][et_pb_section fb_built=\u00bb1&#8243; disabled_on=\u00bbon|off|on\u00bb admin_label=\u00bbCall to Action\u00bb module_id=\u00bbhabitaciones\u00bb _builder_version=\u00bb4.22.2&#8243; _module_preset=\u00bbdefault\u00bb background_image=\u00bbhttps:\/\/asmiguinasdocebreiro.com\/wp-content\/uploads\/2023\/10\/ponferrada.webp\u00bb custom_padding=\u00bb169px||169px||true|false\u00bb collapsed=\u00bbon\u00bb global_colors_info=\u00bb{}\u00bb][\/et_pb_section][et_pb_section fb_built=\u00bb1&#8243; disabled_on=\u00bboff|on|on\u00bb admin_label=\u00bbCall to Action\u00bb module_id=\u00bbhabitaciones\u00bb _builder_version=\u00bb4.22.2&#8243; _module_preset=\u00bbdefault\u00bb background_image=\u00bbhttps:\/\/asmiguinasdocebreiro.com\/wp-content\/uploads\/2023\/10\/ponferrada.webp\u00bb custom_padding=\u00bb81px||81px||true|false\u00bb collapsed=\u00bbon\u00bb global_colors_info=\u00bb{}\u00bb][\/et_pb_section][et_pb_section fb_built=\u00bb1&#8243; _builder_version=\u00bb4.22.2&#8243; _module_preset=\u00bbdefault\u00bb custom_padding=\u00bb50px||20px|||\u00bb global_colors_info=\u00bb{}\u00bb][et_pb_row _builder_version=\u00bb4.22.2&#8243; _module_preset=\u00bbdefault\u00bb global_colors_info=\u00bb{}\u00bb custom_padding=\u00bb||32px|||\u00bb][et_pb_column type=\u00bb4_4&#8243; _builder_version=\u00bb4.22.2&#8243; _module_preset=\u00bbdefault\u00bb global_colors_info=\u00bb{}\u00bb][et_pb_text _builder_version=\u00bb4.22.2&#8243; _module_preset=\u00bbdefault\u00bb header_font=\u00bbPrata||||||||\u00bb header_text_align=\u00bbcenter\u00bb header_font_size=\u00bb3rem\u00bb header_line_height=\u00bb1.5em\u00bb header_2_font=\u00bbPrata||||||||\u00bb header_2_text_align=\u00bbcenter\u00bb header_2_font_size=\u00bb3rem\u00bb header_2_line_height=\u00bb1.5em\u00bb global_colors_info=\u00bb{}\u00bb]<\/p>\n<h1><strong>Ponferrada<\/strong><\/h1>\n<p>[\/et_pb_text][\/et_pb_column][\/et_pb_row][et_pb_row _builder_version=\u00bb4.22.2&#8243; _module_preset=\u00bbdefault\u00bb global_colors_info=\u00bb{}\u00bb][et_pb_column type=\u00bb4_4&#8243; _builder_version=\u00bb4.22.2&#8243; _module_preset=\u00bbdefault\u00bb global_colors_info=\u00bb{}\u00bb][et_pb_text _builder_version=\u00bb4.22.2&#8243; _module_preset=\u00bbdefault\u00bb text_font=\u00bbPrata||||||||\u00bb text_font_size=\u00bb1.2rem\u00bb text_line_height=\u00bb1.6em\u00bb header_font=\u00bbPetrona||||||||\u00bb header_text_align=\u00bbcenter\u00bb header_font_size=\u00bb3rem\u00bb header_line_height=\u00bb1.5em\u00bb header_2_font=\u00bbPrata||||||||\u00bb header_2_text_align=\u00bbcenter\u00bb header_2_font_size=\u00bb2rem\u00bb header_2_line_height=\u00bb1.5em\u00bb text_font_size_tablet=\u00bb1.3rem\u00bb text_font_size_phone=\u00bb1.3rem\u00bb text_font_size_last_edited=\u00bbon|phone\u00bb global_colors_info=\u00bb{}\u00bb]<\/p>\n<h2>Ponferrada<\/h2>\n<p><b>Ponferrada<\/b>\u00a0est une municipalit\u00e9 et une ville d'Espagne, capitale de la r\u00e9gion de\u00a0<a title=\"El Bierzo\" href=\"http:\/\/es.wikipedia.org\/wiki\/El_Bierzo\" target=\"_blank\" rel=\"noopener\">El Bierzo<\/a>, la ville est situ\u00e9e dans la province de Le\u00f3n, dans la r\u00e9gion autonome de Castilla y Le\u00f3n. Elle se trouve au confluent des rivi\u00e8res\u00a0<a title=\"R\u00edo Sil\" href=\"http:\/\/es.wikipedia.org\/wiki\/R%C3%ADo_Sil\" target=\"_blank\" rel=\"noopener\">Sil<\/a>\u00a0et\u00a0<a title=\"R\u00edo Boeza\" href=\"http:\/\/es.wikipedia.org\/wiki\/R%C3%ADo_Boeza\" target=\"_blank\" rel=\"noopener\">Boeza<\/a>. Avec une population de 68 121 habitants, elle est la deuxi\u00e8me ville de la province avec une zone m\u00e9tropolitaine de 88 975 habitants.<\/p>\n<p>Bien qu'il y ait des signes de peuplement aussi bien au N\u00e9olithique (sur les rives du Sil), qu'\u00e0 l'\u00e2ge du fer et \u00e0 l'\u00e9poque romaine, il a fallu attendre le\u00a0<a title=\"Siglo XI\" href=\"http:\/\/es.wikipedia.org\/wiki\/Siglo_XI\" target=\"_blank\" rel=\"noopener\">siglo XI<\/a>\u00a0que nous disposons de preuves documentaires. C'est \u00e0 la fin de ce si\u00e8cle que l'\u00e9v\u00eaque Osmundo de\u00a0<a title=\"Astorga\" href=\"http:\/\/es.wikipedia.org\/wiki\/Astorga\" target=\"_blank\" rel=\"noopener\">Astorga<\/a>\u00a0a ordonn\u00e9 la construction d'un pont en l'an 1082 pour les p\u00e8lerins de la\u00a0<a title=\"Camino de Santiago\" href=\"http:\/\/es.wikipedia.org\/wiki\/Camino_de_Santiago\" target=\"_blank\" rel=\"noopener\">Camino de Santiago<\/a>, les difficult\u00e9s li\u00e9es \u00e0 l'adoption de la\u00a0<a title=\"R\u00edo Sil\" href=\"http:\/\/es.wikipedia.org\/wiki\/R%C3%ADo_Sil\" target=\"_blank\" rel=\"noopener\">r\u00edo Sil<\/a>\u00a0au col pr\u00e9c\u00e9dent, \u00e0 la hauteur de l'actuel quartier de Compostilla. Il fut renforc\u00e9 avec du fer, ce qui donna plus tard son nom \u00e0 la ville qui se d\u00e9veloppa autour de lui, sur les rives de la rivi\u00e8re\u00a0<a title=\"Sil (r\u00edo)\" href=\"http:\/\/es.wikipedia.org\/wiki\/Sil_(r%C3%ADo)\" target=\"_blank\" rel=\"noopener\">Sil<\/a>. Une autre th\u00e9orie sur le nom de Ponferrada vient \u00e9galement de Pons Ferrata mais avec la traduction de pont fortifi\u00e9.<\/p>\n<p>L'\u00e9glise de San Pedro a \u00e9t\u00e9 fond\u00e9e en 1086 et c'est autour d'elle qu'est n\u00e9e la \"Puebla de San Pedro\", qui est le premier nom donn\u00e9 \u00e0 Ponferrada, et qui le sera peu apr\u00e8s\u00a0<b>Ponte Ferrato<\/b>. Elle est pass\u00e9e entre plusieurs mains, d'abord celle de la\u00a0<a title=\"Orden del Temple\" href=\"http:\/\/es.wikipedia.org\/wiki\/Orden_del_Temple\" target=\"_blank\" rel=\"noopener\">Ordre du Temple<\/a>\u00a0Ils \u00e9taient charg\u00e9s de d\u00e9fendre la route.<\/p>\n<p>En 1180, le roi du L\u00e9on\u00a0<a title=\"Ferdinand II de Le\u00f3n\" href=\"http:\/\/es.wikipedia.org\/wiki\/Fernando_II_de_Le%C3%B3n\" target=\"_blank\" rel=\"noopener\">Ferdinand II de Le\u00f3n<\/a>\u00a0a accord\u00e9 \u00e0 la ville ses premi\u00e8res chartes. Au cours des XIIIe et XIVe si\u00e8cles, d\u00e9j\u00e0 entour\u00e9e de remparts, la ville a commenc\u00e9 \u00e0 se d\u00e9velopper, tandis que des paysans, des marchands et des artisans apparaissaient \u00e0 l'int\u00e9rieur des remparts et dans les environs, \u00e0 l'ombre du\u00a0<a title=\"Camino de Santiago\" href=\"http:\/\/es.wikipedia.org\/wiki\/Camino_de_Santiago\" target=\"_blank\" rel=\"noopener\">camino<\/a>\u00a0et qui a conduit \u00e0 une croissance rapide et soutenue. La muraille poss\u00e8de quatre portes d'entr\u00e9e : El cristo, Parais\u00edn, Las nieves et Las eras. \u00c0 la p\u00e9riph\u00e9rie de la ville se trouve une communaut\u00e9 juive.<\/p>\n<p>Lorsque l'ordre disparut en 1312, ils pass\u00e8rent dans les familles d'Osorio, ou des\u00a0<a title=\"Comte de Lemos\" href=\"http:\/\/es.wikipedia.org\/wiki\/Conde_de_Lemos\" target=\"_blank\" rel=\"noopener\">Comte de Lemos<\/a>\u00a0entre autres, jusqu'\u00e0 ce que la\u00a0<a title=\"Monarques catholiques\" href=\"http:\/\/es.wikipedia.org\/wiki\/Reyes_Cat%C3%B3licos\" target=\"_blank\" rel=\"noopener\">Monarques catholiques<\/a>\u00a0Le ch\u00e2teau de Lemos a \u00e9t\u00e9 revendiqu\u00e9 par l'\u00c9glise catholique \u00e0 la suite d'un conflit entre le comte de Lemos et son fils au XVIe si\u00e8cle, qui a donn\u00e9 lieu \u00e0 plusieurs batailles dans le ch\u00e2teau et \u00e0 la prise et \u00e0 la r\u00e9cup\u00e9ration successives de la place par chacun d'entre eux. Finalement, les Rois Catholiques d\u00e9cid\u00e8rent que le ch\u00e2teau et la ville \u00e9taient leur propri\u00e9t\u00e9, un acte qui mit fin aux escarmouches. Depuis lors et jusqu'\u00e0 la fin de l'Ancien R\u00e9gime, ils ont proc\u00e9d\u00e9 \u00e0 la nomination d'un corregidor dans la ville, le premier \u00e9tant Don Juan de Torres.<\/p>\n<p>En 2008, le centenaire de l'octroi du titre de ville \u00e0 Ponferrada a \u00e9t\u00e9 c\u00e9l\u00e9br\u00e9, co\u00efncidant avec le centenaire du couronnement de la Virgen de la Encina en tant que patronne de la r\u00e9gion. L'octroi du titre de ville s'est d\u00e9roul\u00e9 comme suit :<\/p>\n<blockquote>\n<p>Le 4 septembre 1908, le roi d'Espagne\u00a0<a title=\"Alfonso XIII\" href=\"http:\/\/es.wikipedia.org\/wiki\/Alfonso_XIII\" target=\"_blank\" rel=\"noopener\">Alfonso XIII<\/a>\u00a0accord\u00e9 \u00e0 Ponferrada le titre de ville.<\/p>\n<\/blockquote>\n<p>La Villa de Ponferrada de l'\u00e9poque en avait fait la demande car elle estimait que son prestige, sa croissance et sa force m\u00e9ritaient ce titre et, profitant du couronnement de la Vierge de Ponferrada, la Villa de Ponferrada s'est vu attribuer ce titre.\u00a0<a title=\"Virgen de La Encina (Ponferrada)\" href=\"http:\/\/es.wikipedia.org\/wiki\/Virgen_de_La_Encina_(Ponferrada)\" target=\"_blank\" rel=\"noopener\">Virgen de la Encina<\/a>\u00a0(qui devait avoir lieu la m\u00eame ann\u00e9e pour co\u00efncider avec la f\u00eate principale), le jeune roi a pris le temps, pendant ses vacances \u00e0 San Sebasti\u00e1n, d'acc\u00e9der \u00e0 cette demande.<\/p>\n<p>Deux jours plus tard, la lettre est arriv\u00e9e dans notre ville et, le 7 septembre, elle a \u00e9t\u00e9 publi\u00e9e dans La Gaceta de Madrid, l'ancien journal officiel de l'\u00c9tat.<\/p>\n<p>[\/et_pb_text][\/et_pb_column][\/et_pb_row][\/et_pb_section]<\/p>","protected":false},"excerpt":{"rendered":"<p>PonferradaPonferrada Ponferrada\u00a0es un municipio y ciudad de\u00a0Espa\u00f1a, capital de la comarca de\u00a0El Bierzo, en la\u00a0provincia de Le\u00f3n, comunidad aut\u00f3noma de\u00a0Castilla y Le\u00f3n. Est\u00e1 situada en la confluencia de los r\u00edos\u00a0Sil\u00a0y\u00a0Boeza. Tiene una poblaci\u00f3n de 68\u00a0121 habitantes, siendo la segunda ciudad en importancia de la provincia con un\u00a0\u00e1rea metropolitana\u00a0de 88.975 habitantes. Aunque existen indicios de poblamiento [&hellip;]<\/p>","protected":false},"author":1,"featured_media":0,"parent":0,"menu_order":0,"comment_status":"closed","ping_status":"closed","template":"","meta":{"_et_pb_use_builder":"on","_et_pb_old_content":"","_et_gb_content_width":"","footnotes":""},"class_list":["post-329","page","type-page","status-publish","hentry"],"_links":{"self":[{"href":"https:\/\/asmiguinasdocebreiro.com\/fr\/wp-json\/wp\/v2\/pages\/329","targetHints":{"allow":["GET"]}}],"collection":[{"href":"https:\/\/asmiguinasdocebreiro.com\/fr\/wp-json\/wp\/v2\/pages"}],"about":[{"href":"https:\/\/asmiguinasdocebreiro.com\/fr\/wp-json\/wp\/v2\/types\/page"}],"author":[{"embeddable":true,"href":"https:\/\/asmiguinasdocebreiro.com\/fr\/wp-json\/wp\/v2\/users\/1"}],"replies":[{"embeddable":true,"href":"https:\/\/asmiguinasdocebreiro.com\/fr\/wp-json\/wp\/v2\/comments?post=329"}],"version-history":[{"count":5,"href":"https:\/\/asmiguinasdocebreiro.com\/fr\/wp-json\/wp\/v2\/pages\/329\/revisions"}],"predecessor-version":[{"id":509,"href":"https:\/\/asmiguinasdocebreiro.com\/fr\/wp-json\/wp\/v2\/pages\/329\/revisions\/509"}],"wp:attachment":[{"href":"https:\/\/asmiguinasdocebreiro.com\/fr\/wp-json\/wp\/v2\/media?parent=329"}],"curies":[{"name":"wp","href":"https:\/\/api.w.org\/{rel}","templated":true}]}}