{"id":321,"date":"2023-10-28T20:36:26","date_gmt":"2023-10-28T18:36:26","guid":{"rendered":"https:\/\/asmiguinasdocebreiro.com\/?page_id=321"},"modified":"2024-04-05T22:54:44","modified_gmt":"2024-04-05T20:54:44","slug":"sierra-del-caurel","status":"publish","type":"page","link":"https:\/\/asmiguinasdocebreiro.com\/fr\/sierra-del-caurel\/","title":{"rendered":"Sierra del Caurel"},"content":{"rendered":"<p>[et_pb_section fb_built=\u00bb1&#8243; disabled_on=\u00bbon|on|off\u00bb admin_label=\u00bbCall to Action\u00bb module_id=\u00bbhabitaciones\u00bb _builder_version=\u00bb4.22.2&#8243; _module_preset=\u00bbdefault\u00bb background_image=\u00bbhttps:\/\/asmiguinasdocebreiro.com\/wp-content\/uploads\/2023\/10\/ocourel.webp\u00bb custom_padding=\u00bb262px||262px||true|false\u00bb collapsed=\u00bbon\u00bb global_colors_info=\u00bb{}\u00bb][\/et_pb_section][et_pb_section fb_built=\u00bb1&#8243; disabled_on=\u00bbon|off|on\u00bb admin_label=\u00bbCall to Action\u00bb module_id=\u00bbhabitaciones\u00bb _builder_version=\u00bb4.22.2&#8243; _module_preset=\u00bbdefault\u00bb background_image=\u00bbhttps:\/\/asmiguinasdocebreiro.com\/wp-content\/uploads\/2023\/10\/ocourel.webp\u00bb custom_padding=\u00bb169px||169px||true|false\u00bb collapsed=\u00bbon\u00bb global_colors_info=\u00bb{}\u00bb][\/et_pb_section][et_pb_section fb_built=\u00bb1&#8243; disabled_on=\u00bboff|on|on\u00bb admin_label=\u00bbCall to Action\u00bb module_id=\u00bbhabitaciones\u00bb _builder_version=\u00bb4.22.2&#8243; _module_preset=\u00bbdefault\u00bb background_image=\u00bbhttps:\/\/asmiguinasdocebreiro.com\/wp-content\/uploads\/2023\/10\/ocourel.webp\u00bb custom_padding=\u00bb81px||81px||true|false\u00bb collapsed=\u00bbon\u00bb global_colors_info=\u00bb{}\u00bb][\/et_pb_section][et_pb_section fb_built=\u00bb1&#8243; _builder_version=\u00bb4.22.2&#8243; _module_preset=\u00bbdefault\u00bb custom_padding=\u00bb50px||20px|||\u00bb global_colors_info=\u00bb{}\u00bb][et_pb_row _builder_version=\u00bb4.22.2&#8243; _module_preset=\u00bbdefault\u00bb global_colors_info=\u00bb{}\u00bb custom_padding=\u00bb31px|||||\u00bb][et_pb_column type=\u00bb4_4&#8243; _builder_version=\u00bb4.22.2&#8243; _module_preset=\u00bbdefault\u00bb global_colors_info=\u00bb{}\u00bb][et_pb_text _builder_version=\u00bb4.22.2&#8243; _module_preset=\u00bbdefault\u00bb header_font=\u00bbPrata||||||||\u00bb header_text_align=\u00bbcenter\u00bb header_font_size=\u00bb3rem\u00bb header_line_height=\u00bb1.5em\u00bb header_2_font=\u00bbPrata||||||||\u00bb header_2_text_align=\u00bbcenter\u00bb header_2_font_size=\u00bb3rem\u00bb header_2_line_height=\u00bb1.5em\u00bb global_colors_info=\u00bb{}\u00bb]<\/p>\n<h1><strong>Sierra do Caurel<\/strong><\/h1>\n<p>[\/et_pb_text][\/et_pb_column][\/et_pb_row][et_pb_row _builder_version=\u00bb4.22.2&#8243; _module_preset=\u00bbdefault\u00bb global_colors_info=\u00bb{}\u00bb][et_pb_column type=\u00bb4_4&#8243; _builder_version=\u00bb4.22.2&#8243; _module_preset=\u00bbdefault\u00bb global_colors_info=\u00bb{}\u00bb][et_pb_text _builder_version=\u00bb4.23.1&#8243; _module_preset=\u00bbdefault\u00bb text_font=\u00bbPrata||||||||\u00bb text_font_size=\u00bb1.2rem\u00bb text_line_height=\u00bb1.6em\u00bb header_font=\u00bbPetrona||||||||\u00bb header_text_align=\u00bbcenter\u00bb header_font_size=\u00bb3rem\u00bb header_line_height=\u00bb1.5em\u00bb header_2_font=\u00bbPrata||||||||\u00bb header_2_text_align=\u00bbcenter\u00bb header_2_font_size=\u00bb2rem\u00bb header_2_line_height=\u00bb1.5em\u00bb text_font_size_tablet=\u00bb1.3rem\u00bb text_font_size_phone=\u00bb1.3rem\u00bb text_font_size_last_edited=\u00bbon|phone\u00bb global_colors_info=\u00bb{}\u00bb]<\/p>\n<h2>Sierra del Caurel<\/h2>\n<p>La <strong>Sierra del Caurel<\/strong>, \u00e9galement connue sous le nom de Serra do Courel en galicien, est une enclave montagneuse remarquable situ\u00e9e au sud-est de la province de Lugo, dans la communaut\u00e9 autonome de Galicia. Elle couvre une superficie d'environ 21 020 hectares et se r\u00e9partit principalement dans les municipalit\u00e9s de la r\u00e9gion de Caurel, parmi lesquelles se distinguent les suivantes <strong>Folgoso do Courel, Quiroga y <a href=\"https:\/\/asmiguinasdocebreiro.com\/fr\/pedrafita-do-cebreiro\/\">Pedrafita do Cebreiro<\/a><\/strong>.<\/p>\n<p>Avec une topographie qui s'\u00e9tend de 400 \u00e0 500 m\u00e8tres au-dessus du niveau de la mer dans la vall\u00e9e de la <strong>r\u00edo Lor<\/strong> et des sommets atteignant plus de 1600 m\u00e8tres d'altitude, comme le Montouto,<strong> Formigueiros<\/strong> (1643 m) ou le sommet de <strong>P\u00eda P\u00e1xaro<\/strong> (1610 m), la Sierra del Caurel poss\u00e8de une diversit\u00e9 d'\u00e9cosyst\u00e8mes qui en font la r\u00e9serve botanique la plus importante du pays <a href=\"https:\/\/es.wikipedia.org\/wiki\/Galicia\" target=\"_blank\" rel=\"nofollow noopener\"><strong>Galicia<\/strong><\/a>. Les vall\u00e9es form\u00e9es par la rivi\u00e8re Lor et ses affluents abritent une riche vari\u00e9t\u00e9 de flore, la Devesa da Rogueira \u00e9tant son plus grand tr\u00e9sor naturel.<\/p>\n<p>Cette for\u00eat autochtone abrite de nombreuses esp\u00e8ces v\u00e9g\u00e9tales typiques de la Galice, notamment des ch\u00e2taigniers, des houx, des h\u00eatres, des ifs, des ch\u00eanes, des bouleaux et des orchid\u00e9es sauvages. En outre, la r\u00e9gion pr\u00e9sente une combinaison int\u00e9ressante d'esp\u00e8ces plus \u00e9troitement li\u00e9es au climat m\u00e9diterran\u00e9en, comme les ch\u00eanes verts, les ch\u00eanes-li\u00e8ges et m\u00eame les oliviers, dont certains se trouvent \u00e9galement dans <strong>Devesa da Rogueira.<\/strong><\/p>\n<p>En termes de faune, la Sierra del Caurel est consid\u00e9r\u00e9e comme une zone secondaire pour la faune cantabrique. Malgr\u00e9 la disparition, au cours du XXe si\u00e8cle, d'esp\u00e8ces embl\u00e9matiques comme le loup et l'ours, on observe encore des visites sporadiques de ces esp\u00e8ces dans la r\u00e9gion. Des tentatives de r\u00e9introduction d'oiseaux typiques de la r\u00e9gion cantabrique sont en cours, avec des r\u00e9sultats variables. En ce qui concerne la faune aquatique, la qualit\u00e9 des eaux de la r\u00e9gion permet l'\u00e9levage de la truite blanche.<\/p>\n<p>La g\u00e9ographie de la Sierra del Caurel est \u00e9troitement li\u00e9e \u00e0 son histoire. Par exemple, le pic de <strong>P\u00eda Paxaro<\/strong> est nomm\u00e9 ainsi en raison de la d\u00e9couverte d'un aigle m\u00e9tallique datant de l'\u00e9poque imp\u00e9riale romaine sur son sommet. Bien que les vestiges arch\u00e9ologiques soient rares en raison de sa situation \u00e0 l'\u00e9cart des principales routes commerciales romaines, d'anciennes op\u00e9rations d'extraction d'or ont \u00e9t\u00e9 document\u00e9es et des \u00e9l\u00e9ments ethnologiques importants ont \u00e9t\u00e9 pr\u00e9serv\u00e9s, tels que les pallozas. Il reste \u00e9galement quelques vieux ponts en bois qui traversent les rivi\u00e8res et qui devraient \u00eatre restaur\u00e9s pour \u00eatre pr\u00e9serv\u00e9s.<\/p>\n<p>[\/et_pb_text][\/et_pb_column][\/et_pb_row][\/et_pb_section]<\/p>","protected":false},"excerpt":{"rendered":"<p>Sierra do CaurelSierra del Caurel La Sierra del Caurel, tambi\u00e9n conocida como Serra do Courel en gallego, representa un destacado enclave monta\u00f1oso ubicado en el sureste de la provincia de Lugo, dentro de la comunidad aut\u00f3noma de Galicia. Su extensi\u00f3n abarca aproximadamente 21.020 hect\u00e1reas y se distribuye principalmente en los municipios de la Comarca del [&hellip;]<\/p>","protected":false},"author":1,"featured_media":324,"parent":0,"menu_order":0,"comment_status":"closed","ping_status":"closed","template":"","meta":{"_et_pb_use_builder":"on","_et_pb_old_content":"","_et_gb_content_width":"","footnotes":""},"class_list":["post-321","page","type-page","status-publish","has-post-thumbnail","hentry"],"_links":{"self":[{"href":"https:\/\/asmiguinasdocebreiro.com\/fr\/wp-json\/wp\/v2\/pages\/321","targetHints":{"allow":["GET"]}}],"collection":[{"href":"https:\/\/asmiguinasdocebreiro.com\/fr\/wp-json\/wp\/v2\/pages"}],"about":[{"href":"https:\/\/asmiguinasdocebreiro.com\/fr\/wp-json\/wp\/v2\/types\/page"}],"author":[{"embeddable":true,"href":"https:\/\/asmiguinasdocebreiro.com\/fr\/wp-json\/wp\/v2\/users\/1"}],"replies":[{"embeddable":true,"href":"https:\/\/asmiguinasdocebreiro.com\/fr\/wp-json\/wp\/v2\/comments?post=321"}],"version-history":[{"count":6,"href":"https:\/\/asmiguinasdocebreiro.com\/fr\/wp-json\/wp\/v2\/pages\/321\/revisions"}],"predecessor-version":[{"id":508,"href":"https:\/\/asmiguinasdocebreiro.com\/fr\/wp-json\/wp\/v2\/pages\/321\/revisions\/508"}],"wp:featuredmedia":[{"embeddable":true,"href":"https:\/\/asmiguinasdocebreiro.com\/fr\/wp-json\/wp\/v2\/media\/324"}],"wp:attachment":[{"href":"https:\/\/asmiguinasdocebreiro.com\/fr\/wp-json\/wp\/v2\/media?parent=321"}],"curies":[{"name":"wp","href":"https:\/\/api.w.org\/{rel}","templated":true}]}}