{"id":300,"date":"2023-10-27T13:22:00","date_gmt":"2023-10-27T11:22:00","guid":{"rendered":"https:\/\/asmiguinasdocebreiro.com\/?page_id=300"},"modified":"2024-04-05T22:54:03","modified_gmt":"2024-04-05T20:54:03","slug":"o-cebreiro","status":"publish","type":"page","link":"https:\/\/asmiguinasdocebreiro.com\/fr\/o-cebreiro\/","title":{"rendered":"O Cebreiro"},"content":{"rendered":"<p>[et_pb_section fb_built=\u00bb1&#8243; disabled_on=\u00bbon|on|off\u00bb admin_label=\u00bbCall to Action\u00bb module_id=\u00bbhabitaciones\u00bb _builder_version=\u00bb4.22.2&#8243; _module_preset=\u00bbdefault\u00bb background_image=\u00bbhttps:\/\/asmiguinasdocebreiro.com\/wp-content\/uploads\/2023\/10\/ocebreiro.webp\u00bb custom_padding=\u00bb263px||263px||true|false\u00bb collapsed=\u00bbon\u00bb global_colors_info=\u00bb{}\u00bb][\/et_pb_section][et_pb_section fb_built=\u00bb1&#8243; disabled_on=\u00bbon|off|on\u00bb admin_label=\u00bbCall to Action\u00bb module_id=\u00bbhabitaciones\u00bb _builder_version=\u00bb4.22.2&#8243; _module_preset=\u00bbdefault\u00bb background_image=\u00bbhttps:\/\/asmiguinasdocebreiro.com\/wp-content\/uploads\/2023\/10\/ocebreiro.webp\u00bb custom_padding=\u00bb169px||169px||true|false\u00bb collapsed=\u00bbon\u00bb global_colors_info=\u00bb{}\u00bb][\/et_pb_section][et_pb_section fb_built=\u00bb1&#8243; disabled_on=\u00bboff|on|on\u00bb admin_label=\u00bbCall to Action\u00bb module_id=\u00bbhabitaciones\u00bb _builder_version=\u00bb4.22.2&#8243; _module_preset=\u00bbdefault\u00bb background_image=\u00bbhttps:\/\/asmiguinasdocebreiro.com\/wp-content\/uploads\/2023\/10\/ocebreiro.webp\u00bb custom_padding=\u00bb81px||81px||true|false\u00bb collapsed=\u00bbon\u00bb global_colors_info=\u00bb{}\u00bb][\/et_pb_section][et_pb_section fb_built=\u00bb1&#8243; _builder_version=\u00bb4.22.2&#8243; _module_preset=\u00bbdefault\u00bb custom_padding=\u00bb50px||20px|||\u00bb global_colors_info=\u00bb{}\u00bb][et_pb_row _builder_version=\u00bb4.22.2&#8243; _module_preset=\u00bbdefault\u00bb global_colors_info=\u00bb{}\u00bb custom_padding=\u00bb||28px|||\u00bb][et_pb_column type=\u00bb4_4&#8243; _builder_version=\u00bb4.22.2&#8243; _module_preset=\u00bbdefault\u00bb global_colors_info=\u00bb{}\u00bb][et_pb_text _builder_version=\u00bb4.22.2&#8243; _module_preset=\u00bbdefault\u00bb header_font=\u00bbPrata||||||||\u00bb header_text_align=\u00bbcenter\u00bb header_font_size=\u00bb3rem\u00bb header_line_height=\u00bb1.5em\u00bb header_2_font=\u00bbPrata||||||||\u00bb header_2_text_align=\u00bbcenter\u00bb header_2_font_size=\u00bb3rem\u00bb header_2_line_height=\u00bb1.5em\u00bb global_colors_info=\u00bb{}\u00bb]<\/p>\n<h1><strong>O Cebreiro<\/strong><\/h1>\n<p>[\/et_pb_text][\/et_pb_column][\/et_pb_row][et_pb_row _builder_version=\u00bb4.22.2&#8243; _module_preset=\u00bbdefault\u00bb global_colors_info=\u00bb{}\u00bb][et_pb_column type=\u00bb4_4&#8243; _builder_version=\u00bb4.22.2&#8243; _module_preset=\u00bbdefault\u00bb global_colors_info=\u00bb{}\u00bb][et_pb_text _builder_version=\u00bb4.23.1&#8243; _module_preset=\u00bbdefault\u00bb text_font=\u00bbPrata||||||||\u00bb text_font_size=\u00bb1.2rem\u00bb text_line_height=\u00bb1.6em\u00bb header_font=\u00bbPetrona||||||||\u00bb header_text_align=\u00bbcenter\u00bb header_font_size=\u00bb3rem\u00bb header_line_height=\u00bb1.5em\u00bb header_2_font=\u00bbPrata||||||||\u00bb header_2_text_align=\u00bbcenter\u00bb header_2_font_size=\u00bb2rem\u00bb header_2_line_height=\u00bb1.5em\u00bb text_font_size_tablet=\u00bb1.3rem\u00bb text_font_size_phone=\u00bb1.3rem\u00bb text_font_size_last_edited=\u00bbon|phone\u00bb global_colors_info=\u00bb{}\u00bb]<\/p>\n<h2>O Cebreiro<\/h2>\n<p>Point de d\u00e9part du tron\u00e7on galicien du Chemin de Saint-Jacques, c'est un lieu qui vaut la peine d'\u00eatre visit\u00e9, bien qu'il soit tr\u00e8s marqu\u00e9 par le passage constant de p\u00e8lerins.<\/p>\n<p>Il est situ\u00e9 \u00e0 1 300 m\u00e8tres d'altitude, entre les montagnes de Caurel et d'Ancares. Les \"pallozas\", habitations pr\u00e9romanes typiques de la r\u00e9gion, ont \u00e9t\u00e9 restaur\u00e9es pour nous donner une id\u00e9e de ce qu'\u00e9tait la vie \u00e0 l'\u00e9poque. Gr\u00e2ce au fait que la famille partageait l'espace avec l'\u00e9table et le grenier \u00e0 foin, elle pouvait survivre aux rudes hivers de la r\u00e9gion.<br \/>En outre, \u00e0 l'entr\u00e9e du village, vous pouvez visiter le mus\u00e9e de la maison.<\/p>\n<p>On trouve \u00e9galement dans le village le Sanctuaire o\u00f9 l'on raconte que le miracle du Saint Graal s'est produit lorsqu'un villageois est venu \u00e9couter la messe malgr\u00e9 la neige qui tombait en abondance. Le voyant mourir de froid, un fr\u00e8re lui demanda avec m\u00e9pris comment, malgr\u00e9 la temp\u00eate, il \u00e9tait venu \u00e0 l'\u00e9glise juste pour voir un peu de pain et un peu de vin dans ses mains. Selon la l\u00e9gende, lors de la cons\u00e9cration, le vin prit l'apparence du sang et le pain celle de la chair, en m\u00eame temps que l'image de la Vierge se prosternait \u00e0 genoux en signe de respect pour le corps et le sang du Christ. La nouvelle du miracle parvint aux oreilles des Rois Catholiques, qui visit\u00e8rent le Sanctuaire et offrirent aux moines un reliquaire dans lequel la chair et le sang seraient encore conserv\u00e9s et que l'on peut voir dans la chapelle du Saint Miracle. Ce calice est l'un des symboles de la Galice et figure dans le logo de la Xunta.<\/p>\n<p>O CEBREIRO est le point de d\u00e9part du Chemin de Saint-Jacques en Galice. Il se trouve \u00e0 un peu plus de 170 km de la ville de l'Ap\u00f4tre. O Cebreiro se trouve \u00e0 1300 m\u00e8tres d'altitude dans l'Alto de O Cebreiro. Sa fondation date d'avant l'arriv\u00e9e des Romains, mais c'est \u00e0 partir du d\u00e9but des p\u00e8lerinages qu'O Cebreiro devient une enclave importante du Camino.<\/p>\n<p>\u00c0 O Cebreiro, on peut observer des constructions tr\u00e8s particuli\u00e8res : les\u00a0<a href=\"https:\/\/es.wikipedia.org\/wiki\/Palloza\" target=\"_blank\" rel=\"nofollow noopener\">pallozas<\/a>.<\/p>\n<p>Cette ville galicienne poss\u00e8de \u00e9galement un important joyau de l'art pr\u00e9roman datant du IXe si\u00e8cle. Le temple de Santa Mar\u00eda la Real, la plus ancienne \u00e9glise de Galice, est l'un des plus beaux exemples de l'art pr\u00e9roman.\u00a0<a href=\"https:\/\/es.wikipedia.org\/wiki\/Camino_de_Santiago\" target=\"_blank\" rel=\"noopener\">Parcours jacob\u00e9en.<\/a><\/p>\n<p>[\/et_pb_text][\/et_pb_column][\/et_pb_row][\/et_pb_section]<\/p>","protected":false},"excerpt":{"rendered":"<p>O CebreiroO Cebreiro Punto de partida del tramo gallego del Camino de Santiago, es un lugar que merece la pena por s\u00ed mismo, aunque est\u00e1 muy marcado por ser paso constante de peregrinos. Est\u00e1 situado a 1.300 metros de altitud, entre las sierras del Caurel y los Ancares. Se han rehabilitado las \u201cpallozas\u201d, las viviendas [&hellip;]<\/p>","protected":false},"author":1,"featured_media":303,"parent":0,"menu_order":0,"comment_status":"closed","ping_status":"closed","template":"","meta":{"_et_pb_use_builder":"on","_et_pb_old_content":"","_et_gb_content_width":"","footnotes":""},"class_list":["post-300","page","type-page","status-publish","has-post-thumbnail","hentry"],"_links":{"self":[{"href":"https:\/\/asmiguinasdocebreiro.com\/fr\/wp-json\/wp\/v2\/pages\/300","targetHints":{"allow":["GET"]}}],"collection":[{"href":"https:\/\/asmiguinasdocebreiro.com\/fr\/wp-json\/wp\/v2\/pages"}],"about":[{"href":"https:\/\/asmiguinasdocebreiro.com\/fr\/wp-json\/wp\/v2\/types\/page"}],"author":[{"embeddable":true,"href":"https:\/\/asmiguinasdocebreiro.com\/fr\/wp-json\/wp\/v2\/users\/1"}],"replies":[{"embeddable":true,"href":"https:\/\/asmiguinasdocebreiro.com\/fr\/wp-json\/wp\/v2\/comments?post=300"}],"version-history":[{"count":6,"href":"https:\/\/asmiguinasdocebreiro.com\/fr\/wp-json\/wp\/v2\/pages\/300\/revisions"}],"predecessor-version":[{"id":506,"href":"https:\/\/asmiguinasdocebreiro.com\/fr\/wp-json\/wp\/v2\/pages\/300\/revisions\/506"}],"wp:featuredmedia":[{"embeddable":true,"href":"https:\/\/asmiguinasdocebreiro.com\/fr\/wp-json\/wp\/v2\/media\/303"}],"wp:attachment":[{"href":"https:\/\/asmiguinasdocebreiro.com\/fr\/wp-json\/wp\/v2\/media?parent=300"}],"curies":[{"name":"wp","href":"https:\/\/api.w.org\/{rel}","templated":true}]}}