{"id":221,"date":"2023-10-12T13:15:33","date_gmt":"2023-10-12T11:15:33","guid":{"rendered":"https:\/\/asmiguinasdocebreiro.com\/?page_id=221"},"modified":"2024-04-05T22:53:05","modified_gmt":"2024-04-05T20:53:05","slug":"pedrafita-do-cebreiro","status":"publish","type":"page","link":"https:\/\/asmiguinasdocebreiro.com\/fr\/pedrafita-do-cebreiro\/","title":{"rendered":"Pedrafita do Cebreiro"},"content":{"rendered":"<p>[et_pb_section fb_built=\u00bb1&#8243; disabled_on=\u00bbon|on|off\u00bb admin_label=\u00bbCall to Action\u00bb module_id=\u00bbhabitaciones\u00bb _builder_version=\u00bb4.22.2&#8243; _module_preset=\u00bbdefault\u00bb background_image=\u00bbhttps:\/\/asmiguinasdocebreiro.com\/wp-content\/uploads\/2023\/10\/camino-de-santiago.webp\u00bb custom_padding=\u00bb263px||263px||true|false\u00bb collapsed=\u00bbon\u00bb global_colors_info=\u00bb{}\u00bb][\/et_pb_section][et_pb_section fb_built=\u00bb1&#8243; disabled_on=\u00bbon|off|on\u00bb admin_label=\u00bbCall to Action\u00bb module_id=\u00bbhabitaciones\u00bb _builder_version=\u00bb4.22.2&#8243; _module_preset=\u00bbdefault\u00bb background_image=\u00bbhttps:\/\/asmiguinasdocebreiro.com\/wp-content\/uploads\/2023\/10\/camino-de-santiago.webp\u00bb custom_padding=\u00bb169px||169px||true|false\u00bb collapsed=\u00bbon\u00bb global_colors_info=\u00bb{}\u00bb][\/et_pb_section][et_pb_section fb_built=\u00bb1&#8243; disabled_on=\u00bboff|on|on\u00bb admin_label=\u00bbCall to Action\u00bb module_id=\u00bbhabitaciones\u00bb _builder_version=\u00bb4.22.2&#8243; _module_preset=\u00bbdefault\u00bb background_image=\u00bbhttps:\/\/asmiguinasdocebreiro.com\/wp-content\/uploads\/2023\/10\/camino-de-santiago.webp\u00bb custom_padding=\u00bb81px||81px||true|false\u00bb collapsed=\u00bbon\u00bb global_colors_info=\u00bb{}\u00bb][\/et_pb_section][et_pb_section fb_built=\u00bb1&#8243; _builder_version=\u00bb4.22.2&#8243; _module_preset=\u00bbdefault\u00bb custom_padding=\u00bb50px||20px|||\u00bb global_colors_info=\u00bb{}\u00bb][et_pb_row _builder_version=\u00bb4.22.2&#8243; _module_preset=\u00bbdefault\u00bb global_colors_info=\u00bb{}\u00bb][et_pb_column type=\u00bb4_4&#8243; _builder_version=\u00bb4.22.2&#8243; _module_preset=\u00bbdefault\u00bb global_colors_info=\u00bb{}\u00bb][et_pb_text _builder_version=\u00bb4.22.2&#8243; _module_preset=\u00bbdefault\u00bb header_font=\u00bbPrata||||||||\u00bb header_text_align=\u00bbcenter\u00bb header_font_size=\u00bb3rem\u00bb header_line_height=\u00bb1.5em\u00bb header_2_font=\u00bbPrata||||||||\u00bb header_2_text_align=\u00bbcenter\u00bb header_2_font_size=\u00bb3rem\u00bb header_2_line_height=\u00bb1.5em\u00bb global_colors_info=\u00bb{}\u00bb]<\/p>\n<h1><strong>Pedrafita do Cebreiro:<br \/>Tr\u00e9sor galicien dans la Sierra de Ancares<\/strong><\/h1>\n<p>[\/et_pb_text][\/et_pb_column][\/et_pb_row][et_pb_row _builder_version=\u00bb4.22.2&#8243; _module_preset=\u00bbdefault\u00bb global_colors_info=\u00bb{}\u00bb][et_pb_column type=\u00bb4_4&#8243; _builder_version=\u00bb4.22.2&#8243; _module_preset=\u00bbdefault\u00bb global_colors_info=\u00bb{}\u00bb][et_pb_text _builder_version=\u00bb4.22.2&#8243; _module_preset=\u00bbdefault\u00bb text_font=\u00bbPrata||||||||\u00bb text_font_size=\u00bb1.2rem\u00bb text_line_height=\u00bb1.6em\u00bb header_font=\u00bbPetrona||||||||\u00bb header_text_align=\u00bbcenter\u00bb header_font_size=\u00bb3rem\u00bb header_line_height=\u00bb1.5em\u00bb header_2_font=\u00bbPrata||||||||\u00bb header_2_text_align=\u00bbcenter\u00bb header_2_font_size=\u00bb2rem\u00bb header_2_line_height=\u00bb1.5em\u00bb text_font_size_tablet=\u00bb1.3rem\u00bb text_font_size_phone=\u00bb1.3rem\u00bb text_font_size_last_edited=\u00bbon|phone\u00bb global_colors_info=\u00bb{}\u00bb]<\/p>\n<h2>Pedrafita do Cebreiro<\/h2>\n<p>Pedrafita do Cebreiro, une petite municipalit\u00e9 de la province de Lugo, en Galice, est l'un de ces endroits qui ravit ceux qui la visitent. Avec votre emplacement <a href=\"https:\/\/es.wikipedia.org\/wiki\/Sierra_de_Ancares\" target=\"_blank\" rel=\"noopener\">Sierra de Ancares<\/a>, sa riche histoire et sa culture dynamique, ce coin de l'Espagne a beaucoup \u00e0 offrir aux voyageurs. Dans cet article, nous vous ferons voyager \u00e0 travers Pedrafita do Cebreiro, en explorant sa situation g\u00e9ographique, son pass\u00e9 fascinant, sa culture et son environnement naturel.<\/p>\n<p>&nbsp;<\/p>\n<h2>Situation g\u00e9ographique<\/h2>\n<p>La municipalit\u00e9 de <a href=\"http:\/\/es.wikipedia.org\/wiki\/Pedrafita_do_Cebreiro\" target=\"_blank\" rel=\"noopener\">Pedrafita do Cebreiro<\/a> il est dans une position privil\u00e9gi\u00e9e \u00e9tant entre la Sierra de los Ancares et le Courel, deux des plus beaux espaces naturels de Galice. Une autre de ses caract\u00e9ristiques est qu'il est la porte d'entr\u00e9e de la\u00a0<a href=\"https:\/\/es.wikipedia.org\/wiki\/Camino_de_Santiago\" target=\"_blank\" rel=\"noopener\">Route de Santiago \u00e0 la Galice<\/a>. Il est \u00e0 66 km de Lugo.<\/p>\n<p>Dans le petit village de O Cebreiro \u00e0 1300 m\u00e8tres d'altitude, se trouve l'\u00e9glise de Santa Mar\u00eda La Real del Cebreiro, le monument le plus important de la municipalit\u00e9. Ici, nous pouvons \u00e9galement voir plusieurs pallozas, <a href=\"https:\/\/museos.xunta.gal\/es\/cebreiro\" target=\"_blank\" rel=\"noopener\">Mus\u00e9e ethnographique de Cebreiro<\/a> ou l'auberge de p\u00e8lerins o\u00f9 commence la premi\u00e8re \u00e9tape du Camino de Santiago en Galice. Si nous suivons la route, le premier village que nous trouvons est Li\u00f1ares, o\u00f9 se trouve l'\u00e9glise de San Estevo, bien qu'il soit restaur\u00e9, date initialement du VIII si\u00e8cle. Plus tard nous passons l'Alto de San Roque \u00e0 1270 m\u00e8tres d'altitude o\u00f9 il y a un monument au p\u00e8lerin et nous arrivons \u00e0 l'h\u00f4pital de Condesa, il y a l'\u00e9glise de San Juan.<\/p>\n<p>A environ 3 km d'ici se trouve l'Alto de Poio avec 1335 m\u00e8tres d'altitude, avant la mont\u00e9e difficile nous passons l'\u00e9glise de San Juan de Padronelo du XVe si\u00e8cle. La route continue jusqu'\u00e0 passer l'\u00e9glise de San Juan de Fonfr\u00eda du XVI si\u00e8cle et la chapelle de O Biduedo et atteindre la municipalit\u00e9 de\u00a0<a href=\"https:\/\/es.wikipedia.org\/wiki\/Triacastela\" target=\"_blank\" rel=\"noopener\">Tricastela<\/a>.<\/p>\n<p>D'autres \u00e9glises que nous trouvons en dehors de la route sont celles de Lousada, Veiga de Forcas, Louzarela, Zanfoga, Pacios, o\u00f9 il ya aussi un moulin ou celui de Piedrafita do Cebreiro. Outre l'architecture religieuse, nous mettons en valeur les espaces naturels avec lesquels la municipalit\u00e9 a.<\/p>\n<p style=\"text-align: center;\"><strong>Voir carte :<\/strong>\u00a0<\/p>\n<p>[\/et_pb_text][et_pb_code _builder_version=\u00bb4.22.2&#8243; _module_preset=\u00bbdefault\u00bb global_colors_info=\u00bb{}\u00bb]<iframe src=\"https:\/\/www.google.com\/maps\/d\/embed?mid=1AIz1cRTtB_aCnJRlGzzCYcWWeak&#038;hl=es&#038;ehbc=2E312F\" width=\"1440\" height=\"480\" title=\"Mapa de PEDRAFITA DO CEBREIRO. Donde se muestran los lugares&lt;!-- [et_pb_line_break_holder] --&gt;de interes tur&iacute;stico&raquo;&gt;&lt;\/iframe&gt;[\/et_pb_code][\/et_pb_column][\/et_pb_row][et_pb_row _builder_version=&raquo;4.22.2&Prime; _module_preset=&raquo;default&raquo; global_colors_info=&raquo;{}&raquo; custom_padding=&raquo;29px|||||&raquo;][et_pb_column type=&raquo;4_4&Prime; _builder_version=&raquo;4.22.2&Prime; _module_preset=&raquo;default&raquo; global_colors_info=&raquo;{}&raquo;][et_pb_text _builder_version=&raquo;4.22.2&Prime; _module_preset=&raquo;default&raquo; text_font=&raquo;Prata||||||||&raquo; text_font_size=&raquo;1.2rem&raquo; global_colors_info=&raquo;{}&raquo;]&lt;\/p&gt;&lt;p style=\"text-align: center;\"><span>Voir\u00a0<\/span><a href=\"https:\/\/maps.google.es\/maps\/ms?msa=0&amp;msid=209234304270380282219.0004ce60d720aa19d5ad0&amp;hl=es&amp;ie=UTF8&amp;t=h&amp;ll=42.703632,-7.099915&amp;spn=0.176609,0.291824&amp;z=11&amp;source=embed\" target=\"_blank\" rel=\"nofollow noopener\">PEDRAFITA DO CEBREIRO<\/a><span>\u00a0sur une carte plus grande<\/span><\/p>\n<p>[\/et_pb_text][\/et_pb_column][\/et_pb_row][et_pb_row _builder_version=\u00bb4.22.2&#8243; _module_preset=\u00bbdefault\u00bb custom_padding=\u00bb||1px|||\u00bb global_colors_info=\u00bb{}\u00bb][et_pb_column type=\u00bb4_4&#8243; _builder_version=\u00bb4.22.2&#8243; _module_preset=\u00bbdefault\u00bb global_colors_info=\u00bb{}\u00bb][et_pb_text _builder_version=\u00bb4.22.2&#8243; _module_preset=\u00bbdefault\u00bb text_font=\u00bbPrata||||||||\u00bb text_font_size=\u00bb1.2rem\u00bb text_line_height=\u00bb1.6em\u00bb header_font=\u00bbPetrona||||||||\u00bb header_text_align=\u00bbcenter\u00bb header_font_size=\u00bb3rem\u00bb header_line_height=\u00bb1.5em\u00bb header_2_font=\u00bbPrata||||||||\u00bb header_2_text_align=\u00bbcenter\u00bb header_2_font_size=\u00bb2rem\u00bb header_2_line_height=\u00bb1.5em\u00bb text_font_size_tablet=\u00bb1.3rem\u00bb text_font_size_phone=\u00bb1.3rem\u00bb text_font_size_last_edited=\u00bbon|phone\u00bb global_colors_info=\u00bb{}\u00bb]<\/p>\n<h2>Histoire et tradition<\/h2>\n<p>L'un des points forts de Pedrafita do Cebreiro est sa riche histoire. Cette terre est habit\u00e9e depuis l'\u00e2ge du fer, comme en t\u00e9moignent les nombreux castros et dolmens que l'on trouve dans la r\u00e9gion. Cependant, l'un des jalons les plus embl\u00e9matiques est sa relation avec le Camino de Santiago.<\/p>\n<p>La municipalit\u00e9 est c\u00e9l\u00e8bre pour accueillir l'\u00e9glise Santa Mar\u00eda la Real, un temple roman datant du 9\u00e8me si\u00e8cle. Cette \u00e9glise est un point de r\u00e9f\u00e9rence important pour les p\u00e8lerins du Camino de Santiago, car elle repr\u00e9sente l'un des endroits les plus anciens et les plus significatifs le long du chemin. Le peuple est li\u00e9 \u00e0 ce p\u00e8lerinage depuis des si\u00e8cles, qui a influenc\u00e9 sa culture et l'hospitalit\u00e9 de ses habitants.<\/p>\n<p>L'architecture de Pedrafita do Cebreiro est une combinaison de styles traditionnel galicien et roman, qui donne \u00e0 la ville un charme particulier. Les constructions en pierre et les toitures en ardoise sont communes dans toute la r\u00e9gion et refl\u00e8tent l'harmonie entre l'architecture locale et la nature environnante.<\/p>\n<p>&nbsp;<\/p>\n<h2>Culture et traditions<\/h2>\n<p>La culture de Pedrafita do Cebreiro est riche et diversifi\u00e9e. La musique traditionnelle galicienne, avec ses cornemuses et ses panderos, est un \u00e9l\u00e9ment essentiel de la vie locale. La cuisine galicienne est c\u00e9l\u00e8bre pour ses d\u00e9licieux plats faits maison. Dans la municipalit\u00e9, vous ne pouvez pas arr\u00eater d'essayer des plats comme le poulpe \u00e0 la galega, empanada, ou lac\u00f3n con grelos, qui sont des d\u00e9lices culinaires authentiques.<\/p>\n<p>Quant aux festivit\u00e9s, l'une des plus importantes est la f\u00eate de San Sebasti\u00e1n, qui est c\u00e9l\u00e9br\u00e9e le 20 janvier. Pendant cette f\u00eate, les citadins se r\u00e9unissent pour honorer leur saint patron. Les rues sont remplies de processions, de musique traditionnelle et, bien s\u00fbr, de nourriture et de boissons \u00e0 partager avec les visiteurs.<\/p>\n<p>La Semaine Sainte est une autre f\u00eate exceptionnelle, attirant des gens de partout avec ses processions impressionnantes et ses repr\u00e9sentations religieuses. P\u00e2ques \u00e0 Pedrafita do Cebreiro est une exp\u00e9rience unique qui vous plongera dans la d\u00e9votion et la tradition galicienne.<\/p>\n<p>&nbsp;<\/p>\n<h2>Nature et activit\u00e9s de plein air<\/h2>\n<p>La beaut\u00e9 naturelle qui entoure Pedrafita do Cebreiro est un aimant pour les amoureux de la nature et les amateurs de plein air. La Sierra de Ancares est un joyau \u00e0 cet \u00e9gard, offrant une vari\u00e9t\u00e9 de possibilit\u00e9s d'explorer la montagne.<\/p>\n<p>En hiver, la r\u00e9gion devient un paradis pour les sports d'hiver, avec la station de ski de Cabeza de Manzaneda \u00e0 distance de marche. Le ski et le snowboard dans cet environnement montagneux sont une exp\u00e9rience passionnante.<\/p>\n<p>En \u00e9t\u00e9 et au printemps, les randonneurs trouvent un paradis dans la Sierra de Ancares. Il y a de nombreux sentiers de randonn\u00e9e qui vous conduisent \u00e0 travers des for\u00eats luxuriantes et des prairies alpines, vous donnant une vue panoramique sur les sommets environnants et les vall\u00e9es qui s'\u00e9tendent jusqu'\u00e0 vos pieds.<\/p>\n<p>La route des Miradores est un sentier populaire qui vous permet de profiter de certaines des vues les plus impressionnantes de la r\u00e9gion. Parmi les points de vue les plus marquants, on peut citer le O Cebreiro Lookout et le Piornedo Lookout.<\/p>\n<p>&nbsp;<\/p>\n<h2>Municipalit\u00e9s voisines<\/h2>\n<p>En plus d'explorer Pedrafita do Cebreiro, la r\u00e9gion a d'autres municipalit\u00e9s tout aussi charmantes. Voici quelques-unes des municipalit\u00e9s \u00e0 proximit\u00e9 :<\/p>\n<h3>\u2013 Vega de Valcarce<\/h3>\n<p>Vega de Valcarce est un petit village sur les pentes de la montagne. Il est connu pour son cadre naturel magnifique et son architecture traditionnelle charmante. De nombreux p\u00e8lerins du Camino de Santiago commencent ici leur p\u00e8lerinage, ce qui lui donne une atmosph\u00e8re particuli\u00e8re.<\/p>\n<h3>\u2013 Cervantes<\/h3>\n<p>Cervantes est une autre commune pittoresque de la r\u00e9gion des Ancares. Ici, les visiteurs peuvent explorer de superbes sentiers et profiter d'une cuisine galicienne authentique dans les restaurants locaux confortables.<\/p>\n<p>&nbsp;<\/p>\n<h2>La m\u00e9t\u00e9o<\/h2>\n<p>Le climat de Pedrafita do Cebreiro varie consid\u00e9rablement selon les saisons. Les hivers sont froids et enneig\u00e9s, ce qui en fait une destination populaire pour les sports d'hiver. La saison de ski dure habituellement de d\u00e9cembre \u00e0 mars, selon les conditions m\u00e9t\u00e9orologiques.<\/p>\n<p>Les \u00e9t\u00e9s sont agr\u00e9ables et frais, id\u00e9al pour la randonn\u00e9e et autres activit\u00e9s de plein air. Pendant cette saison, la temp\u00e9rature moyenne varie de 15 \u00b0 C \u00e0 20 \u00b0 C, ce qui vous permet de profiter de journ\u00e9es ensoleill\u00e9es sans la chaleur \u00e9touffante des autres r\u00e9gions d'Espagne.<\/p>\n<p>Reposez-vous confortablement dans nos lits, profitez d'une salle de bains priv\u00e9e, notre vue sur Pedrafita, ou pourquoi pas, un petit d\u00e9jeuner des produits les plus artisanaux de la r\u00e9gion.<\/p>\n<p>[\/et_pb_text][\/et_pb_column][\/et_pb_row][\/et_pb_section]<\/p>","protected":false},"excerpt":{"rendered":"<p>Pedrafita do Cebreiro:Tesoro Gallego en la Sierra de AncaresPedrafita do Cebreiro Pedrafita do Cebreiro, un peque\u00f1o municipio en la provincia de Lugo, Galicia, es uno de esos lugares que encantan a quienes lo visitan. Con su ubicaci\u00f3n pintoresca en la Sierra de Ancares, su rica historia y su vibrante cultura, este rinc\u00f3n de Espa\u00f1a tiene [&hellip;]<\/p>","protected":false},"author":1,"featured_media":224,"parent":0,"menu_order":0,"comment_status":"closed","ping_status":"closed","template":"","meta":{"_et_pb_use_builder":"on","_et_pb_old_content":"","_et_gb_content_width":"","footnotes":""},"class_list":["post-221","page","type-page","status-publish","has-post-thumbnail","hentry"],"_links":{"self":[{"href":"https:\/\/asmiguinasdocebreiro.com\/fr\/wp-json\/wp\/v2\/pages\/221","targetHints":{"allow":["GET"]}}],"collection":[{"href":"https:\/\/asmiguinasdocebreiro.com\/fr\/wp-json\/wp\/v2\/pages"}],"about":[{"href":"https:\/\/asmiguinasdocebreiro.com\/fr\/wp-json\/wp\/v2\/types\/page"}],"author":[{"embeddable":true,"href":"https:\/\/asmiguinasdocebreiro.com\/fr\/wp-json\/wp\/v2\/users\/1"}],"replies":[{"embeddable":true,"href":"https:\/\/asmiguinasdocebreiro.com\/fr\/wp-json\/wp\/v2\/comments?post=221"}],"version-history":[{"count":13,"href":"https:\/\/asmiguinasdocebreiro.com\/fr\/wp-json\/wp\/v2\/pages\/221\/revisions"}],"predecessor-version":[{"id":504,"href":"https:\/\/asmiguinasdocebreiro.com\/fr\/wp-json\/wp\/v2\/pages\/221\/revisions\/504"}],"wp:featuredmedia":[{"embeddable":true,"href":"https:\/\/asmiguinasdocebreiro.com\/fr\/wp-json\/wp\/v2\/media\/224"}],"wp:attachment":[{"href":"https:\/\/asmiguinasdocebreiro.com\/fr\/wp-json\/wp\/v2\/media?parent=221"}],"curies":[{"name":"wp","href":"https:\/\/api.w.org\/{rel}","templated":true}]}}