{"id":536,"date":"2024-04-10T10:27:55","date_gmt":"2024-04-10T08:27:55","guid":{"rendered":"https:\/\/asmiguinasdocebreiro.com\/?page_id=536"},"modified":"2024-04-10T10:31:40","modified_gmt":"2024-04-10T08:31:40","slug":"las-medulas","status":"publish","type":"page","link":"https:\/\/asmiguinasdocebreiro.com\/en\/las-medulas\/","title":{"rendered":"Las M\u00e9dulas"},"content":{"rendered":"<p>[et_pb_section fb_built=\u00bb1&#8243; disabled_on=\u00bbon|on|off\u00bb admin_label=\u00bbCall to Action\u00bb module_id=\u00bbhabitaciones\u00bb _builder_version=\u00bb4.24.3&#8243; _module_preset=\u00bbdefault\u00bb background_image=\u00bbhttps:\/\/asmiguinasdocebreiro.com\/wp-content\/uploads\/2024\/04\/imagen-las-medulas.webp\u00bb custom_padding=\u00bb262px||262px||true|false\u00bb collapsed=\u00bbon\u00bb global_colors_info=\u00bb{}\u00bb][\/et_pb_section][et_pb_section fb_built=\u00bb1&#8243; disabled_on=\u00bbon|off|on\u00bb admin_label=\u00bbCall to Action\u00bb module_id=\u00bbhabitaciones\u00bb _builder_version=\u00bb4.24.3&#8243; _module_preset=\u00bbdefault\u00bb background_image=\u00bbhttps:\/\/asmiguinasdocebreiro.com\/wp-content\/uploads\/2024\/04\/imagen-las-medulas.webp\u00bb custom_padding=\u00bb169px||169px||true|false\u00bb collapsed=\u00bbon\u00bb global_colors_info=\u00bb{}\u00bb][\/et_pb_section][et_pb_section fb_built=\u00bb1&#8243; disabled_on=\u00bboff|on|on\u00bb admin_label=\u00bbCall to Action\u00bb module_id=\u00bbhabitaciones\u00bb _builder_version=\u00bb4.24.3&#8243; _module_preset=\u00bbdefault\u00bb background_image=\u00bbhttps:\/\/asmiguinasdocebreiro.com\/wp-content\/uploads\/2024\/04\/imagen-las-medulas.webp\u00bb custom_padding=\u00bb81px||81px||true|false\u00bb collapsed=\u00bbon\u00bb global_colors_info=\u00bb{}\u00bb][\/et_pb_section][et_pb_section fb_built=\u00bb1&#8243; _builder_version=\u00bb4.22.2&#8243; _module_preset=\u00bbdefault\u00bb custom_padding=\u00bb50px||20px|||\u00bb global_colors_info=\u00bb{}\u00bb][et_pb_row _builder_version=\u00bb4.22.2&#8243; _module_preset=\u00bbdefault\u00bb custom_padding=\u00bb31px|||||\u00bb global_colors_info=\u00bb{}\u00bb][et_pb_column type=\u00bb4_4&#8243; _builder_version=\u00bb4.22.2&#8243; _module_preset=\u00bbdefault\u00bb global_colors_info=\u00bb{}\u00bb][et_pb_text _builder_version=\u00bb4.22.2&#8243; _module_preset=\u00bbdefault\u00bb header_font=\u00bbPrata||||||||\u00bb header_text_align=\u00bbcenter\u00bb header_font_size=\u00bb3rem\u00bb header_line_height=\u00bb1.5em\u00bb header_2_font=\u00bbPrata||||||||\u00bb header_2_text_align=\u00bbcenter\u00bb header_2_font_size=\u00bb3rem\u00bb header_2_line_height=\u00bb1.5em\u00bb global_colors_info=\u00bb{}\u00bb]<\/p>\n<h1><strong>Las M\u00e9dulas<\/strong><\/h1>\n<p>[\/et_pb_text][\/et_pb_column][\/et_pb_row][et_pb_row _builder_version=\u00bb4.22.2&#8243; _module_preset=\u00bbdefault\u00bb global_colors_info=\u00bb{}\u00bb][et_pb_column type=\u00bb4_4&#8243; _builder_version=\u00bb4.22.2&#8243; _module_preset=\u00bbdefault\u00bb global_colors_info=\u00bb{}\u00bb][et_pb_text _builder_version=\u00bb4.24.3&#8243; _module_preset=\u00bbdefault\u00bb text_font=\u00bbPrata||||||||\u00bb text_font_size=\u00bb1.2rem\u00bb text_line_height=\u00bb1.6em\u00bb header_font=\u00bbPetrona||||||||\u00bb header_text_align=\u00bbcenter\u00bb header_font_size=\u00bb3rem\u00bb header_line_height=\u00bb1.5em\u00bb header_2_font=\u00bbPrata||||||||\u00bb header_2_text_align=\u00bbcenter\u00bb header_2_font_size=\u00bb2rem\u00bb header_2_line_height=\u00bb1.5em\u00bb hover_enabled=\u00bb0&#8243; text_font_size_tablet=\u00bb1.3rem\u00bb text_font_size_phone=\u00bb1.3rem\u00bb text_font_size_last_edited=\u00bbon|phone\u00bb global_colors_info=\u00bb{}\u00bb sticky_enabled=\u00bb0&#8243;]<\/p>\n<h2>Las M\u00e9dulas: Cultural and Natural Treasure of Spain<\/h2>\n<p>In the heart of the province of Le\u00f3n, in the autonomous community of Castilla y Le\u00f3n, a little over 50 kilometres from <a href=\"https:\/\/asmiguinasdocebreiro.com\/en\/pedrafita-do-cebreiro\/\">Pedrafita<\/a>lies a unique landscape that looks like something out of a fairy tale. <a href=\"https:\/\/es.wikipedia.org\/wiki\/Las_M%C3%A9dulas#:~:text=En%201997%20la%20Unesco%20declar%C3%B3,la%20Balouta%2C%20Valdebr%C3%ADa%20y%20Yeres.\" target=\"_blank\" rel=\"nofollow noopener\">Las M\u00e9dulas, declared a UNESCO World Heritage Site in 1997<\/a>, are an impressive testimony to the interaction between nature and human action over the centuries.<\/p>\n<p>[\/et_pb_text][et_pb_image src=\u00bbhttps:\/\/asmiguinasdocebreiro.com\/wp-content\/uploads\/2024\/04\/imagen-las-medulas-.webp\u00bb alt=\u00bblas medulas\u00bb align=\u00bbcenter\u00bb _builder_version=\u00bb4.24.3&#8243; _module_preset=\u00bbdefault\u00bb global_colors_info=\u00bb{}\u00bb][\/et_pb_image][et_pb_text _builder_version=\u00bb4.24.3&#8243; _module_preset=\u00bbdefault\u00bb text_font=\u00bbPrata||||||||\u00bb text_font_size=\u00bb1.2rem\u00bb text_line_height=\u00bb1.6em\u00bb header_font=\u00bbPetrona||||||||\u00bb header_text_align=\u00bbcenter\u00bb header_font_size=\u00bb3rem\u00bb header_line_height=\u00bb1.5em\u00bb header_2_font=\u00bbPrata||||||||\u00bb header_2_text_align=\u00bbcenter\u00bb header_2_font_size=\u00bb2rem\u00bb header_2_line_height=\u00bb1.5em\u00bb text_font_size_tablet=\u00bb1.3rem\u00bb text_font_size_phone=\u00bb1.3rem\u00bb text_font_size_last_edited=\u00bbon|phone\u00bb global_colors_info=\u00bb{}\u00bb]<\/p>\n<p>In ancient times, this open-pit mine was one of the main sources of gold in the Roman Empire, being the largest in the entire empire. This surreal landscape was the result of large-scale gold mining by the Romans using a process known as ruina montium, which involved diverting rivers to erode the mountain and expose the gold deposits hidden within. This method radically transformed the topography of the region, leaving behind a landscape of hills covered with vegetation and furrowed by deep reddish scars, which today are one of the most recognisable hallmarks of Las M\u00e9dulas.<br \/>The landscape is an amalgamation of history, geology and natural beauty. The trails that run through the park allow you to enter this unique landscape and discover the remains of ancient Roman mining activity, such as canals, tunnels and shafts, at close quarters. In addition, from several strategically located viewpoints, you can contemplate the grandeur of Las M\u00e9dulas in all its splendour, with breathtaking panoramic views.<\/p>\n<p>[\/et_pb_text][et_pb_image src=\u00bbhttps:\/\/asmiguinasdocebreiro.com\/wp-content\/uploads\/2024\/04\/imagen-las-medulas-2.webp\u00bb alt=\u00bblas m\u00e9dulas\u00bb align=\u00bbcenter\u00bb _builder_version=\u00bb4.24.3&#8243; _module_preset=\u00bbdefault\u00bb global_colors_info=\u00bb{}\u00bb][\/et_pb_image][et_pb_text _builder_version=\u00bb4.24.3&#8243; _module_preset=\u00bbdefault\u00bb text_font=\u00bbPrata||||||||\u00bb text_font_size=\u00bb1.2rem\u00bb text_line_height=\u00bb1.6em\u00bb header_font=\u00bbPetrona||||||||\u00bb header_text_align=\u00bbcenter\u00bb header_font_size=\u00bb3rem\u00bb header_line_height=\u00bb1.5em\u00bb header_2_font=\u00bbPrata||||||||\u00bb header_2_text_align=\u00bbcenter\u00bb header_2_font_size=\u00bb2rem\u00bb header_2_line_height=\u00bb1.5em\u00bb custom_padding=\u00bb||25px|||\u00bb text_font_size_tablet=\u00bb1.3rem\u00bb text_font_size_phone=\u00bb1.3rem\u00bb text_font_size_last_edited=\u00bbon|phone\u00bb global_colors_info=\u00bb{}\u00bb]<\/p>\n<p>For those interested in history, Las M\u00e9dulas is a real archaeological treasure. Traces of Roman mining activity are evident in every corner of the park, and numerous information panels provide details about the gold mining process and life in ancient Rome. In addition, other sites of archaeological interest, such as the ruins of the Roman city of Ponferrada, can be visited in the vicinity of Las M\u00e9dulas, complementing the cultural experience of the visit.<\/p>\n<p>On the other hand, Las M\u00e9dulas is a paradise for nature lovers. The park is home to a great diversity of flora and fauna, with endemic and unique species that have found in this environment an ideal refuge. The chestnut, oak and holm oak forests that surround the reddish hills provide a perfect habitat for a wide variety of birds, mammals and reptiles, making Las M\u00e9dulas an ideal destination for wildlife watching and the enjoyment of outdoor activities such as hiking and cycling. Some of the species that visitors can encounter are the genet, badger, dormouse, tawny owl, tawny owl, sparrowhawk, or wood pigeon, among many other species.<\/p>\n<p>In addition to its cultural and natural value, this fantasy place is also an example of how the collaboration between humans and nature can generate landscapes of extraordinary beauty. Although Roman gold mining had a considerable environmental impact at the time, over the centuries nature has reclaimed this territory, giving rise to a unique landscape that combines human intervention with natural regeneration.<\/p>\n<p>In short, is a must-see destination for anyone looking for authentic experiences and stunning scenery. This cultural and natural treasure offers a window into the region's Roman past and an opportunity to connect with the beauty and biodiversity of nature. With its unique blend of history, geology and ecology, this site captivates the senses and leaves an indelible impression on those who have the privilege to visit.<\/p>\n<p>[\/et_pb_text][\/et_pb_column][\/et_pb_row][\/et_pb_section]<\/p>","protected":false},"excerpt":{"rendered":"<p>Las M\u00e9dulasLas M\u00e9dulas: Tesoro Cultural y Natural de Espa\u00f1a En el coraz\u00f3n de la provincia de Le\u00f3n, en la comunidad aut\u00f3noma de Castilla y Le\u00f3n, a poco m\u00e1s de 50 kil\u00f3metros de Pedrafita, se encuentra un paisaje \u00fanico que parece sacado de un cuento de fantas\u00eda. Las M\u00e9dulas, declaradas Patrimonio de la Humanidad por la [&hellip;]<\/p>","protected":false},"author":1,"featured_media":0,"parent":0,"menu_order":0,"comment_status":"closed","ping_status":"closed","template":"","meta":{"_et_pb_use_builder":"on","_et_pb_old_content":"","_et_gb_content_width":"","footnotes":""},"class_list":["post-536","page","type-page","status-publish","hentry"],"_links":{"self":[{"href":"https:\/\/asmiguinasdocebreiro.com\/en\/wp-json\/wp\/v2\/pages\/536","targetHints":{"allow":["GET"]}}],"collection":[{"href":"https:\/\/asmiguinasdocebreiro.com\/en\/wp-json\/wp\/v2\/pages"}],"about":[{"href":"https:\/\/asmiguinasdocebreiro.com\/en\/wp-json\/wp\/v2\/types\/page"}],"author":[{"embeddable":true,"href":"https:\/\/asmiguinasdocebreiro.com\/en\/wp-json\/wp\/v2\/users\/1"}],"replies":[{"embeddable":true,"href":"https:\/\/asmiguinasdocebreiro.com\/en\/wp-json\/wp\/v2\/comments?post=536"}],"version-history":[{"count":8,"href":"https:\/\/asmiguinasdocebreiro.com\/en\/wp-json\/wp\/v2\/pages\/536\/revisions"}],"predecessor-version":[{"id":558,"href":"https:\/\/asmiguinasdocebreiro.com\/en\/wp-json\/wp\/v2\/pages\/536\/revisions\/558"}],"wp:attachment":[{"href":"https:\/\/asmiguinasdocebreiro.com\/en\/wp-json\/wp\/v2\/media?parent=536"}],"curies":[{"name":"wp","href":"https:\/\/api.w.org\/{rel}","templated":true}]}}