{"id":390,"date":"2023-11-23T18:42:14","date_gmt":"2023-11-23T17:42:14","guid":{"rendered":"https:\/\/asmiguinasdocebreiro.com\/?page_id=390"},"modified":"2024-04-10T12:57:36","modified_gmt":"2024-04-10T10:57:36","slug":"contacto","status":"publish","type":"page","link":"https:\/\/asmiguinasdocebreiro.com\/en\/contacto\/","title":{"rendered":"Contact"},"content":{"rendered":"<p>[et_pb_section fb_built=\u00bb1&#8243; fullwidth=\u00bbon\u00bb _builder_version=\u00bb4.22.2&#8243; _module_preset=\u00bbdefault\u00bb global_colors_info=\u00bb{}\u00bb][et_pb_fullwidth_code _builder_version=\u00bb4.23.1&#8243; _module_preset=\u00bbdefault\u00bb global_colors_info=\u00bb{}\u00bb]<iframe src=\"https:\/\/www.google.com\/maps\/embed?pb=!1m18!1m12!1m3!1d2930.9185990752494!2d-7.0226212239702885!3d42.72661361186514!2m3!1f0!2f0!3f0!3m2!1i1024!2i768!4f13.1!3m3!1m2!1s0xd30f41d7f01be7b%3A0x42f82d95b212a171!2sAs%20Migui%C3%B1as%20do%20Cebreiro!5e0!3m2!1ses!2sus!4v1700764732911!5m2!1ses!2sus\" title=\"Location of As Migui\u00f1as do Cebreiro in Google Maps\" width=\"100%\" height=\"450\" style=\"border:0;\" allowfullscreen=\"\" loading=\"lazy\" referrerpolicy=\"no-referrer-when-downgrade\"><\/iframe>[\/et_pb_fullwidth_code][\/et_pb_section][et_pb_section fb_built=\u00bb1&#8243; _builder_version=\u00bb4.23.1&#8243; _module_preset=\u00bbdefault\u00bb custom_padding=\u00bb5px||39px|||\u00bb global_colors_info=\u00bb{}\u00bb][et_pb_row _builder_version=\u00bb4.23.1&#8243; _module_preset=\u00bbdefault\u00bb custom_padding=\u00bb32px|||||\u00bb global_colors_info=\u00bb{}\u00bb][et_pb_column type=\u00bb4_4&#8243; _builder_version=\u00bb4.23.1&#8243; _module_preset=\u00bbdefault\u00bb global_colors_info=\u00bb{}\u00bb][et_pb_text _builder_version=\u00bb4.23.1&#8243; _module_preset=\u00bbdefault\u00bb text_font_size=\u00bb0.9rem\u00bb text_line_height=\u00bb1.5em\u00bb ul_text_color=\u00bb#5C8049&#8243; ul_font_size=\u00bb0.9rem\u00bb ul_line_height=\u00bb1.7em\u00bb header_font=\u00bbPrata||||||||\u00bb header_font_size=\u00bb3rem\u00bb header_line_height=\u00bb1.5em\u00bb header_2_font=\u00bb|700|||||||\u00bb header_2_font_size=\u00bb1.8rem\u00bb header_2_line_height=\u00bb1.5em\u00bb header_3_font_size=\u00bb1.2rem\u00bb header_3_line_height=\u00bb1.5em\u00bb global_colors_info=\u00bb{}\u00bb]<\/p>\n<h1 style=\"text-align: center;\">Contact<\/h1>\n<p>[\/et_pb_text][et_pb_text _builder_version=\u00bb4.23.1&#8243; _module_preset=\u00bbdefault\u00bb text_font_size=\u00bb0.9rem\u00bb text_line_height=\u00bb1.5em\u00bb ul_text_color=\u00bb#5C8049&#8243; ul_font_size=\u00bb0.9rem\u00bb ul_line_height=\u00bb1.7em\u00bb header_font_size=\u00bb3rem\u00bb header_line_height=\u00bb1.5em\u00bb header_2_font=\u00bbPrata|700|||||||\u00bb header_2_font_size=\u00bb1.8rem\u00bb header_2_line_height=\u00bb1.5em\u00bb header_3_font_size=\u00bb1.2rem\u00bb header_3_line_height=\u00bb1.5em\u00bb custom_margin=\u00bb||32px|||\u00bb global_colors_info=\u00bb{}\u00bb]<\/p>\n<h2 style=\"text-align: center;\">Contact details<\/h2>\n<p>[\/et_pb_text][et_pb_text _builder_version=\u00bb4.24.3&#8243; _module_preset=\u00bb952a15e9-9a95-4efa-af9b-1f589e2373a7&#8243; text_font=\u00bbPrata||||||||\u00bb text_text_color=\u00bb#c70915&#8243; text_orientation=\u00bbcenter\u00bb hover_enabled=\u00bb0&#8243; global_colors_info=\u00bb{}\u00bb header_3_text_color=\u00bb#d9172d\u00bb header_3_font_size=\u00bb1.8rem\u00bb header_3_line_height=\u00bb1.5em\u00bb sticky_enabled=\u00bb0&#8243;]<\/p>\n<h3><span aria-label=\"Call the telephone number 690 67 45 66\">Tlf: 690 67 45 66<\/span><\/h3>\n<p><span aria-label=\"Call the telephone number 690 67 45 66\"><a href=\"mailto:asmiguinasdocebreiro@gmail.com\">asmiguinasdocebreiro@gmail.com<\/a><\/span><\/p>\n<p>[\/et_pb_text][et_pb_social_media_follow _builder_version=\u00bb4.24.3&#8243; _module_preset=\u00bbdefault\u00bb background_color=\u00bbRGBA(255,255,255,0)\u00bb text_orientation=\u00bbcenter\u00bb custom_margin=\u00bb-32px||||false|false\u00bb custom_padding=\u00bb0px||0px||false|false\u00bb hover_enabled=\u00bb0&#8243; global_colors_info=\u00bb{}\u00bb sticky_enabled=\u00bb0&#8243;][et_pb_social_media_follow_network social_network=\u00bbfacebook\u00bb url=\u00bbhttps:\/\/es-es.facebook.com\/people\/As-Migui%C3%B1as-do-Cebreiro\/100068011324513\/\u00bb icon_color=\u00bb#c70915&#8243; use_icon_font_size=\u00bbon\u00bb icon_font_size=\u00bb30px\u00bb _builder_version=\u00bb4.24.3&#8243; _module_preset=\u00bbdefault\u00bb background_enable_color=\u00bboff\u00bb hover_enabled=\u00bb0&#8243; global_colors_info=\u00bb{}\u00bb follow_button=\u00bboff\u00bb url_new_window=\u00bbon\u00bb sticky_enabled=\u00bb0&#8243;]facebook[\/et_pb_social_media_follow_network][et_pb_social_media_follow_network social_network=\u00bbinstagram\u00bb url=\u00bbhttps:\/\/www.instagram.com\/asmiguinasdocebreiro\u00bb icon_color=\u00bb#c70915&#8243; use_icon_font_size=\u00bbon\u00bb icon_font_size=\u00bb30px\u00bb _builder_version=\u00bb4.24.3&#8243; _module_preset=\u00bbdefault\u00bb background_color=\u00bbRGBA(255,255,255,0)\u00bb background_enable_color=\u00bbon\u00bb hover_enabled=\u00bb0&#8243; global_colors_info=\u00bb{}\u00bb follow_button=\u00bboff\u00bb url_new_window=\u00bbon\u00bb sticky_enabled=\u00bb0&#8243;]instagram[\/et_pb_social_media_follow_network][\/et_pb_social_media_follow][et_pb_text _builder_version=\u00bb4.23.1&#8243; _module_preset=\u00bbdefault\u00bb text_font_size=\u00bb0.9rem\u00bb text_line_height=\u00bb1.5em\u00bb ul_text_color=\u00bb#5C8049&#8243; ul_font_size=\u00bb0.9rem\u00bb ul_line_height=\u00bb1.7em\u00bb header_font_size=\u00bb3rem\u00bb header_line_height=\u00bb1.5em\u00bb header_2_font=\u00bbPrata|700|||||||\u00bb header_2_font_size=\u00bb1.8rem\u00bb header_2_line_height=\u00bb1.5em\u00bb header_3_font_size=\u00bb1.2rem\u00bb header_3_line_height=\u00bb1.5em\u00bb global_colors_info=\u00bb{}\u00bb]<\/p>\n<h2 style=\"text-align: center;\">Location<\/h2>\n<p>[\/et_pb_text][et_pb_text _builder_version=\u00bb4.23.1&#8243; _module_preset=\u00bbdefault\u00bb text_font=\u00bbPrata||||||||\u00bb text_font_size=\u00bb1.2rem\u00bb text_line_height=\u00bb1.6em\u00bb ul_text_color=\u00bb#5C8049&#8243; ul_font_size=\u00bb0.9rem\u00bb ul_line_height=\u00bb1.7em\u00bb header_font_size=\u00bb3rem\u00bb header_line_height=\u00bb1.5em\u00bb header_2_font=\u00bb|700|||||||\u00bb header_2_font_size=\u00bb1.8rem\u00bb header_2_line_height=\u00bb1.5em\u00bb header_3_font_size=\u00bb1.2rem\u00bb header_3_line_height=\u00bb1.5em\u00bb global_colors_info=\u00bb{}\u00bb]<\/p>\n<p style=\"text-align: left;\">As Migui\u00f1as do Cebreiro is situated in the municipality of\u00a0<a href=\"http:\/\/es.wikipedia.org\/wiki\/Pedrafita_do_Cebreiro\" target=\"_blank\" rel=\"noopener noreferrer\">Pedrafita do Cebreiro<\/a> (Lugo), here you will feel at home. Piedrafita is a small village that welcomes people entering Galicia through the N-VI that connects MADRID - A CORU\u00d1A, although now you can access more comfortably through the A6 and taking the access or exit Piedrafita del Cebrero, which leaves you in the centre of the village.<\/p>\n<p>Once here you will find all kinds of services:<\/p>\n<ul>\n<li>Health Centre<\/li>\n<li>Pharmacy<\/li>\n<li>Gas station<\/li>\n<li>Restaurants<\/li>\n<li>Bars<\/li>\n<li>Haberdashery<\/li>\n<li>Workshops<\/li>\n<li>Insurance<\/li>\n<li>Post Office<\/li>\n<li>Savings Banks and Bank<\/li>\n<li>Phytosanitary products<\/li>\n<li>Peluquer\u00eda<\/li>\n<li>Tobacco Store<\/li>\n<li>Animal Feed Store<\/li>\n<li>Shop with typical products from Galicia and the area (<strong>O FORNO DO CA\u00d1OTO<\/strong>)<\/li>\n<li>Piscina Municipal<\/li>\n<\/ul>\n<p>Offering everything you need to make your stay here, in As Migui\u00f1as do Cebreiro, the best.<\/p>\n<p>Moreover, our guesthouse is located in a wonderful environment for all the senses.<\/p>\n<p>You can enjoy beautiful views wherever your eyes reach, no matter where you look, you will always find some beautiful scenery, so it is worth enjoying our environment, and of course, repeat.<\/p>\n<p>From this small corner of Spain you can enjoy a multitude of landscapes, monuments, gastronomy, people...<\/p>\n<p>[\/et_pb_text][\/et_pb_column][\/et_pb_row][\/et_pb_section][et_pb_section fb_built=\u00bb1&#8243; _builder_version=\u00bb4.21.0&#8243; _module_preset=\u00bbdefault\u00bb custom_padding=\u00bb0px||2px|||\u00bb global_colors_info=\u00bb{}\u00bb][et_pb_row _builder_version=\u00bb4.21.0&#8243; _module_preset=\u00bbdefault\u00bb custom_padding=\u00bb39px||0px|||\u00bb global_colors_info=\u00bb{}\u00bb][et_pb_column type=\u00bb4_4&#8243; _builder_version=\u00bb4.21.0&#8243; _module_preset=\u00bbdefault\u00bb global_colors_info=\u00bb{}\u00bb][et_pb_text _builder_version=\u00bb4.23.1&#8243; _module_preset=\u00bbdefault\u00bb text_font_size=\u00bb0.9rem\u00bb text_line_height=\u00bb1.5em\u00bb ul_text_color=\u00bb#5C8049&#8243; ul_font_size=\u00bb0.9rem\u00bb ul_line_height=\u00bb1.7em\u00bb header_font_size=\u00bb3rem\u00bb header_line_height=\u00bb1.5em\u00bb header_2_font=\u00bbPrata|700|||||||\u00bb header_2_font_size=\u00bb1.8rem\u00bb header_2_line_height=\u00bb1.5em\u00bb header_3_font_size=\u00bb1.2rem\u00bb header_3_line_height=\u00bb1.5em\u00bb global_colors_info=\u00bb{}\u00bb]<\/p>\n<h2 style=\"text-align: center;\">Contact Form<\/h2>\n<p>[\/et_pb_text][\/et_pb_column][\/et_pb_row][et_pb_row _builder_version=\u00bb4.22.2&#8243; _module_preset=\u00bbdefault\u00bb custom_padding=\u00bb5px|||||\u00bb global_colors_info=\u00bb{}\u00bb][et_pb_column type=\u00bb4_4&#8243; _builder_version=\u00bb4.22.2&#8243; _module_preset=\u00bbdefault\u00bb global_colors_info=\u00bb{}\u00bb][dvppl_cf7_styler cf7=\u00bb389&#8243; form_field_spacing=\u00bb0px\u00bb cf7_success_message_color=\u00bb#5c8049&#8243; cf7_success_border_color=\u00bb#5c8049&#8243; cf7_error_message_color=\u00bb#d9172d\u00bb cf7_error_border_color=\u00bb#d9172d\u00bb _builder_version=\u00bb4.23.1&#8243; _module_preset=\u00bbdefault\u00bb form_field_font_font=\u00bbPrata||||||||\u00bb form_field_font_text_color=\u00bb#000000&#8243; form_field_font_font_size=\u00bb0.9rem\u00bb form_field_font_line_height=\u00bb1.5em\u00bb labels_font=\u00bbPrata||||||||\u00bb placeholder_font=\u00bbPrata||||||||\u00bb custom_submit_button=\u00bbon\u00bb submit_button_bg_color=\u00bb#d9172d\u00bb submit_button_border_color=\u00bb#d9172d\u00bb submit_button_font=\u00bbPrata||||||||\u00bb global_colors_info=\u00bb{}\u00bb][\/dvppl_cf7_styler][et_pb_text _builder_version=\u00bb4.23.1&#8243; _module_preset=\u00bbdefault\u00bb text_font=\u00bbPrata||||||||\u00bb text_font_size=\u00bb0.8rem\u00bb text_line_height=\u00bb1.5em\u00bb global_colors_info=\u00bb{}\u00bb]<\/p>\n<p class=\"font_8\"><strong>Responsible for the file:<\/strong> Guadalupe G\u00f3mez Fern\u00e1ndez<br \/><strong>Purpose:<\/strong> Reception, management and response to queries received through our web form.<br \/><strong>Legitimising basis:<\/strong> Ejecuci\u00f3n de gestiones pre contractuales y env\u00edo de ofertas comerciales de nuestros servicios, seg\u00fan la solicitud y el consentimiento del interesado.<br \/><strong>Cesi\u00f3n de Datos:<\/strong> We will not disclose personal data to third parties without prior consent, unless required to do so by law or at the request of a competent authority.<br \/><strong>Provenance:<\/strong> From the interested party himself, who has at his disposal on our web page our\u00a0<a title=\"Privacy Policy\" role=\"link\" href=\"https:\/\/asmiguinasdocebreiro.es\/politica-de-privacidad\" target=\"_blank\" rel=\"noopener\">Privacy Policy<\/a> de Car\u00e1cter Personal.<br \/><strong>Derechos:<\/strong> El interesado podr\u00e1 ejercer los derechos de acceso, rectificaci\u00f3n o supresi\u00f3n, limitaci\u00f3n, oposici\u00f3n o en su caso la solicitud de portabilidad de sus datos enviando un escrito a la siguiente direcci\u00f3n de correo electr\u00f3nico a\u00a0<a href=\"mailto:asmiguinasdocebreiro@gmail.com\">asmiguinasdocebreiro@gmail.com<\/a><br \/><strong>Automated processing:<\/strong> No decision will be taken solely on the basis of the automated processing of your data.<br \/><strong>Data retention period:<\/strong> Los datos personales recogidos en este formulario de contacto ser\u00e1n conservados el tiempo necesario para cumplir la finalidad de su recogida, aunque tendremos que conservar cierta informaci\u00f3n durante m\u00e1s tiempo si las leyes aplicables as\u00ed lo permiten o lo exigen.<br \/><strong>Claim:<\/strong> The data subject may lodge a complaint with the relevant Data Protection Authority at the following address:\u00a0<a title=\"Agencia Espa\u00f1ola de Protecci\u00f3n de Datos\" role=\"link\" href=\"https:\/\/www.aepd.es\/es\" target=\"_blank\" rel=\"noopener\">www.aepd.es<\/a><\/p>\n<p>[\/et_pb_text][\/et_pb_column][\/et_pb_row][\/et_pb_section]<\/p>","protected":false},"excerpt":{"rendered":"<p>ContactoDatos de contactoTlf: 690 67 45 66 asmiguinasdocebreiro@gmail.comUbicaci\u00f3nAs Migui\u00f1as do Cebreiro se encuentra ubicado en el municipio de\u00a0Pedrafita do Cebreiro (Lugo), aqu\u00ed te vas a encontrar como en casa. Piedrafita es un peque\u00f1o pueblo que recibe a la gente que entra en Galicia por la N-VI que comunica MADRID &#8211; A CORU\u00d1A, aunque ahora acceder\u00e1s [&hellip;]<\/p>","protected":false},"author":1,"featured_media":456,"parent":0,"menu_order":0,"comment_status":"closed","ping_status":"closed","template":"","meta":{"_et_pb_use_builder":"on","_et_pb_old_content":"","_et_gb_content_width":"","footnotes":""},"class_list":["post-390","page","type-page","status-publish","has-post-thumbnail","hentry"],"_links":{"self":[{"href":"https:\/\/asmiguinasdocebreiro.com\/en\/wp-json\/wp\/v2\/pages\/390","targetHints":{"allow":["GET"]}}],"collection":[{"href":"https:\/\/asmiguinasdocebreiro.com\/en\/wp-json\/wp\/v2\/pages"}],"about":[{"href":"https:\/\/asmiguinasdocebreiro.com\/en\/wp-json\/wp\/v2\/types\/page"}],"author":[{"embeddable":true,"href":"https:\/\/asmiguinasdocebreiro.com\/en\/wp-json\/wp\/v2\/users\/1"}],"replies":[{"embeddable":true,"href":"https:\/\/asmiguinasdocebreiro.com\/en\/wp-json\/wp\/v2\/comments?post=390"}],"version-history":[{"count":22,"href":"https:\/\/asmiguinasdocebreiro.com\/en\/wp-json\/wp\/v2\/pages\/390\/revisions"}],"predecessor-version":[{"id":565,"href":"https:\/\/asmiguinasdocebreiro.com\/en\/wp-json\/wp\/v2\/pages\/390\/revisions\/565"}],"wp:featuredmedia":[{"embeddable":true,"href":"https:\/\/asmiguinasdocebreiro.com\/en\/wp-json\/wp\/v2\/media\/456"}],"wp:attachment":[{"href":"https:\/\/asmiguinasdocebreiro.com\/en\/wp-json\/wp\/v2\/media?parent=390"}],"curies":[{"name":"wp","href":"https:\/\/api.w.org\/{rel}","templated":true}]}}