{"id":329,"date":"2023-10-28T20:46:44","date_gmt":"2023-10-28T18:46:44","guid":{"rendered":"https:\/\/asmiguinasdocebreiro.com\/?page_id=329"},"modified":"2024-04-05T22:55:26","modified_gmt":"2024-04-05T20:55:26","slug":"ponferrada","status":"publish","type":"page","link":"https:\/\/asmiguinasdocebreiro.com\/en\/ponferrada\/","title":{"rendered":"Ponferrada"},"content":{"rendered":"<p>[et_pb_section fb_built=\u00bb1&#8243; disabled_on=\u00bbon|on|off\u00bb admin_label=\u00bbCall to Action\u00bb module_id=\u00bbhabitaciones\u00bb _builder_version=\u00bb4.22.2&#8243; _module_preset=\u00bbdefault\u00bb background_image=\u00bbhttps:\/\/asmiguinasdocebreiro.com\/wp-content\/uploads\/2023\/10\/ponferrada.webp\u00bb custom_padding=\u00bb262px||262px||true|false\u00bb collapsed=\u00bbon\u00bb global_colors_info=\u00bb{}\u00bb][\/et_pb_section][et_pb_section fb_built=\u00bb1&#8243; disabled_on=\u00bbon|off|on\u00bb admin_label=\u00bbCall to Action\u00bb module_id=\u00bbhabitaciones\u00bb _builder_version=\u00bb4.22.2&#8243; _module_preset=\u00bbdefault\u00bb background_image=\u00bbhttps:\/\/asmiguinasdocebreiro.com\/wp-content\/uploads\/2023\/10\/ponferrada.webp\u00bb custom_padding=\u00bb169px||169px||true|false\u00bb collapsed=\u00bbon\u00bb global_colors_info=\u00bb{}\u00bb][\/et_pb_section][et_pb_section fb_built=\u00bb1&#8243; disabled_on=\u00bboff|on|on\u00bb admin_label=\u00bbCall to Action\u00bb module_id=\u00bbhabitaciones\u00bb _builder_version=\u00bb4.22.2&#8243; _module_preset=\u00bbdefault\u00bb background_image=\u00bbhttps:\/\/asmiguinasdocebreiro.com\/wp-content\/uploads\/2023\/10\/ponferrada.webp\u00bb custom_padding=\u00bb81px||81px||true|false\u00bb collapsed=\u00bbon\u00bb global_colors_info=\u00bb{}\u00bb][\/et_pb_section][et_pb_section fb_built=\u00bb1&#8243; _builder_version=\u00bb4.22.2&#8243; _module_preset=\u00bbdefault\u00bb custom_padding=\u00bb50px||20px|||\u00bb global_colors_info=\u00bb{}\u00bb][et_pb_row _builder_version=\u00bb4.22.2&#8243; _module_preset=\u00bbdefault\u00bb global_colors_info=\u00bb{}\u00bb custom_padding=\u00bb||32px|||\u00bb][et_pb_column type=\u00bb4_4&#8243; _builder_version=\u00bb4.22.2&#8243; _module_preset=\u00bbdefault\u00bb global_colors_info=\u00bb{}\u00bb][et_pb_text _builder_version=\u00bb4.22.2&#8243; _module_preset=\u00bbdefault\u00bb header_font=\u00bbPrata||||||||\u00bb header_text_align=\u00bbcenter\u00bb header_font_size=\u00bb3rem\u00bb header_line_height=\u00bb1.5em\u00bb header_2_font=\u00bbPrata||||||||\u00bb header_2_text_align=\u00bbcenter\u00bb header_2_font_size=\u00bb3rem\u00bb header_2_line_height=\u00bb1.5em\u00bb global_colors_info=\u00bb{}\u00bb]<\/p>\n<h1><strong>Ponferrada<\/strong><\/h1>\n<p>[\/et_pb_text][\/et_pb_column][\/et_pb_row][et_pb_row _builder_version=\u00bb4.22.2&#8243; _module_preset=\u00bbdefault\u00bb global_colors_info=\u00bb{}\u00bb][et_pb_column type=\u00bb4_4&#8243; _builder_version=\u00bb4.22.2&#8243; _module_preset=\u00bbdefault\u00bb global_colors_info=\u00bb{}\u00bb][et_pb_text _builder_version=\u00bb4.22.2&#8243; _module_preset=\u00bbdefault\u00bb text_font=\u00bbPrata||||||||\u00bb text_font_size=\u00bb1.2rem\u00bb text_line_height=\u00bb1.6em\u00bb header_font=\u00bbPetrona||||||||\u00bb header_text_align=\u00bbcenter\u00bb header_font_size=\u00bb3rem\u00bb header_line_height=\u00bb1.5em\u00bb header_2_font=\u00bbPrata||||||||\u00bb header_2_text_align=\u00bbcenter\u00bb header_2_font_size=\u00bb2rem\u00bb header_2_line_height=\u00bb1.5em\u00bb text_font_size_tablet=\u00bb1.3rem\u00bb text_font_size_phone=\u00bb1.3rem\u00bb text_font_size_last_edited=\u00bbon|phone\u00bb global_colors_info=\u00bb{}\u00bb]<\/p>\n<h2>Ponferrada<\/h2>\n<p><b>Ponferrada<\/b>\u00a0is a municipality and city in Spain, capital of the region of\u00a0<a title=\"Bierzo\" href=\"http:\/\/es.wikipedia.org\/wiki\/El_Bierzo\" target=\"_blank\" rel=\"noopener\">Bierzo<\/a>, the town is located in the province of Le\u00f3n, in the autonomous region of Castilla y Le\u00f3n. It is located at the confluence of the rivers\u00a0<a title=\"Sil\" href=\"http:\/\/es.wikipedia.org\/wiki\/R%C3%ADo_Sil\" target=\"_blank\" rel=\"noopener\">Sil River<\/a>\u00a0and\u00a0<a title=\"R\u00edo Boeza\" href=\"http:\/\/es.wikipedia.org\/wiki\/R%C3%ADo_Boeza\" target=\"_blank\" rel=\"noopener\">Boeza<\/a>. It has a population of 68,121 inhabitants and is the second most important city in the province with a metropolitan area of 88,975 inhabitants.<\/p>\n<p>Although there is evidence of settlement in the Neolithic (on the banks of the Sil), the Iron Age and the Roman period, it is not until the\u00a0<a title=\"11th century\" href=\"http:\/\/es.wikipedia.org\/wiki\/Siglo_XI\" target=\"_blank\" rel=\"noopener\">XI century<\/a>\u00a0when we have documentary evidence. It was at the end of that century when bishop Osmundo de\u00a0<a title=\"Astorga\" href=\"http:\/\/es.wikipedia.org\/wiki\/Astorga\" target=\"_blank\" rel=\"noopener\">Astorga<\/a>\u00a0ordered the construction of a bridge in the year 1082 for pilgrims from the\u00a0<a title=\"Camino de Santiago\" href=\"http:\/\/es.wikipedia.org\/wiki\/Camino_de_Santiago\" target=\"_blank\" rel=\"noopener\">Camino de Santiago<\/a>, the difficulties involved in the passage of the\u00a0<a title=\"Sil\" href=\"http:\/\/es.wikipedia.org\/wiki\/R%C3%ADo_Sil\" target=\"_blank\" rel=\"noopener\">r\u00edo Sil<\/a>\u00a0at the previous pass, at the height of the current district of Compostilla. It was reinforced with iron, and this later gave its name to the town that grew up around it, on the banks of the river.\u00a0<a title=\"Sil (r\u00edo)\" href=\"http:\/\/es.wikipedia.org\/wiki\/Sil_(r%C3%ADo)\" target=\"_blank\" rel=\"noopener\">Sil River<\/a>. Another theory about the name of Ponferrada also comes from Pons Ferrata but with the translation of fortified bridge.<\/p>\n<p>Soon the Church of San Pedro was founded in the year 1086 and around it arose \"La Puebla de San Pedro\", which is what Ponferrada was first called, to be called shortly after.\u00a0<b>Ponte Ferrato<\/b>. It passed through several hands, first it was owned by the\u00a0<a title=\"Orden del Temple\" href=\"http:\/\/es.wikipedia.org\/wiki\/Orden_del_Temple\" target=\"_blank\" rel=\"noopener\">Order of the Temple<\/a>, they were in charge of defending the road.<\/p>\n<p>In 1180 the Leonese king\u00a0<a title=\"Ferdinand II of Le\u00f3n\" href=\"http:\/\/es.wikipedia.org\/wiki\/Fernando_II_de_Le%C3%B3n\" target=\"_blank\" rel=\"noopener\">Ferdinand II of Le\u00f3n<\/a>\u00a0granted the town its first charters. During the 13th and 14th centuries, already walled in, the town began to grow and develop, as peasants, merchants and craftsmen appeared both inside the walls and in the surrounding area, in the shadow of the\u00a0<a title=\"Camino de Santiago\" href=\"http:\/\/es.wikipedia.org\/wiki\/Camino_de_Santiago\" target=\"_blank\" rel=\"noopener\">camino<\/a>\u00a0 and which led to rapid and sustained growth. The wall has four entrance gates: El cristo, Parais\u00edn, Las nieves and Las eras. On the outskirts of the town there is a Jewish community.<\/p>\n<p>When the order disappeared in 1312, they passed through the families of Osorio, or of the\u00a0<a title=\"Count of Lemos\" href=\"http:\/\/es.wikipedia.org\/wiki\/Conde_de_Lemos\" target=\"_blank\" rel=\"noopener\">Count of Lemos<\/a>\u00a0among others, until the\u00a0<a title=\"Catholic Monarchs\" href=\"http:\/\/es.wikipedia.org\/wiki\/Reyes_Cat%C3%B3licos\" target=\"_blank\" rel=\"noopener\">Catholic Monarchs<\/a>\u00a0claimed it as their own, following a dispute between the Count of Lemos and his son in the 16th century, which led to several battles in the castle, and the successive seizure and recovery of the square by each of them. Finally, the Catholic Monarchs decided that the castle and the town were their property, an act that put an end to the skirmishes. From then until the end of the Ancien R\u00e9gime, they proceeded to appoint a corregidor in the town; the first of these was Don Juan de Torres.<\/p>\n<p>In 2008, the centenary of the granting of the title of city to Ponferrada was celebrated, coinciding with the centenary of the coronation of the Virgen de la Encina as patron saint of the region. The granting of the title of city was as follows:<\/p>\n<blockquote>\n<p>On 4 September 1908 the King of Spain\u00a0<a title=\"Alfonso XIII\" href=\"http:\/\/es.wikipedia.org\/wiki\/Alfonso_XIII\" target=\"_blank\" rel=\"noopener\">Alfonso XIII<\/a>\u00a0granted Ponferrada the title of City.<\/p>\n<\/blockquote>\n<p>The then Villa de Ponferrada had made the request because it believed that its prestige, growth and strength deserved the title, and taking advantage of the Coronation of the Virgin of Ponferrada, the Villa de Ponferrada was awarded the title.\u00a0<a title=\"Virgen de La Encina (Ponferrada)\" href=\"http:\/\/es.wikipedia.org\/wiki\/Virgen_de_La_Encina_(Ponferrada)\" target=\"_blank\" rel=\"noopener\">Virgen de la Encina<\/a>\u00a0(which was to be held that same year to coincide with the main festival), the young king took time out of his holidays in San Sebasti\u00e1n to agree to the request.<\/p>\n<p>Two days later, the letter arrived in our city and on 7 September it was published in La Gaceta de Madrid, the former Official State Gazette.<\/p>\n<p>[\/et_pb_text][\/et_pb_column][\/et_pb_row][\/et_pb_section]<\/p>","protected":false},"excerpt":{"rendered":"<p>PonferradaPonferrada Ponferrada\u00a0es un municipio y ciudad de\u00a0Espa\u00f1a, capital de la comarca de\u00a0El Bierzo, en la\u00a0provincia de Le\u00f3n, comunidad aut\u00f3noma de\u00a0Castilla y Le\u00f3n. Est\u00e1 situada en la confluencia de los r\u00edos\u00a0Sil\u00a0y\u00a0Boeza. Tiene una poblaci\u00f3n de 68\u00a0121 habitantes, siendo la segunda ciudad en importancia de la provincia con un\u00a0\u00e1rea metropolitana\u00a0de 88.975 habitantes. Aunque existen indicios de poblamiento [&hellip;]<\/p>","protected":false},"author":1,"featured_media":0,"parent":0,"menu_order":0,"comment_status":"closed","ping_status":"closed","template":"","meta":{"_et_pb_use_builder":"on","_et_pb_old_content":"","_et_gb_content_width":"","footnotes":""},"class_list":["post-329","page","type-page","status-publish","hentry"],"_links":{"self":[{"href":"https:\/\/asmiguinasdocebreiro.com\/en\/wp-json\/wp\/v2\/pages\/329","targetHints":{"allow":["GET"]}}],"collection":[{"href":"https:\/\/asmiguinasdocebreiro.com\/en\/wp-json\/wp\/v2\/pages"}],"about":[{"href":"https:\/\/asmiguinasdocebreiro.com\/en\/wp-json\/wp\/v2\/types\/page"}],"author":[{"embeddable":true,"href":"https:\/\/asmiguinasdocebreiro.com\/en\/wp-json\/wp\/v2\/users\/1"}],"replies":[{"embeddable":true,"href":"https:\/\/asmiguinasdocebreiro.com\/en\/wp-json\/wp\/v2\/comments?post=329"}],"version-history":[{"count":5,"href":"https:\/\/asmiguinasdocebreiro.com\/en\/wp-json\/wp\/v2\/pages\/329\/revisions"}],"predecessor-version":[{"id":509,"href":"https:\/\/asmiguinasdocebreiro.com\/en\/wp-json\/wp\/v2\/pages\/329\/revisions\/509"}],"wp:attachment":[{"href":"https:\/\/asmiguinasdocebreiro.com\/en\/wp-json\/wp\/v2\/media?parent=329"}],"curies":[{"name":"wp","href":"https:\/\/api.w.org\/{rel}","templated":true}]}}