{"id":2,"date":"2023-09-27T16:01:35","date_gmt":"2023-09-27T16:01:35","guid":{"rendered":"https:\/\/asmiguinasdocebreiro.com\/?page_id=2"},"modified":"2025-09-29T13:01:08","modified_gmt":"2025-09-29T11:01:08","slug":"sample-page","status":"publish","type":"page","link":"https:\/\/asmiguinasdocebreiro.com\/en\/","title":{"rendered":"As Migui\u00f1as do Cebreiro"},"content":{"rendered":"<p>[et_pb_section fb_built=\u00bb1&#8243; fullwidth=\u00bbon\u00bb _builder_version=\u00bb4.22.2&#8243; _module_preset=\u00bbdefault\u00bb custom_padding=\u00bb0px||0px||false|false\u00bb global_colors_info=\u00bb{}\u00bb][et_pb_fullwidth_image src=\u00bbhttps:\/\/asmiguinasdocebreiro.com\/wp-content\/uploads\/2023\/09\/hostal-o-cebreiro-58-de-67-scaled.jpg\u00bb alt=\u00bbMigui\u00f1as do Cebreiro\u00bb _builder_version=\u00bb4.22.2&#8243; _module_preset=\u00bbdefault\u00bb width=\u00bb100%\u00bb global_colors_info=\u00bb{}\u00bb][\/et_pb_fullwidth_image][\/et_pb_section][et_pb_section fb_built=\u00bb1&#8243; admin_label=\u00bbAbout\u00bb module_id=\u00bbasmiguinas\u00bb _builder_version=\u00bb4.23.1&#8243; _module_preset=\u00bbdefault\u00bb custom_padding=\u00bb||62px|||\u00bb collapsed=\u00bboff\u00bb global_colors_info=\u00bb{}\u00bb][et_pb_row _builder_version=\u00bb4.21.0&#8243; _module_preset=\u00bbdefault\u00bb global_colors_info=\u00bb{}\u00bb][et_pb_column type=\u00bb4_4&#8243; _builder_version=\u00bb4.21.0&#8243; _module_preset=\u00bbdefault\u00bb global_colors_info=\u00bb{}\u00bb][et_pb_image src=\u00bbhttps:\/\/asmiguinasdocebreiro.com\/wp-content\/uploads\/2023\/10\/logo.png\u00bb align=\u00bbcenter\u00bb _builder_version=\u00bb4.22.2&#8243; _module_preset=\u00bbdefault\u00bb max_width=\u00bb128px\u00bb max_height=\u00bb128px\u00bb global_colors_info=\u00bb{}\u00bb][\/et_pb_image][et_pb_text _builder_version=\u00bb4.22.2&#8243; _module_preset=\u00bbdd70697c-7dc0-48ac-9276-3ca8bd90df75&#8243; header_font=\u00bbPrata||||||||\u00bb header_font_size=\u00bb3rem\u00bb text_orientation=\u00bbcenter\u00bb custom_margin=\u00bb||10px||false|false\u00bb global_colors_info=\u00bb{}\u00bb]<\/p>\n<h1>As Migui\u00f1as<\/h1>\n<p>[\/et_pb_text][et_pb_text _builder_version=\u00bb4.22.2&#8243; _module_preset=\u00bb952a15e9-9a95-4efa-af9b-1f589e2373a7&#8243; text_orientation=\u00bbcenter\u00bb global_colors_info=\u00bb{}\u00bb]<\/p>\n<p><strong>As migui\u00f1as do Cebreiro<\/strong> is a rural guesthouse in Piedrafita (the first one, believe it or not) and so that you can find your way around it is the Casa do Ca\u00f1oto (more than one in the area knows that ... Where are you going, Ca\u00f1oto?). Well, that's how crumbs (migui\u00f1as) is how crumbs so we don't forget the origins and the essence: \"a house that was always full of crumbs\". It is, so to speak, a small dream come true, based on work by the entire Canoto family, everyone has participated and has put their grain of sand and their time so that our small pension is so beautiful and with so much charm and affection...<\/p>\n<p>[\/et_pb_text][et_pb_text _builder_version=\u00bb4.23.1&#8243; _module_preset=\u00bb952a15e9-9a95-4efa-af9b-1f589e2373a7&#8243; text_text_color=\u00bb#c70915&#8243; text_orientation=\u00bbcenter\u00bb global_colors_info=\u00bb{}\u00bb]<\/p>\n<p>Tlf: 690\u00a067\u00a045\u00a066<br \/><a data-dtype=\"d3ph\" data-local-attribute=\"d3ph\" jscontroller=\"LWZElb\" href=\"mailto:asmiguinasdocebreiro@gmail.com\" jsdata=\"QKGTRc;_;BeZiRA\" jsaction=\"rcuQ6b:npT2md;F75qrd\" data-ved=\"2ahUKEwiHmtb7q9WDAxXmaqQEHTuuCwwQkAgoAHoECDkQAg\">asmiguinasdocebreiro@gmail.com<\/a><\/p>\n<p>[\/et_pb_text][et_pb_social_media_follow _builder_version=\u00bb4.23.1&#8243; _module_preset=\u00bbdefault\u00bb text_orientation=\u00bbcenter\u00bb custom_margin=\u00bb-32px||||false|false\u00bb custom_padding=\u00bb0px||0px||false|false\u00bb global_colors_info=\u00bb{}\u00bb][et_pb_social_media_follow_network social_network=\u00bbfacebook\u00bb url=\u00bbhttps:\/\/es-es.facebook.com\/people\/As-Migui%C3%B1as-do-Cebreiro\/100068011324513\/\u00bb icon_color=\u00bb#c70915&#8243; _builder_version=\u00bb4.23.1&#8243; _module_preset=\u00bbdefault\u00bb background_enable_color=\u00bboff\u00bb global_colors_info=\u00bb{}\u00bb follow_button=\u00bboff\u00bb url_new_window=\u00bbon\u00bb]facebook[\/et_pb_social_media_follow_network][et_pb_social_media_follow_network social_network=\u00bbinstagram\u00bb url=\u00bbhttps:\/\/www.instagram.com\/asmiguinasdocebreiro\u00bb icon_color=\u00bb#c70915&#8243; _builder_version=\u00bb4.23.1&#8243; _module_preset=\u00bbdefault\u00bb background_color=\u00bb#FFFFFF\u00bb background_enable_color=\u00bbon\u00bb global_colors_info=\u00bb{}\u00bb follow_button=\u00bboff\u00bb url_new_window=\u00bbon\u00bb]instagram[\/et_pb_social_media_follow_network][\/et_pb_social_media_follow][\/et_pb_column][\/et_pb_row][\/et_pb_section][et_pb_section fb_built=\u00bb1&#8243; admin_label=\u00bbCall to Action\u00bb module_id=\u00bbhabitaciones\u00bb _builder_version=\u00bb4.22.2&#8243; _module_preset=\u00bbdefault\u00bb background_image=\u00bbhttps:\/\/asmiguinasdocebreiro.com\/wp-content\/uploads\/2023\/09\/hostal-o-cebreiro-5-de-67-scaled.jpg\u00bb parallax=\u00bbon\u00bb parallax_method=\u00bboff\u00bb custom_padding=\u00bb255px||255px||true|false\u00bb collapsed=\u00bboff\u00bb global_colors_info=\u00bb{}\u00bb][et_pb_row _builder_version=\u00bb4.22.2&#8243; _module_preset=\u00bbdefault\u00bb global_colors_info=\u00bb{}\u00bb][et_pb_column type=\u00bb4_4&#8243; _builder_version=\u00bb4.22.2&#8243; _module_preset=\u00bbdefault\u00bb global_colors_info=\u00bb{}\u00bb][et_pb_text _builder_version=\u00bb4.23.1&#8243; _module_preset=\u00bbdefault\u00bb header_font=\u00bbPetrona||||||||\u00bb header_text_align=\u00bbcenter\u00bb header_font_size=\u00bb3rem\u00bb header_line_height=\u00bb1.5em\u00bb header_2_font=\u00bbPrata||||||||\u00bb header_2_text_align=\u00bbcenter\u00bb header_2_font_size=\u00bb3rem\u00bb header_2_line_height=\u00bb1.5em\u00bb global_colors_info=\u00bb{}\u00bb]<\/p>\n<h2><strong>Rooms<\/strong><\/h2>\n<p>[\/et_pb_text][\/et_pb_column][\/et_pb_row][\/et_pb_section][et_pb_section fb_built=\u00bb1&#8243; _builder_version=\u00bb4.22.2&#8243; _module_preset=\u00bbdefault\u00bb global_colors_info=\u00bb{}\u00bb][et_pb_row column_structure=\u00bb1_5,1_5,1_5,1_5,1_5&#8243; use_custom_gutter=\u00bbon\u00bb gutter_width=\u00bb2&#8243; make_equal=\u00bbon\u00bb _builder_version=\u00bb4.22.2&#8243; _module_preset=\u00bbdefault\u00bb global_colors_info=\u00bb{}\u00bb][et_pb_column type=\u00bb1_5&#8243; _builder_version=\u00bb4.22.2&#8243; _module_preset=\u00bbdefault\u00bb global_colors_info=\u00bb{}\u00bb][et_pb_image src=\u00bbhttps:\/\/asmiguinasdocebreiro.com\/wp-content\/uploads\/2023\/10\/habitacion2.webp\u00bb url=\u00bb@ET-DC@eyJkeW5hbWljIjp0cnVlLCJjb250ZW50IjoicG9zdF9saW5rX3VybF9wYWdlIiwic2V0dGluZ3MiOnsicG9zdF9pZCI6IjEwMyJ9fQ==@\u00bb align=\u00bbcenter\u00bb force_fullwidth=\u00bbon\u00bb _builder_version=\u00bb4.22.2&#8243; _dynamic_attributes=\u00bburl\u00bb _module_preset=\u00bbdefault\u00bb custom_padding=\u00bb0px||||false|false\u00bb border_radii=\u00bbon|50px|50px|50px|50px\u00bb global_colors_info=\u00bb{}\u00bb][\/et_pb_image][et_pb_text _builder_version=\u00bb4.24.3&#8243; _module_preset=\u00bb952a15e9-9a95-4efa-af9b-1f589e2373a7&#8243; text_font=\u00bbPrata||||||||\u00bb text_orientation=\u00bbcenter\u00bb global_colors_info=\u00bb{}\u00bb]<\/p>\n<p><b>Habitaci\u00f3n 2<br \/>Superior<\/b><\/p>\n<p>[\/et_pb_text][\/et_pb_column][et_pb_column type=\u00bb1_5&#8243; _builder_version=\u00bb4.22.2&#8243; _module_preset=\u00bbdefault\u00bb global_colors_info=\u00bb{}\u00bb][et_pb_image src=\u00bbhttps:\/\/asmiguinasdocebreiro.com\/wp-content\/uploads\/2023\/10\/habitacion3.webp\u00bb url=\u00bb@ET-DC@eyJkeW5hbWljIjp0cnVlLCJjb250ZW50IjoicG9zdF9saW5rX3VybF9wYWdlIiwic2V0dGluZ3MiOnsicG9zdF9pZCI6IjE2MyJ9fQ==@\u00bb align=\u00bbcenter\u00bb force_fullwidth=\u00bbon\u00bb _builder_version=\u00bb4.22.2&#8243; _dynamic_attributes=\u00bburl\u00bb _module_preset=\u00bbdefault\u00bb custom_padding=\u00bb0px||||false|false\u00bb border_radii=\u00bbon|50px|50px|50px|50px\u00bb global_colors_info=\u00bb{}\u00bb][\/et_pb_image][et_pb_text _builder_version=\u00bb4.24.3&#8243; _module_preset=\u00bb952a15e9-9a95-4efa-af9b-1f589e2373a7&#8243; text_font=\u00bbPrata||||||||\u00bb text_orientation=\u00bbcenter\u00bb global_colors_info=\u00bb{}\u00bb]<\/p>\n<p><b>Habitaci\u00f3n 3<br \/>Suite<\/b><\/p>\n<p>[\/et_pb_text][\/et_pb_column][et_pb_column type=\u00bb1_5&#8243; _builder_version=\u00bb4.22.2&#8243; _module_preset=\u00bbdefault\u00bb global_colors_info=\u00bb{}\u00bb][et_pb_image src=\u00bbhttps:\/\/asmiguinasdocebreiro.com\/wp-content\/uploads\/2023\/09\/hostal-o-cebreiro-9-de-67-scaled.jpg\u00bb url=\u00bb@ET-DC@eyJkeW5hbWljIjp0cnVlLCJjb250ZW50IjoicG9zdF9saW5rX3VybF9wYWdlIiwic2V0dGluZ3MiOnsicG9zdF9pZCI6IjE4MCJ9fQ==@\u00bb align=\u00bbcenter\u00bb force_fullwidth=\u00bbon\u00bb _builder_version=\u00bb4.22.2&#8243; _dynamic_attributes=\u00bburl\u00bb _module_preset=\u00bbdefault\u00bb custom_padding=\u00bb0px||||false|false\u00bb border_radii=\u00bbon|50px|50px|50px|50px\u00bb global_colors_info=\u00bb{}\u00bb][\/et_pb_image][et_pb_text _builder_version=\u00bb4.24.3&#8243; _module_preset=\u00bb952a15e9-9a95-4efa-af9b-1f589e2373a7&#8243; text_font=\u00bbPrata||||||||\u00bb text_orientation=\u00bbcenter\u00bb global_colors_info=\u00bb{}\u00bb]<\/p>\n<p><b>Habitaci\u00f3n 4<br \/>Matrimonio<\/b><\/p>\n<p>[\/et_pb_text][\/et_pb_column][et_pb_column type=\u00bb1_5&#8243; _builder_version=\u00bb4.22.2&#8243; _module_preset=\u00bbdefault\u00bb global_colors_info=\u00bb{}\u00bb][et_pb_image src=\u00bbhttps:\/\/asmiguinasdocebreiro.com\/wp-content\/uploads\/2023\/10\/habitacion15.jpg\u00bb url=\u00bb@ET-DC@eyJkeW5hbWljIjp0cnVlLCJjb250ZW50IjoicG9zdF9saW5rX3VybF9wYWdlIiwic2V0dGluZ3MiOnsicG9zdF9pZCI6IjE5NSJ9fQ==@\u00bb align=\u00bbcenter\u00bb force_fullwidth=\u00bbon\u00bb _builder_version=\u00bb4.22.2&#8243; _dynamic_attributes=\u00bburl\u00bb _module_preset=\u00bbdefault\u00bb custom_padding=\u00bb0px||||false|false\u00bb border_radii=\u00bbon|50px|50px|50px|50px\u00bb global_colors_info=\u00bb{}\u00bb][\/et_pb_image][et_pb_text _builder_version=\u00bb4.24.3&#8243; _module_preset=\u00bb952a15e9-9a95-4efa-af9b-1f589e2373a7&#8243; text_font=\u00bbPrata||||||||\u00bb text_orientation=\u00bbcenter\u00bb global_colors_info=\u00bb{}\u00bb]<\/p>\n<p><b>Room 15<br \/>Est\u00e1ndar<\/b><\/p>\n<p>[\/et_pb_text][\/et_pb_column][et_pb_column type=\u00bb1_5&#8243; _builder_version=\u00bb4.22.2&#8243; _module_preset=\u00bbdefault\u00bb global_colors_info=\u00bb{}\u00bb][et_pb_image src=\u00bbhttps:\/\/asmiguinasdocebreiro.com\/wp-content\/uploads\/2023\/10\/habitacion16.webp\u00bb url=\u00bb@ET-DC@eyJkeW5hbWljIjp0cnVlLCJjb250ZW50IjoicG9zdF9saW5rX3VybF9wYWdlIiwic2V0dGluZ3MiOnsicG9zdF9pZCI6IjIwOCJ9fQ==@\u00bb align=\u00bbcenter\u00bb force_fullwidth=\u00bbon\u00bb _builder_version=\u00bb4.22.2&#8243; _dynamic_attributes=\u00bburl\u00bb _module_preset=\u00bbdefault\u00bb custom_padding=\u00bb0px||||false|false\u00bb border_radii=\u00bbon|50px|50px|50px|50px\u00bb global_colors_info=\u00bb{}\u00bb][\/et_pb_image][et_pb_text _builder_version=\u00bb4.24.3&#8243; _module_preset=\u00bb952a15e9-9a95-4efa-af9b-1f589e2373a7&#8243; text_font=\u00bbPrata||||||||\u00bb text_orientation=\u00bbcenter\u00bb global_colors_info=\u00bb{}\u00bb]<\/p>\n<p><b>Habitaci\u00f3n 16<br \/>Familiar<\/b><\/p>\n<p>[\/et_pb_text][\/et_pb_column][\/et_pb_row][\/et_pb_section][et_pb_section fb_built=\u00bb1&#8243; _builder_version=\u00bb4.22.2&#8243; _module_preset=\u00bbdefault\u00bb background_image=\u00bbhttps:\/\/asmiguinasdocebreiro.com\/wp-content\/uploads\/2023\/10\/hostal-o-cebreiro-67-de-67.jpg\u00bb parallax=\u00bbon\u00bb parallax_method=\u00bboff\u00bb custom_padding=\u00bb330px||330px||true|false\u00bb global_colors_info=\u00bb{}\u00bb][et_pb_row _builder_version=\u00bb4.22.2&#8243; _module_preset=\u00bbdefault\u00bb global_colors_info=\u00bb{}\u00bb][et_pb_column type=\u00bb4_4&#8243; _builder_version=\u00bb4.22.2&#8243; _module_preset=\u00bbdefault\u00bb global_colors_info=\u00bb{}\u00bb][\/et_pb_column][\/et_pb_row][\/et_pb_section][et_pb_section fb_built=\u00bb1&#8243; admin_label=\u00bbTestimonials\u00bb _builder_version=\u00bb4.21.0&#8243; _module_preset=\u00bbdefault\u00bb saved_tabs=\u00bball\u00bb collapsed=\u00bbon\u00bb global_colors_info=\u00bb{}\u00bb][et_pb_row _builder_version=\u00bb4.21.0&#8243; _module_preset=\u00bbdefault\u00bb global_colors_info=\u00bb{}\u00bb][et_pb_column type=\u00bb4_4&#8243; _builder_version=\u00bb4.21.0&#8243; _module_preset=\u00bbdefault\u00bb global_colors_info=\u00bb{}\u00bb][et_pb_text _builder_version=\u00bb4.22.2&#8243; _module_preset=\u00bbdd70697c-7dc0-48ac-9276-3ca8bd90df75&#8243; header_2_font_size=\u00bb3rem\u00bb header_2_line_height=\u00bb1.5em\u00bb text_orientation=\u00bbcenter\u00bb global_colors_info=\u00bb{}\u00bb]<\/p>\n<h2>Reviews<\/h2>\n<p>[\/et_pb_text][et_pb_slider show_pagination=\u00bboff\u00bb _builder_version=\u00bb4.22.2&#8243; _module_preset=\u00bb9720fe35-e9bc-4f8b-80dd-1a29b913fb32&#8243; body_font_size=\u00bb1.3rem\u00bb custom_padding=\u00bb0px||0px||false|false\u00bb locked=\u00bboff\u00bb global_colors_info=\u00bb{%22gcid-d056ff0b-a85f-45b3-bb11-a75debfb13bf%22:%91%22header_text_color%22,%22arrows_custom_color%22,%22dot_nav_custom_color%22%93,%22gcid-9d98294c-d1ae-4311-865c-0d2bedb19256%22:%91%22body_text_color%22%93}\u00bb][et_pb_slide heading=\u00bbShEiLa Np\u00bb _builder_version=\u00bb4.22.2&#8243; _module_preset=\u00bbdefault\u00bb header_level=\u00bbh3&#8243; header_font_size=\u00bb1.5rem\u00bb header_line_height=\u00bb1.5em\u00bb body_font_size=\u00bb1.2rem\u00bb body_line_height=\u00bb1.5em\u00bb locked=\u00bboff\u00bb global_colors_info=\u00bb{}\u00bb sticky_transition=\u00bbon\u00bb]<\/p>\n<p><span>First accommodation on our Camino to Santiago. We loved the location, the accommodation and the friendliness and closeness of its owner, who made us feel at home. We will definitely be back and recommend to our friends and family.<\/span><\/p>\n<p><span>Rooms: It was like a small apartment. Very cozy and with a beautiful hall and bathroom.<\/span><\/p>\n<p>&nbsp;<\/p>\n<p>[\/et_pb_slide][et_pb_slide heading=\u00bbR VG\u00bb _builder_version=\u00bb4.22.2&#8243; _module_preset=\u00bbdefault\u00bb header_level=\u00bbh3&#8243; header_font_size=\u00bb1.5rem\u00bb header_line_height=\u00bb1.5em\u00bb body_font_size=\u00bb1.2rem\u00bb body_line_height=\u00bb1.5em\u00bb locked=\u00bboff\u00bb global_colors_info=\u00bb{}\u00bb sticky_transition=\u00bbon\u00bb]<\/p>\n<p><span>On the 5th and 21st of each month they hold an octopus fair in the village, to try it! The room was large, with a living room and a balcony. It also has a kitchen to share between guests, clean. A 10! \u2764\ufe0f<\/span><\/p>\n<p><span>Nearby activities: Climb to Cebreiro, spectacular!<\/span><\/p>\n<p>[\/et_pb_slide][et_pb_slide heading=\u00bbGonzalo Su\u00e1rez\u00bb _builder_version=\u00bb4.22.2&#8243; _module_preset=\u00bbdefault\u00bb header_level=\u00bbh3&#8243; header_font_size=\u00bb1.5rem\u00bb header_line_height=\u00bb1.5em\u00bb body_font_size=\u00bb1.2rem\u00bb body_line_height=\u00bb1.5em\u00bb locked=\u00bboff\u00bb global_colors_info=\u00bb{}\u00bb sticky_transition=\u00bbon\u00bb]<\/p>\n<p><span>If I say that your hostess and your house are the best that one can find on the Camino, I am not far off the mark. The best Rural House we have ever been in, an exquisite decoration, super cozy, you feel at home, and an unbeatable treatment, concerned that everything is fine at all times. A wonderful experience. It has a very good breakfast. I recommend it, it's well worth going. A Must of the Way.<\/span><\/p>\n<p>[\/et_pb_slide][\/et_pb_slider][\/et_pb_column][\/et_pb_row][\/et_pb_section]<\/p>","protected":false},"excerpt":{"rendered":"<p>As Migui\u00f1asAs migui\u00f1as do Cebreiro es una pensi\u00f3n rural en Piedrafita (la primera, aunque parezca mentira) y para que os podais situar es la casa do Ca\u00f1oto (mas de uno en la zona sabe aquello de \u2026 a donde vas Ca\u00f1oto?). Pues eso as migui\u00f1as es as migui\u00f1as para no olvidarnos de los or\u00edgenes y [&hellip;]<\/p>","protected":false},"author":1,"featured_media":0,"parent":0,"menu_order":0,"comment_status":"closed","ping_status":"open","template":"","meta":{"_et_pb_use_builder":"on","_et_pb_old_content":"<!-- wp:paragraph -->\r\n<p>This is an example page. It's different from a blog post because it will stay in one place and will show up in your site navigation (in most themes). Most people start with an About page that introduces them to potential site visitors. It might say something like this:<\/p>\r\n<!-- \/wp:paragraph -->\r\n\r\n<!-- wp:quote -->\r\n<blockquote class=\"wp-block-quote\"><p>Hi there! I'm a bike messenger by day, aspiring actor by night, and this is my website. I live in Los Angeles, have a great dog named Jack, and I like pi\u00f1a coladas. (And gettin' caught in the rain.)<\/p><\/blockquote>\r\n<!-- \/wp:quote -->\r\n\r\n<!-- wp:paragraph -->\r\n<p>...or something like this:<\/p>\r\n<!-- \/wp:paragraph -->\r\n\r\n<!-- wp:quote -->\r\n<blockquote class=\"wp-block-quote\"><p>The XYZ Doohickey Company was founded in 1971, and has been providing quality doohickeys to the public ever since. Located in Gotham City, XYZ employs over 2,000 people and does all kinds of awesome things for the Gotham community.<\/p><\/blockquote>\r\n<!-- \/wp:quote -->\r\n\r\n<!-- wp:paragraph -->\r\n<p>As a new WordPress user, you should go to <a href=\"https:\/\/asmiguinasdocebreiro.com\/wp-admin\/\">your dashboard<\/a> to delete this page and create new pages for your content. Have fun!<\/p>\r\n<!-- \/wp:paragraph -->","_et_gb_content_width":"","footnotes":""},"class_list":["post-2","page","type-page","status-publish","hentry"],"_links":{"self":[{"href":"https:\/\/asmiguinasdocebreiro.com\/en\/wp-json\/wp\/v2\/pages\/2","targetHints":{"allow":["GET"]}}],"collection":[{"href":"https:\/\/asmiguinasdocebreiro.com\/en\/wp-json\/wp\/v2\/pages"}],"about":[{"href":"https:\/\/asmiguinasdocebreiro.com\/en\/wp-json\/wp\/v2\/types\/page"}],"author":[{"embeddable":true,"href":"https:\/\/asmiguinasdocebreiro.com\/en\/wp-json\/wp\/v2\/users\/1"}],"replies":[{"embeddable":true,"href":"https:\/\/asmiguinasdocebreiro.com\/en\/wp-json\/wp\/v2\/comments?post=2"}],"version-history":[{"count":17,"href":"https:\/\/asmiguinasdocebreiro.com\/en\/wp-json\/wp\/v2\/pages\/2\/revisions"}],"predecessor-version":[{"id":642,"href":"https:\/\/asmiguinasdocebreiro.com\/en\/wp-json\/wp\/v2\/pages\/2\/revisions\/642"}],"wp:attachment":[{"href":"https:\/\/asmiguinasdocebreiro.com\/en\/wp-json\/wp\/v2\/media?parent=2"}],"curies":[{"name":"wp","href":"https:\/\/api.w.org\/{rel}","templated":true}]}}